{"id":14389,"date":"2025-10-08T14:08:14","date_gmt":"2025-10-08T14:08:14","guid":{"rendered":"http:\/\/hexexist.com\/product\/prespa\/"},"modified":"2025-10-14T18:16:48","modified_gmt":"2025-10-14T18:16:48","slug":"prespa","status":"publish","type":"product","link":"https:\/\/hexexist.com\/tr\/urun\/prespa\/","title":{"rendered":"Prespa"},"content":{"rendered":"\n<p>Prespa, yeni nesil \u00e7ok ama\u00e7l\u0131 bir WordPress temas\u0131d\u0131r. Bir blog, portf\u00f6y web sitesi, dijital ajans, pazarlama, seo, dan\u0131\u015fmanl\u0131k, sass uygulama web sitesi, e-ticaret ma\u011fazas\u0131n\u0131n yan\u0131 s\u0131ra her t\u00fcrl\u00fc kurumsal, finans ve ajans web sitesi i\u00e7in m\u00fckemmeldir. Bu c\u00f6mert teman\u0131n ne kadar \u00e7ok se\u00e7enek sundu\u011funa \u015fa\u015f\u0131racaks\u0131n\u0131z. Ayn\u0131 zamanda, temay\u0131 h\u0131z i\u00e7in optimize etmek i\u00e7in ciddi bir \u00e7aba sarf edilmi\u015ftir. Sizi yava\u015flatacak Jquery, Bootstrap, Font Awesome veya ba\u015fka herhangi bir \u00fc\u00e7\u00fcnc\u00fc taraf k\u00fct\u00fcphanesi yok &#8211; yaln\u0131zca temel WordPress i\u015flevlerini ve temiz html5\/css3 tempates kullan\u0131yor. G\u00fczel blok desenlerimizle dakikalar i\u00e7inde ba\u015flayabileceksiniz. Kodlama becerisine gerek yok. Temay\u0131 SEO i\u00e7in optimize etmek i\u00e7in \u00e7ok zaman ve \u00e7aba harcand\u0131 ve arama sonu\u00e7lar\u0131nda daha \u00fcst s\u0131ralarda yer alman\u0131za yard\u0131mc\u0131 olmak i\u00e7in Schema.org i\u015faretlemesini (mikro veri) kullan\u0131yor. Tema son derece \u00f6zelle\u015ftirilebilir ve herhangi bir tasar\u0131ma uyarlanmas\u0131 kolayd\u0131r. T\u00fcm tema demolar\u0131 Gutenberg edit\u00f6r\u00fc ile yap\u0131lm\u0131\u015ft\u0131r, bu da temay\u0131 kullanmak i\u00e7in herhangi bir ek eklenti y\u00fcklemeniz gerekmedi\u011fi anlam\u0131na gelir. Tema ayn\u0131 zamanda eski g\u00fczel Klasik edit\u00f6r\u00fc de tamamen destekliyor. WooCommerce gibi t\u00fcm pop\u00fcler WordPress eklentileriyle zahmetsiz entegrasyonlar da tamamen garantilidir. Tema, i\u00e7eri\u011finizi kalabal\u0131\u011f\u0131n aras\u0131ndan s\u0131y\u0131rmak i\u00e7in \u00f6zel olarak tasarlanm\u0131\u015ft\u0131r ve UX\/UI a\u00e7\u0131s\u0131ndan \u00e7ok iyi d\u00fc\u015f\u00fcn\u00fclm\u00fc\u015ft\u00fcr. Tek bir t\u0131klamayla g\u00fcnd\u00fcz ve gece modu (ayd\u0131nl\u0131k ve karanl\u0131k mod) aras\u0131nda ge\u00e7i\u015f yapmalar\u0131n\u0131 sa\u011flayarak ziyaret\u00e7ilerinizin g\u00f6zlerini koruyun. Oh, ve t\u0131pk\u0131 di\u011fer temalar\u0131m\u0131zda oldu\u011fu gibi, g\u00fcncellemeler gelmeye devam edecek, kod taban\u0131n\u0131 s\u00fcrekli geli\u015ftirecek ve modern web standartlar\u0131na g\u00f6re g\u00fcncel tutacak. Hala ikna olmad\u0131n\u0131z m\u0131?               <\/p>\n","protected":false},"excerpt":{"rendered":"<p>Prespa, yeni nesil \u00e7ok ama\u00e7l\u0131 bir WordPress temas\u0131d\u0131r. Bir blog, portf\u00f6y web sitesi, dijital ajans, pazarlama, seo, dan\u0131\u015fmanl\u0131k, sass uygulama web sitesi, e-ticaret ma\u011fazas\u0131n\u0131n yan\u0131 s\u0131ra her t\u00fcrl\u00fc kurumsal, finans ve ajans web sitesi i\u00e7in m\u00fckemmeldir. Bu c\u00f6mert teman\u0131n ne kadar \u00e7ok se\u00e7enek sundu\u011funa \u015fa\u015f\u0131racaks\u0131n\u0131z. Ayn\u0131 zamanda, temay\u0131 h\u0131z i\u00e7in optimize etmek i\u00e7in ciddi bir [&hellip;]<\/p>\n","protected":false},"featured_media":12795,"comment_status":"open","ping_status":"closed","template":"","meta":[],"product_brand":[],"product_cat":[1415,1416],"product_tag":[2645,2651,1575,2652,2648,2647,2765,2747,2110,2649,2761,2760,2644,2758,2653,2643,2753,2750,2646,2650,2748,2709,2764,2755],"class_list":{"0":"post-14389","1":"product","2":"type-product","3":"status-publish","4":"has-post-thumbnail","6":"product_cat-temalar","7":"product_cat-wordpress-tr","8":"product_tag-altbilgi-widgetlari","9":"product_tag-bir-sutun","10":"product_tag-blog-tr","11":"product_tag-blok-duzenleyici-kaliplari","12":"product_tag-ceviri-hazir","13":"product_tag-disli-yorumlar","14":"product_tag-dort-sutun","15":"product_tag-e-ticaret-tr","16":"product_tag-haberler","17":"product_tag-iki-sutun","18":"product_tag-izgara-duzeni","19":"product_tag-one-cikan-gorsel-basligi","20":"product_tag-one-cikan-gorseller","21":"product_tag-ozel-baslik","22":"product_tag-ozel-logo","23":"product_tag-ozel-menu","24":"product_tag-ozel-renkler","25":"product_tag-rtl-dil-destegi","26":"product_tag-sag-kenar-cubugu","27":"product_tag-sol-kenar-cubugu","28":"product_tag-tam-genislikte-sablon","29":"product_tag-tema-secenekleri","30":"product_tag-uc-sutun","31":"product_tag-yapiskan-gonderi","33":"first","34":"instock","35":"featured","36":"downloadable","37":"virtual","38":"product-type-simple"},"_links":{"self":[{"href":"https:\/\/hexexist.com\/tr\/wp-json\/wp\/v2\/product\/14389","targetHints":{"allow":["GET"]}}],"collection":[{"href":"https:\/\/hexexist.com\/tr\/wp-json\/wp\/v2\/product"}],"about":[{"href":"https:\/\/hexexist.com\/tr\/wp-json\/wp\/v2\/types\/product"}],"replies":[{"embeddable":true,"href":"https:\/\/hexexist.com\/tr\/wp-json\/wp\/v2\/comments?post=14389"}],"wp:featuredmedia":[{"embeddable":true,"href":"https:\/\/hexexist.com\/tr\/wp-json\/wp\/v2\/media\/12795"}],"wp:attachment":[{"href":"https:\/\/hexexist.com\/tr\/wp-json\/wp\/v2\/media?parent=14389"}],"wp:term":[{"taxonomy":"product_brand","embeddable":true,"href":"https:\/\/hexexist.com\/tr\/wp-json\/wp\/v2\/product_brand?post=14389"},{"taxonomy":"product_cat","embeddable":true,"href":"https:\/\/hexexist.com\/tr\/wp-json\/wp\/v2\/product_cat?post=14389"},{"taxonomy":"product_tag","embeddable":true,"href":"https:\/\/hexexist.com\/tr\/wp-json\/wp\/v2\/product_tag?post=14389"}],"curies":[{"name":"wp","href":"https:\/\/api.w.org\/{rel}","templated":true}]}}