{"id":14390,"date":"2025-10-08T14:08:11","date_gmt":"2025-10-08T14:08:11","guid":{"rendered":"http:\/\/hexexist.com\/product\/botiga\/"},"modified":"2025-10-14T18:16:48","modified_gmt":"2025-10-14T18:16:48","slug":"botiga","status":"publish","type":"product","link":"https:\/\/hexexist.com\/tr\/urun\/botiga\/","title":{"rendered":"Botiga"},"content":{"rendered":"\n<p>Botiga ile ma\u011fazan\u0131z\u0131 a\u00e7\u0131n. Hem blok edit\u00f6r\u00fc hem de Elementor i\u00e7in optimize edilmi\u015f g\u00fczel bir tema. Markan\u0131zla zahmetsizce e\u015fle\u015fecek modern ve temiz bir tasar\u0131ma sahip Botiga&#8217;y\u0131 gururla sunuyoruz. Botiga, optimum performans i\u00e7in s\u0131f\u0131rdan temiz kodlarla geli\u015ftirilmi\u015ftir. Her cihazda harika g\u00f6r\u00fcnen ve \u00e7al\u0131\u015fan, mobil cihazlar i\u00e7in optimize edilmi\u015f bir temaya sahip olacaks\u0131n\u0131z ve bir\u00e7ok \u00f6zelle\u015ftirme se\u00e7ene\u011fiyle birlikte gelecek. Online i\u015finizi d\u00f6n\u00fc\u015ft\u00fcrecek temay\u0131 ke\u015ffedin.     <\/p>\n","protected":false},"excerpt":{"rendered":"<p>Botiga ile ma\u011fazan\u0131z\u0131 a\u00e7\u0131n. Hem blok edit\u00f6r\u00fc hem de Elementor i\u00e7in optimize edilmi\u015f g\u00fczel bir tema. Markan\u0131zla zahmetsizce e\u015fle\u015fecek modern ve temiz bir tasar\u0131ma sahip Botiga&#8217;y\u0131 gururla sunuyoruz. Botiga, optimum performans i\u00e7in s\u0131f\u0131rdan temiz kodlarla geli\u015ftirilmi\u015ftir. Her cihazda harika g\u00f6r\u00fcnen ve \u00e7al\u0131\u015fan, mobil cihazlar i\u00e7in optimize edilmi\u015f bir temaya sahip olacaks\u0131n\u0131z ve bir\u00e7ok \u00f6zelle\u015ftirme se\u00e7ene\u011fiyle [&hellip;]<\/p>\n","protected":false},"featured_media":12790,"comment_status":"open","ping_status":"closed","template":"","meta":[],"product_brand":[],"product_cat":[1415,1416],"product_tag":[2645,2651,1575,2648,2647,2747,2754,2649,2761,2644,2642,2758,2653,2643,2753,2749,2750,2646,2650,2709],"class_list":{"0":"post-14390","1":"product","2":"type-product","3":"status-publish","4":"has-post-thumbnail","6":"product_cat-temalar","7":"product_cat-wordpress-tr","8":"product_tag-altbilgi-widgetlari","9":"product_tag-bir-sutun","10":"product_tag-blog-tr","11":"product_tag-ceviri-hazir","12":"product_tag-disli-yorumlar","13":"product_tag-e-ticaret-tr","14":"product_tag-editor-stili","15":"product_tag-iki-sutun","16":"product_tag-izgara-duzeni","17":"product_tag-one-cikan-gorseller","18":"product_tag-ozel-arka-plan","19":"product_tag-ozel-baslik","20":"product_tag-ozel-logo","21":"product_tag-ozel-menu","22":"product_tag-ozel-renkler","23":"product_tag-post-formatlari","24":"product_tag-rtl-dil-destegi","25":"product_tag-sag-kenar-cubugu","26":"product_tag-sol-kenar-cubugu","27":"product_tag-tema-secenekleri","29":"first","30":"instock","31":"downloadable","32":"virtual","33":"product-type-simple"},"_links":{"self":[{"href":"https:\/\/hexexist.com\/tr\/wp-json\/wp\/v2\/product\/14390","targetHints":{"allow":["GET"]}}],"collection":[{"href":"https:\/\/hexexist.com\/tr\/wp-json\/wp\/v2\/product"}],"about":[{"href":"https:\/\/hexexist.com\/tr\/wp-json\/wp\/v2\/types\/product"}],"replies":[{"embeddable":true,"href":"https:\/\/hexexist.com\/tr\/wp-json\/wp\/v2\/comments?post=14390"}],"wp:featuredmedia":[{"embeddable":true,"href":"https:\/\/hexexist.com\/tr\/wp-json\/wp\/v2\/media\/12790"}],"wp:attachment":[{"href":"https:\/\/hexexist.com\/tr\/wp-json\/wp\/v2\/media?parent=14390"}],"wp:term":[{"taxonomy":"product_brand","embeddable":true,"href":"https:\/\/hexexist.com\/tr\/wp-json\/wp\/v2\/product_brand?post=14390"},{"taxonomy":"product_cat","embeddable":true,"href":"https:\/\/hexexist.com\/tr\/wp-json\/wp\/v2\/product_cat?post=14390"},{"taxonomy":"product_tag","embeddable":true,"href":"https:\/\/hexexist.com\/tr\/wp-json\/wp\/v2\/product_tag?post=14390"}],"curies":[{"name":"wp","href":"https:\/\/api.w.org\/{rel}","templated":true}]}}