{"id":14391,"date":"2025-10-08T14:08:14","date_gmt":"2025-10-08T14:08:14","guid":{"rendered":"http:\/\/hexexist.com\/product\/spexo\/"},"modified":"2025-10-14T18:16:49","modified_gmt":"2025-10-14T18:16:49","slug":"spexo","status":"publish","type":"product","link":"https:\/\/hexexist.com\/tr\/urun\/spexo\/","title":{"rendered":"Spexo"},"content":{"rendered":"\n<p>Spexo, WordPress i\u00e7in hafif bir Elementor Temas\u0131d\u0131r. Duyarl\u0131, SEO optimizasyonlu ve h\u0131z i\u00e7in optimize edilmi\u015ftir. 100&#8217;den fazla geli\u015fmi\u015f Elementor widget&#8217;\u0131 ve tek bir t\u0131klama ile i\u00e7e aktar\u0131labilen \u00f6nceden olu\u015fturulmu\u015f birden fazla demo ile. Spexo (eski ad\u0131yla SastraWP) en sevdi\u011finiz Elementor sayfa olu\u015fturucu ile tamamen uyumludur. Spexo, Elementor widget&#8217;lar\u0131, Form \u015eekillendiriciler, Uzant\u0131lar, WooCommerce Widget&#8217;lar\u0131, \u00d6nceden olu\u015fturulmu\u015f bloklar ve \u00d6nceden olu\u015fturulmu\u015f b\u00f6l\u00fcmlerden olu\u015fan geni\u015f bir koleksiyon kullanarak web sitesi geli\u015ftirme s\u00fcrecini basitle\u015ftirmek ve kolayla\u015ft\u0131rmak i\u00e7in tasarlanm\u0131\u015ft\u0131r. Spexo geli\u015ftiricilerin en iyi se\u00e7imidir. H\u0131zl\u0131 WordPress web sitesi geli\u015ftirme ve esnek lansman sonras\u0131 se\u00e7enekler sunar. Spexo temas\u0131 bloglar, ki\u015fisel portf\u00f6yler, i\u015f web siteleri ve e-ticaret ma\u011fazalar\u0131 i\u00e7in uygundur. 80&#8217;den fazla geli\u015fmi\u015f Elementor widget&#8217;\u0131 ile Sticky Header, Par\u00e7ac\u0131k efektleri, Lottie animasyonlar\u0131, paralaks arka planlar ve di\u011fer bir\u00e7ok temel eklenti gibi bir\u00e7ok harika \u00f6zellik i\u00e7erir. Bir WooCommerce eklentisi kullanarak e-ticaret ma\u011fazas\u0131 olu\u015ftururken, Spexo, Elementor WooCommerce temas\u0131 i\u00e7in tek ve tek se\u00e7enek olabilir. Spexo (eski ad\u0131yla SastraWP), Elementor \u015eablon Kiti Sevenler i\u00e7in ger\u00e7ek bir hepsi bir arada \u00e7\u00f6z\u00fcmd\u00fcr. Hem WordPress&#8217;e yeni ba\u015flayanlar hem de profesyoneller i\u00e7in kullan\u0131m\u0131 \u00e7ok kolayd\u0131r. Spexo, bir\u00e7ok profesyonel eklentiyi \u00fccretsiz olarak i\u00e7erir ve ayr\u0131ca bir d\u00fczeyde Elementor Pro&#8217;ya ihtiya\u00e7 duymaz. Spexo ekibi taraf\u0131ndan tasarland\u0131, geli\u015ftirildi, bak\u0131m\u0131 yap\u0131ld\u0131 ve desteklendi. Elementor ba\u015flang\u0131\u00e7 \u015fablonlar\u0131n\u0131 \u00e7ok kolay bir \u015fekilde \u00f6zelle\u015ftirebilir ve geli\u015ftirme gereksinimlerinizi kar\u015f\u0131lamak i\u00e7in geni\u015fletebilirsiniz. Tek t\u0131klamayla kullan\u0131m i\u00e7in geni\u015f bir Elementor \u015fablon kitleri koleksiyonu mevcuttur. Spexo Temas\u0131 tamamen duyarl\u0131 ve Elementor, WooCommerce, WPML, Yoast SEO, Jetpack, Contact Form 7, Mailchimp for WordPress, Rankmath, WPForms, Caldera Forms, Ninja Forms ve daha fazlas\u0131 gibi pop\u00fcler WordPress eklentileriyle uyumludur. Spectral briteful lightning temas\u0131n\u0131n b\u00fcy\u00fcleyici g\u00fcc\u00fcn\u00fc deneyimleyin. \u0130\u015fte kullan\u0131ma haz\u0131r \u00e7ok ama\u00e7l\u0131 tema demosu, Elementor Blog \u015eablonu, Elementor Seyahat \u015eablonu, Elementor Portf\u00f6y \u015eablonu, Elementor T\u0131bbi Tema, Elementor Dijital Ajans \u015eablonu, Elementor Emlak \u015eablonu, Elementor Bear Bar \u015eablonu, Dergi temas\u0131, Haber portal\u0131 temas\u0131 ve di\u011fer g\u00fczel Kraliyet Elementor \u015eablonlar\u0131. Spexo, herhangi bir proje i\u00e7in m\u00fckemmel olan kapsaml\u0131 bir Elementor WordPress temas\u0131d\u0131r. Spexo optimize edilmi\u015f bir WooCommerce Elementor temas\u0131d\u0131r, Mobilya Ma\u011fazas\u0131, Moda Ma\u011fazas\u0131, Kozmetik, Organik Ma\u011faza, M\u00fccevherat, Giyim Ma\u011fazas\u0131 Mega Ma\u011faza e-Ticaret temas\u0131, Restoran, Craft Bira, Elektronik Ma\u011fazas\u0131 ve \u00e7ok daha fazlas\u0131 gibi e-Ticaret ma\u011fazalar\u0131n\u0131 h\u0131zl\u0131 bir \u015fekilde olu\u015fturabilirsiniz.                      <\/p>\n","protected":false},"excerpt":{"rendered":"<p>Spexo, WordPress i\u00e7in hafif bir Elementor Temas\u0131d\u0131r. Duyarl\u0131, SEO optimizasyonlu ve h\u0131z i\u00e7in optimize edilmi\u015ftir. 100&#8217;den fazla geli\u015fmi\u015f Elementor widget&#8217;\u0131 ve tek bir t\u0131klama ile i\u00e7e aktar\u0131labilen \u00f6nceden olu\u015fturulmu\u015f birden fazla demo ile. Spexo (eski ad\u0131yla SastraWP) en sevdi\u011finiz Elementor sayfa olu\u015fturucu ile tamamen uyumludur. Spexo, Elementor widget&#8217;lar\u0131, Form \u015eekillendiriciler, Uzant\u0131lar, WooCommerce Widget&#8217;lar\u0131, \u00d6nceden olu\u015fturulmu\u015f [&hellip;]<\/p>\n","protected":false},"featured_media":12794,"comment_status":"open","ping_status":"closed","template":"","meta":[],"product_brand":[],"product_cat":[1415,1416],"product_tag":[2651,1575,2648,2647,2747,2110,2644,2642,2653,2643,2753,1702,2748,2709,2755],"class_list":{"0":"post-14391","1":"product","2":"type-product","3":"status-publish","4":"has-post-thumbnail","6":"product_cat-temalar","7":"product_cat-wordpress-tr","8":"product_tag-bir-sutun","9":"product_tag-blog-tr","10":"product_tag-ceviri-hazir","11":"product_tag-disli-yorumlar","12":"product_tag-e-ticaret-tr","13":"product_tag-haberler","14":"product_tag-one-cikan-gorseller","15":"product_tag-ozel-arka-plan","16":"product_tag-ozel-logo","17":"product_tag-ozel-menu","18":"product_tag-ozel-renkler","19":"product_tag-portfoy","20":"product_tag-tam-genislikte-sablon","21":"product_tag-tema-secenekleri","22":"product_tag-yapiskan-gonderi","24":"first","25":"instock","26":"downloadable","27":"virtual","28":"product-type-simple"},"_links":{"self":[{"href":"https:\/\/hexexist.com\/tr\/wp-json\/wp\/v2\/product\/14391","targetHints":{"allow":["GET"]}}],"collection":[{"href":"https:\/\/hexexist.com\/tr\/wp-json\/wp\/v2\/product"}],"about":[{"href":"https:\/\/hexexist.com\/tr\/wp-json\/wp\/v2\/types\/product"}],"replies":[{"embeddable":true,"href":"https:\/\/hexexist.com\/tr\/wp-json\/wp\/v2\/comments?post=14391"}],"wp:featuredmedia":[{"embeddable":true,"href":"https:\/\/hexexist.com\/tr\/wp-json\/wp\/v2\/media\/12794"}],"wp:attachment":[{"href":"https:\/\/hexexist.com\/tr\/wp-json\/wp\/v2\/media?parent=14391"}],"wp:term":[{"taxonomy":"product_brand","embeddable":true,"href":"https:\/\/hexexist.com\/tr\/wp-json\/wp\/v2\/product_brand?post=14391"},{"taxonomy":"product_cat","embeddable":true,"href":"https:\/\/hexexist.com\/tr\/wp-json\/wp\/v2\/product_cat?post=14391"},{"taxonomy":"product_tag","embeddable":true,"href":"https:\/\/hexexist.com\/tr\/wp-json\/wp\/v2\/product_tag?post=14391"}],"curies":[{"name":"wp","href":"https:\/\/api.w.org\/{rel}","templated":true}]}}