{"id":14392,"date":"2025-10-08T14:08:12","date_gmt":"2025-10-08T14:08:12","guid":{"rendered":"http:\/\/hexexist.com\/product\/toplam\/"},"modified":"2025-10-14T18:16:49","modified_gmt":"2025-10-14T18:16:49","slug":"toplam","status":"publish","type":"product","link":"https:\/\/hexexist.com\/tr\/urun\/toplam\/","title":{"rendered":"Toplam"},"content":{"rendered":"\n<p>Total, ad\u0131ndan da anla\u015f\u0131laca\u011f\u0131 gibi eksiksiz bir web sitesi yapmak i\u00e7in ihtiyac\u0131n\u0131z olan t\u00fcm \u00f6zelliklere sahip eksiksiz bir paket temas\u0131d\u0131r. Tema, canl\u0131 renkler (Tema Rengi De\u011fi\u015ftirilebilir Se\u00e7ene\u011fi) ve paralaks b\u00f6l\u00fcmleri ile temiz ve zarif bir tasar\u0131ma sahiptir. Ana sayfa kayd\u0131r\u0131c\u0131, simgeli \u00f6ne \u00e7\u0131kan b\u00f6l\u00fcm, ilerleme \u00e7ubu\u011funa sahip hakk\u0131m\u0131zda b\u00f6l\u00fcm\u00fc, masonary d\u00fczenine sahip portf\u00f6y b\u00f6l\u00fcm\u00fc, ekip b\u00f6l\u00fcm\u00fc, referans b\u00f6l\u00fcm\u00fc, saya\u00e7 b\u00f6l\u00fcm\u00fc, 3, 6 veya 9 blog yaz\u0131s\u0131 ekleme se\u00e7ene\u011fine sahip blog b\u00f6l\u00fcm\u00fc, m\u00fc\u015fteri logosu karusel kayd\u0131r\u0131c\u0131s\u0131 ve harekete ge\u00e7irici mesaj b\u00f6l\u00fcm\u00fcnden olu\u015fur. Tema tamamen duyarl\u0131d\u0131r ve web sitesini canl\u0131 \u00f6nizleme ile yap\u0131land\u0131rman\u0131za olanak tan\u0131yan \u00f6zelle\u015ftirici \u00fczerine kurulmu\u015ftur. Tema SEO dostudur, \u00c7apraz taray\u0131c\u0131 uyumludur, tamamen \u00e7eviriye haz\u0131rd\u0131r ve bir e-ticaret eklentisi olan WooCommerce ve di\u011fer t\u00fcm b\u00fcy\u00fck eklentilerle uyumludur. Tema ayr\u0131ca Elementor, SiteOrigin, WpBakery VisualComposer ve Beaver Builder gibi t\u00fcm b\u00fcy\u00fck sayfa olu\u015fturucu eklentileri ile kullan\u0131labilir.       <\/p>\n","protected":false},"excerpt":{"rendered":"<p>Total, ad\u0131ndan da anla\u015f\u0131laca\u011f\u0131 gibi eksiksiz bir web sitesi yapmak i\u00e7in ihtiyac\u0131n\u0131z olan t\u00fcm \u00f6zelliklere sahip eksiksiz bir paket temas\u0131d\u0131r. Tema, canl\u0131 renkler (Tema Rengi De\u011fi\u015ftirilebilir Se\u00e7ene\u011fi) ve paralaks b\u00f6l\u00fcmleri ile temiz ve zarif bir tasar\u0131ma sahiptir. Ana sayfa kayd\u0131r\u0131c\u0131, simgeli \u00f6ne \u00e7\u0131kan b\u00f6l\u00fcm, ilerleme \u00e7ubu\u011funa sahip hakk\u0131m\u0131zda b\u00f6l\u00fcm\u00fc, masonary d\u00fczenine sahip portf\u00f6y b\u00f6l\u00fcm\u00fc, ekip [&hellip;]<\/p>\n","protected":false},"featured_media":12792,"comment_status":"open","ping_status":"closed","template":"","meta":[],"product_brand":[],"product_cat":[1415,1416],"product_tag":[2645,1575,2648,2647,2754,1555,2649,2644,2642,2653,2643,2753,1702,2646,2709],"class_list":{"0":"post-14392","1":"product","2":"type-product","3":"status-publish","4":"has-post-thumbnail","6":"product_cat-temalar","7":"product_cat-wordpress-tr","8":"product_tag-altbilgi-widgetlari","9":"product_tag-blog-tr","10":"product_tag-ceviri-hazir","11":"product_tag-disli-yorumlar","12":"product_tag-editor-stili","13":"product_tag-egitim","14":"product_tag-iki-sutun","15":"product_tag-one-cikan-gorseller","16":"product_tag-ozel-arka-plan","17":"product_tag-ozel-logo","18":"product_tag-ozel-menu","19":"product_tag-ozel-renkler","20":"product_tag-portfoy","21":"product_tag-sag-kenar-cubugu","22":"product_tag-tema-secenekleri","24":"first","25":"instock","26":"downloadable","27":"virtual","28":"product-type-simple"},"_links":{"self":[{"href":"https:\/\/hexexist.com\/tr\/wp-json\/wp\/v2\/product\/14392","targetHints":{"allow":["GET"]}}],"collection":[{"href":"https:\/\/hexexist.com\/tr\/wp-json\/wp\/v2\/product"}],"about":[{"href":"https:\/\/hexexist.com\/tr\/wp-json\/wp\/v2\/types\/product"}],"replies":[{"embeddable":true,"href":"https:\/\/hexexist.com\/tr\/wp-json\/wp\/v2\/comments?post=14392"}],"wp:featuredmedia":[{"embeddable":true,"href":"https:\/\/hexexist.com\/tr\/wp-json\/wp\/v2\/media\/12792"}],"wp:attachment":[{"href":"https:\/\/hexexist.com\/tr\/wp-json\/wp\/v2\/media?parent=14392"}],"wp:term":[{"taxonomy":"product_brand","embeddable":true,"href":"https:\/\/hexexist.com\/tr\/wp-json\/wp\/v2\/product_brand?post=14392"},{"taxonomy":"product_cat","embeddable":true,"href":"https:\/\/hexexist.com\/tr\/wp-json\/wp\/v2\/product_cat?post=14392"},{"taxonomy":"product_tag","embeddable":true,"href":"https:\/\/hexexist.com\/tr\/wp-json\/wp\/v2\/product_tag?post=14392"}],"curies":[{"name":"wp","href":"https:\/\/api.w.org\/{rel}","templated":true}]}}