{"id":14393,"date":"2025-10-08T14:08:15","date_gmt":"2025-10-08T14:08:15","guid":{"rendered":"http:\/\/hexexist.com\/product\/rife-free\/"},"modified":"2025-10-14T18:16:49","modified_gmt":"2025-10-14T18:16:49","slug":"rife-free","status":"publish","type":"product","link":"https:\/\/hexexist.com\/tr\/urun\/rife-free\/","title":{"rendered":"Rife Free"},"content":{"rendered":"\n<p>Rife Free, kullan\u0131ma haz\u0131r 7 demo d\u00fczenine sahip harika bir portf\u00f6y ve foto\u011fraf\u00e7\u0131l\u0131k WP temas\u0131d\u0131r. WooCommerce uyumlu oldu\u011fu i\u00e7in i\u015f, blog siteleri ve ma\u011fazan\u0131z i\u00e7in de m\u00fckemmeldir. Rife temas\u0131ndaki di\u011fer harika \u00f6zellikler \u015funlard\u0131r: Yaz\u0131 Efekti \u2713 Tek Sayfa Modu \u2713 Mobil \/ Dokunmatik Dostu Resim ve Video Kayd\u0131r\u0131c\u0131 \u2713 Foto\u011fraf\u00e7\u0131lar i\u00e7in Tu\u011fla Galeri \u2713 Mega Men\u00fc \u2713 Yaz\u0131 Izgaras\u0131 \u2713 Google Yaz\u0131 Tipleri \u2713 Gizli Kenar \u00c7ubu\u011fu ve \u00e7ok daha fazlas\u0131. \u00d6zelle\u015ftiricide de\u011fi\u015ftirilebilecek 450&#8217;den fazla se\u00e7enek ve her sayfada, g\u00f6nderide, alb\u00fcmde veya \u00e7al\u0131\u015fmada \u00e7ok daha fazlas\u0131. Ayr\u0131ca web sitenizin arama motorlar\u0131 taraf\u0131ndan daha g\u00f6r\u00fcn\u00fcr olmas\u0131na yard\u0131mc\u0131 olan Schema.org&#8217;u da entegre ediyoruz. Elementor uyumlulu\u011fu, harika web sitenizi daha da do\u011fal hale getirmenize yard\u0131mc\u0131 olacakt\u0131r. Tema RTL ve \u00e7eviriye haz\u0131rd\u0131r (WPML).      <\/p>\n","protected":false},"excerpt":{"rendered":"<p>Rife Free, kullan\u0131ma haz\u0131r 7 demo d\u00fczenine sahip harika bir portf\u00f6y ve foto\u011fraf\u00e7\u0131l\u0131k WP temas\u0131d\u0131r. WooCommerce uyumlu oldu\u011fu i\u00e7in i\u015f, blog siteleri ve ma\u011fazan\u0131z i\u00e7in de m\u00fckemmeldir. Rife temas\u0131ndaki di\u011fer harika \u00f6zellikler \u015funlard\u0131r: Yaz\u0131 Efekti \u2713 Tek Sayfa Modu \u2713 Mobil \/ Dokunmatik Dostu Resim ve Video Kayd\u0131r\u0131c\u0131 \u2713 Foto\u011fraf\u00e7\u0131lar i\u00e7in Tu\u011fla Galeri \u2713 Mega [&hellip;]<\/p>\n","protected":false},"featured_media":12796,"comment_status":"open","ping_status":"closed","template":"","meta":[],"product_brand":[],"product_cat":[1415,1416],"product_tag":[2645,2648,2647,2747,2158,2649,2761,2644,2643,2753,1702,2749,2750,2646,2650,2748,2709,2764,2755],"class_list":{"0":"post-14393","1":"product","2":"type-product","3":"status-publish","4":"has-post-thumbnail","6":"product_cat-temalar","7":"product_cat-wordpress-tr","8":"product_tag-altbilgi-widgetlari","9":"product_tag-ceviri-hazir","10":"product_tag-disli-yorumlar","11":"product_tag-e-ticaret-tr","12":"product_tag-fotografcilik","13":"product_tag-iki-sutun","14":"product_tag-izgara-duzeni","15":"product_tag-one-cikan-gorseller","16":"product_tag-ozel-menu","17":"product_tag-ozel-renkler","18":"product_tag-portfoy","19":"product_tag-post-formatlari","20":"product_tag-rtl-dil-destegi","21":"product_tag-sag-kenar-cubugu","22":"product_tag-sol-kenar-cubugu","23":"product_tag-tam-genislikte-sablon","24":"product_tag-tema-secenekleri","25":"product_tag-uc-sutun","26":"product_tag-yapiskan-gonderi","28":"first","29":"instock","30":"downloadable","31":"virtual","32":"product-type-simple"},"_links":{"self":[{"href":"https:\/\/hexexist.com\/tr\/wp-json\/wp\/v2\/product\/14393","targetHints":{"allow":["GET"]}}],"collection":[{"href":"https:\/\/hexexist.com\/tr\/wp-json\/wp\/v2\/product"}],"about":[{"href":"https:\/\/hexexist.com\/tr\/wp-json\/wp\/v2\/types\/product"}],"replies":[{"embeddable":true,"href":"https:\/\/hexexist.com\/tr\/wp-json\/wp\/v2\/comments?post=14393"}],"wp:featuredmedia":[{"embeddable":true,"href":"https:\/\/hexexist.com\/tr\/wp-json\/wp\/v2\/media\/12796"}],"wp:attachment":[{"href":"https:\/\/hexexist.com\/tr\/wp-json\/wp\/v2\/media?parent=14393"}],"wp:term":[{"taxonomy":"product_brand","embeddable":true,"href":"https:\/\/hexexist.com\/tr\/wp-json\/wp\/v2\/product_brand?post=14393"},{"taxonomy":"product_cat","embeddable":true,"href":"https:\/\/hexexist.com\/tr\/wp-json\/wp\/v2\/product_cat?post=14393"},{"taxonomy":"product_tag","embeddable":true,"href":"https:\/\/hexexist.com\/tr\/wp-json\/wp\/v2\/product_tag?post=14393"}],"curies":[{"name":"wp","href":"https:\/\/api.w.org\/{rel}","templated":true}]}}