{"id":14394,"date":"2025-10-08T14:08:22","date_gmt":"2025-10-08T14:08:22","guid":{"rendered":"http:\/\/hexexist.com\/product\/tutorstarter\/"},"modified":"2025-10-14T18:16:59","modified_gmt":"2025-10-14T18:16:59","slug":"tutorstarter","status":"publish","type":"product","link":"https:\/\/hexexist.com\/tr\/urun\/tutorstarter\/","title":{"rendered":"TutorStarter"},"content":{"rendered":"\n<p>Tutor Starter, WordPress i\u00e7in pop\u00fcler e-\u00d6\u011frenim eklentisi olan Tutor LMS taraf\u0131ndan desteklenen \u00fccretsiz bir WordPress LMS temas\u0131d\u0131r. Tutor LMS&#8217;nin \u00f6n plana \u00e7\u0131kmas\u0131na izin verirken ayn\u0131 zamanda do\u011fru olan\u0131 se\u00e7menize izin verecek \u015fekilde tasarlanm\u0131\u015ft\u0131r. Tutor Starter, Tutor LMS ile ayn\u0131 Birle\u015fik Tasar\u0131m Sistemi kullan\u0131larak olu\u015fturulmu\u015ftur ve Tutor LMS i\u00e7in m\u00fckemmel bir e-\u00d6\u011frenim temas\u0131d\u0131r. Tutor Starter ayr\u0131ca h\u0131z ve verimlilik i\u00e7in son derece uzmanla\u015fm\u0131\u015ft\u0131r ve t\u00fcm bile\u015fenleri e-\u00d6\u011frenim web sitenize Google&#8217;\u0131n PageSpeed&#8217;inde harika bir puan verecek \u015fekilde optimize edilmi\u015ftir. Tutor Starter sayfalar\u0131 ayr\u0131ca arama motorlar\u0131nda s\u0131ralamay\u0131 pasta kadar kolay hale getirmek i\u00e7in \u015femaya haz\u0131r ve SEO i\u00e7in optimize edilmi\u015ftir! Ayr\u0131ca m\u00fckemmel okunabilirlik i\u00e7in etkileyici bir blog tek sayfas\u0131na sahiptir. Hem Elementor hem de Gutenberg i\u00e7in tam destek ile Tutor Starter, hem klasik sayfa olu\u015fturucular\u0131n hem de modern Gutenberg tabanl\u0131 olu\u015fturucular\u0131n en geni\u015f kitlesine hitap etmeyi umuyor. \u00dcstbilgiler, altbilgiler ve aradaki her \u015fey i\u00e7in \u00f6zelle\u015ftirici ayarlar\u0131yla birlikte gelir. \u00c7e\u015fitli \u00fcstbilgi ve altbilgi varyasyonlar\u0131, geli\u015fmi\u015f tipografi ayarlar\u0131 ve ba\u011flamsal sayfa ayarlar\u0131 ile bu \u00fccretsiz LMS temas\u0131 ile hayallerinizdeki e-\u00d6\u011frenim web sitesini olu\u015fturun. Tutor Starter, hem Elementor hem de Gutenberg i\u00e7in tam i\u015flevli i\u00e7 sayfalara sahip 3 modern ve \u00f6nceden olu\u015fturulmu\u015f ana sayfa d\u00fczenine sahiptir ve hemen ba\u015flaman\u0131z\u0131 sa\u011flar. Tutor Starter ayr\u0131ca Gutenberg ve Elementor i\u00e7in t\u00fcm bu \u00f6nceden olu\u015fturulmu\u015f ana d\u00fczenleri i\u00e7e aktarmak i\u00e7in temiz ve hafif bir tek t\u0131klamayla demo i\u00e7e aktar\u0131c\u0131ya sahiptir. Bu, Tutor LMS ile derin ba\u011flarla birlikte, onu beyinsiz bir WordPress LMS temas\u0131 yapar.           <\/p>\n","protected":false},"excerpt":{"rendered":"<p>Tutor Starter, WordPress i\u00e7in pop\u00fcler e-\u00d6\u011frenim eklentisi olan Tutor LMS taraf\u0131ndan desteklenen \u00fccretsiz bir WordPress LMS temas\u0131d\u0131r. Tutor LMS&#8217;nin \u00f6n plana \u00e7\u0131kmas\u0131na izin verirken ayn\u0131 zamanda do\u011fru olan\u0131 se\u00e7menize izin verecek \u015fekilde tasarlanm\u0131\u015ft\u0131r. Tutor Starter, Tutor LMS ile ayn\u0131 Birle\u015fik Tasar\u0131m Sistemi kullan\u0131larak olu\u015fturulmu\u015ftur ve Tutor LMS i\u00e7in m\u00fckemmel bir e-\u00d6\u011frenim temas\u0131d\u0131r. Tutor Starter ayr\u0131ca [&hellip;]<\/p>\n","protected":false},"featured_media":12802,"comment_status":"open","ping_status":"closed","template":"","meta":[],"product_brand":[],"product_cat":[1415,1416],"product_tag":[2645,2651,1575,2648,2647,2747,1555,2756,2649,2761,2644,2642,2758,2653,2643,2753,2750,2646,2650,2748,2709,2755],"class_list":{"0":"post-14394","1":"product","2":"type-product","3":"status-publish","4":"has-post-thumbnail","6":"product_cat-temalar","7":"product_cat-wordpress-tr","8":"product_tag-altbilgi-widgetlari","9":"product_tag-bir-sutun","10":"product_tag-blog-tr","11":"product_tag-ceviri-hazir","12":"product_tag-disli-yorumlar","13":"product_tag-e-ticaret-tr","14":"product_tag-egitim","15":"product_tag-esnek-baslik","16":"product_tag-iki-sutun","17":"product_tag-izgara-duzeni","18":"product_tag-one-cikan-gorseller","19":"product_tag-ozel-arka-plan","20":"product_tag-ozel-baslik","21":"product_tag-ozel-logo","22":"product_tag-ozel-menu","23":"product_tag-ozel-renkler","24":"product_tag-rtl-dil-destegi","25":"product_tag-sag-kenar-cubugu","26":"product_tag-sol-kenar-cubugu","27":"product_tag-tam-genislikte-sablon","28":"product_tag-tema-secenekleri","29":"product_tag-yapiskan-gonderi","31":"first","32":"instock","33":"downloadable","34":"virtual","35":"product-type-simple"},"_links":{"self":[{"href":"https:\/\/hexexist.com\/tr\/wp-json\/wp\/v2\/product\/14394","targetHints":{"allow":["GET"]}}],"collection":[{"href":"https:\/\/hexexist.com\/tr\/wp-json\/wp\/v2\/product"}],"about":[{"href":"https:\/\/hexexist.com\/tr\/wp-json\/wp\/v2\/types\/product"}],"replies":[{"embeddable":true,"href":"https:\/\/hexexist.com\/tr\/wp-json\/wp\/v2\/comments?post=14394"}],"wp:featuredmedia":[{"embeddable":true,"href":"https:\/\/hexexist.com\/tr\/wp-json\/wp\/v2\/media\/12802"}],"wp:attachment":[{"href":"https:\/\/hexexist.com\/tr\/wp-json\/wp\/v2\/media?parent=14394"}],"wp:term":[{"taxonomy":"product_brand","embeddable":true,"href":"https:\/\/hexexist.com\/tr\/wp-json\/wp\/v2\/product_brand?post=14394"},{"taxonomy":"product_cat","embeddable":true,"href":"https:\/\/hexexist.com\/tr\/wp-json\/wp\/v2\/product_cat?post=14394"},{"taxonomy":"product_tag","embeddable":true,"href":"https:\/\/hexexist.com\/tr\/wp-json\/wp\/v2\/product_tag?post=14394"}],"curies":[{"name":"wp","href":"https:\/\/api.w.org\/{rel}","templated":true}]}}