{"id":14395,"date":"2025-10-08T14:08:17","date_gmt":"2025-10-08T14:08:17","guid":{"rendered":"http:\/\/hexexist.com\/product\/easychic\/"},"modified":"2025-10-14T18:16:59","modified_gmt":"2025-10-14T18:16:59","slug":"easychic","status":"publish","type":"product","link":"https:\/\/hexexist.com\/tr\/urun\/easychic\/","title":{"rendered":"Easychic"},"content":{"rendered":"\n<p>Easychic \u015f\u0131k ve kullan\u0131m\u0131 kolay bir WordPress temas\u0131d\u0131r.<\/p>\n","protected":false},"excerpt":{"rendered":"<p>Easychic \u015f\u0131k ve kullan\u0131m\u0131 kolay bir WordPress temas\u0131d\u0131r.<\/p>\n","protected":false},"featured_media":12797,"comment_status":"open","ping_status":"closed","template":"","meta":[],"product_brand":[],"product_cat":[1415,1416],"product_tag":[2651,1575,2754,2644,2653,2643,1702,2646,2748,2709],"class_list":{"0":"post-14395","1":"product","2":"type-product","3":"status-publish","4":"has-post-thumbnail","6":"product_cat-temalar","7":"product_cat-wordpress-tr","8":"product_tag-bir-sutun","9":"product_tag-blog-tr","10":"product_tag-editor-stili","11":"product_tag-one-cikan-gorseller","12":"product_tag-ozel-logo","13":"product_tag-ozel-menu","14":"product_tag-portfoy","15":"product_tag-sag-kenar-cubugu","16":"product_tag-tam-genislikte-sablon","17":"product_tag-tema-secenekleri","19":"first","20":"instock","21":"downloadable","22":"virtual","23":"product-type-simple"},"_links":{"self":[{"href":"https:\/\/hexexist.com\/tr\/wp-json\/wp\/v2\/product\/14395","targetHints":{"allow":["GET"]}}],"collection":[{"href":"https:\/\/hexexist.com\/tr\/wp-json\/wp\/v2\/product"}],"about":[{"href":"https:\/\/hexexist.com\/tr\/wp-json\/wp\/v2\/types\/product"}],"replies":[{"embeddable":true,"href":"https:\/\/hexexist.com\/tr\/wp-json\/wp\/v2\/comments?post=14395"}],"wp:featuredmedia":[{"embeddable":true,"href":"https:\/\/hexexist.com\/tr\/wp-json\/wp\/v2\/media\/12797"}],"wp:attachment":[{"href":"https:\/\/hexexist.com\/tr\/wp-json\/wp\/v2\/media?parent=14395"}],"wp:term":[{"taxonomy":"product_brand","embeddable":true,"href":"https:\/\/hexexist.com\/tr\/wp-json\/wp\/v2\/product_brand?post=14395"},{"taxonomy":"product_cat","embeddable":true,"href":"https:\/\/hexexist.com\/tr\/wp-json\/wp\/v2\/product_cat?post=14395"},{"taxonomy":"product_tag","embeddable":true,"href":"https:\/\/hexexist.com\/tr\/wp-json\/wp\/v2\/product_tag?post=14395"}],"curies":[{"name":"wp","href":"https:\/\/api.w.org\/{rel}","templated":true}]}}