{"id":14396,"date":"2025-10-08T14:08:18","date_gmt":"2025-10-08T14:08:18","guid":{"rendered":"http:\/\/hexexist.com\/product\/popularis-verse\/"},"modified":"2025-10-14T18:16:59","modified_gmt":"2025-10-14T18:16:59","slug":"popularis-verse","status":"publish","type":"product","link":"https:\/\/hexexist.com\/tr\/urun\/popularis-verse\/","title":{"rendered":"Popularis Verse"},"content":{"rendered":"\n<p>Popularis Verse, WordPress i\u00e7in h\u0131zl\u0131, temiz ve modern g\u00f6r\u00fcn\u00fcml\u00fc duyarl\u0131 \u00e7ok ama\u00e7l\u0131 bir temad\u0131r. Tema, Elementor, Beaver Builder, SiteOrigin, Thrive Architect, Divi, Visual Composer gibi favori sayfa olu\u015fturuculardan herhangi biriyle m\u00fckemmel \u00e7al\u0131\u015f\u0131r. Popularis Verse, WooCommerce&#8217;e haz\u0131r, hafif, kullan\u0131m\u0131 kolay, duyarl\u0131 ve SEO dostudur.  <\/p>\n","protected":false},"excerpt":{"rendered":"<p>Popularis Verse, WordPress i\u00e7in h\u0131zl\u0131, temiz ve modern g\u00f6r\u00fcn\u00fcml\u00fc duyarl\u0131 \u00e7ok ama\u00e7l\u0131 bir temad\u0131r. Tema, Elementor, Beaver Builder, SiteOrigin, Thrive Architect, Divi, Visual Composer gibi favori sayfa olu\u015fturuculardan herhangi biriyle m\u00fckemmel \u00e7al\u0131\u015f\u0131r. Popularis Verse, WooCommerce&#8217;e haz\u0131r, hafif, kullan\u0131m\u0131 kolay, duyarl\u0131 ve SEO dostudur.<\/p>\n","protected":false},"featured_media":12798,"comment_status":"open","ping_status":"closed","template":"","meta":[],"product_brand":[],"product_cat":[1415,1416],"product_tag":[2645,2651,1575,2648,2647,2747,2754,2649,2644,2642,2653,2643,2646,2748],"class_list":{"0":"post-14396","1":"product","2":"type-product","3":"status-publish","4":"has-post-thumbnail","6":"product_cat-temalar","7":"product_cat-wordpress-tr","8":"product_tag-altbilgi-widgetlari","9":"product_tag-bir-sutun","10":"product_tag-blog-tr","11":"product_tag-ceviri-hazir","12":"product_tag-disli-yorumlar","13":"product_tag-e-ticaret-tr","14":"product_tag-editor-stili","15":"product_tag-iki-sutun","16":"product_tag-one-cikan-gorseller","17":"product_tag-ozel-arka-plan","18":"product_tag-ozel-logo","19":"product_tag-ozel-menu","20":"product_tag-sag-kenar-cubugu","21":"product_tag-tam-genislikte-sablon","23":"first","24":"instock","25":"downloadable","26":"virtual","27":"product-type-simple"},"_links":{"self":[{"href":"https:\/\/hexexist.com\/tr\/wp-json\/wp\/v2\/product\/14396","targetHints":{"allow":["GET"]}}],"collection":[{"href":"https:\/\/hexexist.com\/tr\/wp-json\/wp\/v2\/product"}],"about":[{"href":"https:\/\/hexexist.com\/tr\/wp-json\/wp\/v2\/types\/product"}],"replies":[{"embeddable":true,"href":"https:\/\/hexexist.com\/tr\/wp-json\/wp\/v2\/comments?post=14396"}],"wp:featuredmedia":[{"embeddable":true,"href":"https:\/\/hexexist.com\/tr\/wp-json\/wp\/v2\/media\/12798"}],"wp:attachment":[{"href":"https:\/\/hexexist.com\/tr\/wp-json\/wp\/v2\/media?parent=14396"}],"wp:term":[{"taxonomy":"product_brand","embeddable":true,"href":"https:\/\/hexexist.com\/tr\/wp-json\/wp\/v2\/product_brand?post=14396"},{"taxonomy":"product_cat","embeddable":true,"href":"https:\/\/hexexist.com\/tr\/wp-json\/wp\/v2\/product_cat?post=14396"},{"taxonomy":"product_tag","embeddable":true,"href":"https:\/\/hexexist.com\/tr\/wp-json\/wp\/v2\/product_tag?post=14396"}],"curies":[{"name":"wp","href":"https:\/\/api.w.org\/{rel}","templated":true}]}}