{"id":14397,"date":"2025-10-08T14:08:23","date_gmt":"2025-10-08T14:08:23","guid":{"rendered":"http:\/\/hexexist.com\/product\/gazete-minimalistal\/"},"modified":"2025-10-14T18:16:59","modified_gmt":"2025-10-14T18:16:59","slug":"gazete-minimalistal","status":"publish","type":"product","link":"https:\/\/hexexist.com\/tr\/urun\/gazete-minimalistal\/","title":{"rendered":"Gazete Minimalistal"},"content":{"rendered":"\n<p>Newspaperly bloglar, dergiler, gazeteler ve genel olarak yazarlar i\u00e7in tasarlanm\u0131\u015ft\u0131r. Tema, \u00e7o\u011fu \u015fema i\u015faretlemesiyle (json vb.) \u00e7al\u0131\u015f\u0131r, b\u00f6ylece incelemelere veya di\u011fer ba\u011fl\u0131 i\u00e7erik t\u00fcrlerine sahip olabilirsiniz. SEO&#8217;yu (arama motoru optimizasyonu) \u00e7ok optimize ettik, b\u00f6ylece blog temam\u0131z\u0131 kullanan web sitelerini Google&#8217;da ve di\u011fer arama motorlar\u0131nda (ASK bile) bulmak kolayd\u0131r. Reklamlar i\u00e7in \u00e7ok fazla alan ay\u0131rd\u0131\u011f\u0131m\u0131zdan emin olduk, bunlar\u0131 \u00fcstte, kenar \u00e7ubu\u011funda, altbilgide ve daha fazlas\u0131nda widget&#8217;lar arac\u0131l\u0131\u011f\u0131yla kullanabilirsiniz, b\u00f6ylece AdSense gibi reklam programlar\u0131n\u0131 entegre etmek kolayd\u0131r. Elbette duyarl\u0131 ve basit, zarif ve modern bir tasar\u0131ma sahip. Moda, seyahat, ya\u015fam tarz\u0131, teknoloji ve hatta kripto para, forex, bahis, kumar ve daha fazlas\u0131 gibi gelir getiren i\u00e7erikler hakk\u0131nda editoryal i\u00e7erik yay\u0131nlayabilirsiniz. Bir haber dergisi ba\u015flatmak hi\u00e7 bu kadar kolay olmam\u0131\u015ft\u0131. Derginizi bug\u00fcn ba\u015flat\u0131n!       <\/p>\n","protected":false},"excerpt":{"rendered":"<p>Newspaperly bloglar, dergiler, gazeteler ve genel olarak yazarlar i\u00e7in tasarlanm\u0131\u015ft\u0131r. Tema, \u00e7o\u011fu \u015fema i\u015faretlemesiyle (json vb.) \u00e7al\u0131\u015f\u0131r, b\u00f6ylece incelemelere veya di\u011fer ba\u011fl\u0131 i\u00e7erik t\u00fcrlerine sahip olabilirsiniz. SEO&#8217;yu (arama motoru optimizasyonu) \u00e7ok optimize ettik, b\u00f6ylece blog temam\u0131z\u0131 kullanan web sitelerini Google&#8217;da ve di\u011fer arama motorlar\u0131nda (ASK bile) bulmak kolayd\u0131r. Reklamlar i\u00e7in \u00e7ok fazla alan ay\u0131rd\u0131\u011f\u0131m\u0131zdan emin [&hellip;]<\/p>\n","protected":false},"featured_media":12804,"comment_status":"open","ping_status":"closed","template":"","meta":[],"product_brand":[],"product_cat":[1415,1416],"product_tag":[2645,2651,1575,2648,2647,2751,2756,2110,2649,2760,2644,2642,2758,2653,2643,2753,2646,2709,2755],"class_list":{"0":"post-14397","1":"product","2":"type-product","3":"status-publish","4":"has-post-thumbnail","6":"product_cat-temalar","7":"product_cat-wordpress-tr","8":"product_tag-altbilgi-widgetlari","9":"product_tag-bir-sutun","10":"product_tag-blog-tr","11":"product_tag-ceviri-hazir","12":"product_tag-disli-yorumlar","13":"product_tag-eglence","14":"product_tag-esnek-baslik","15":"product_tag-haberler","16":"product_tag-iki-sutun","17":"product_tag-one-cikan-gorsel-basligi","18":"product_tag-one-cikan-gorseller","19":"product_tag-ozel-arka-plan","20":"product_tag-ozel-baslik","21":"product_tag-ozel-logo","22":"product_tag-ozel-menu","23":"product_tag-ozel-renkler","24":"product_tag-sag-kenar-cubugu","25":"product_tag-tema-secenekleri","26":"product_tag-yapiskan-gonderi","28":"first","29":"instock","30":"downloadable","31":"virtual","32":"product-type-simple"},"_links":{"self":[{"href":"https:\/\/hexexist.com\/tr\/wp-json\/wp\/v2\/product\/14397","targetHints":{"allow":["GET"]}}],"collection":[{"href":"https:\/\/hexexist.com\/tr\/wp-json\/wp\/v2\/product"}],"about":[{"href":"https:\/\/hexexist.com\/tr\/wp-json\/wp\/v2\/types\/product"}],"replies":[{"embeddable":true,"href":"https:\/\/hexexist.com\/tr\/wp-json\/wp\/v2\/comments?post=14397"}],"wp:featuredmedia":[{"embeddable":true,"href":"https:\/\/hexexist.com\/tr\/wp-json\/wp\/v2\/media\/12804"}],"wp:attachment":[{"href":"https:\/\/hexexist.com\/tr\/wp-json\/wp\/v2\/media?parent=14397"}],"wp:term":[{"taxonomy":"product_brand","embeddable":true,"href":"https:\/\/hexexist.com\/tr\/wp-json\/wp\/v2\/product_brand?post=14397"},{"taxonomy":"product_cat","embeddable":true,"href":"https:\/\/hexexist.com\/tr\/wp-json\/wp\/v2\/product_cat?post=14397"},{"taxonomy":"product_tag","embeddable":true,"href":"https:\/\/hexexist.com\/tr\/wp-json\/wp\/v2\/product_tag?post=14397"}],"curies":[{"name":"wp","href":"https:\/\/api.w.org\/{rel}","templated":true}]}}