{"id":14398,"date":"2025-10-08T14:08:19","date_gmt":"2025-10-08T14:08:19","guid":{"rendered":"http:\/\/hexexist.com\/product\/blockskit-dijital-ajans\/"},"modified":"2025-10-14T18:16:59","modified_gmt":"2025-10-14T18:16:59","slug":"blockskit-dijital-ajans","status":"publish","type":"product","link":"https:\/\/hexexist.com\/tr\/urun\/blockskit-dijital-ajans\/","title":{"rendered":"Blockskit Dijital Ajans"},"content":{"rendered":"\n<p>Blockskit Digital Agency, \u00f6zellikle ajans, i\u015fletme, \u015firket, dan\u0131\u015fmanl\u0131k, kurumsal, dijital ajans, finans, finans, pazarlama ve di\u011fer t\u00fcm ajans web siteleri gibi \u00e7ok y\u00f6nl\u00fc siteleri tek bir kodlama sat\u0131r\u0131 olmadan olu\u015fturmak i\u00e7in olu\u015fturulmu\u015f modern ve \u00e7ok y\u00f6nl\u00fc bir WordPress temas\u0131d\u0131r. Sitenizin t\u00fcm y\u00f6nlerinin kolayca \u00f6zelle\u015ftirilmesine olanak tan\u0131yan tam site d\u00fczenleme \u00f6zelli\u011fi sunar. Birden fazla \u015fablon, desen ve stil varyasyonu ile farkl\u0131 estetiklere uygundur.  <\/p>\n","protected":false},"excerpt":{"rendered":"<p>Blockskit Digital Agency, \u00f6zellikle ajans, i\u015fletme, \u015firket, dan\u0131\u015fmanl\u0131k, kurumsal, dijital ajans, finans, finans, pazarlama ve di\u011fer t\u00fcm ajans web siteleri gibi \u00e7ok y\u00f6nl\u00fc siteleri tek bir kodlama sat\u0131r\u0131 olmadan olu\u015fturmak i\u00e7in olu\u015fturulmu\u015f modern ve \u00e7ok y\u00f6nl\u00fc bir WordPress temas\u0131d\u0131r. Sitenizin t\u00fcm y\u00f6nlerinin kolayca \u00f6zelle\u015ftirilmesine olanak tan\u0131yan tam site d\u00fczenleme \u00f6zelli\u011fi sunar. Birden fazla \u015fablon, desen [&hellip;]<\/p>\n","protected":false},"featured_media":12799,"comment_status":"open","ping_status":"closed","template":"","meta":[],"product_brand":[],"product_cat":[1415,1416],"product_tag":[2651,1575,2652,2641,2654,2648,2647,2754,1555,2644,2653,2643,2753,1702,2750],"class_list":{"0":"post-14398","1":"product","2":"type-product","3":"status-publish","4":"has-post-thumbnail","6":"product_cat-temalar","7":"product_cat-wordpress-tr","8":"product_tag-bir-sutun","9":"product_tag-blog-tr","10":"product_tag-blok-duzenleyici-kaliplari","11":"product_tag-blok-duzenleyici-stilleri","12":"product_tag-blok-temalari","13":"product_tag-ceviri-hazir","14":"product_tag-disli-yorumlar","15":"product_tag-editor-stili","16":"product_tag-egitim","17":"product_tag-one-cikan-gorseller","18":"product_tag-ozel-logo","19":"product_tag-ozel-menu","20":"product_tag-ozel-renkler","21":"product_tag-portfoy","22":"product_tag-rtl-dil-destegi","24":"first","25":"instock","26":"downloadable","27":"virtual","28":"product-type-simple"},"_links":{"self":[{"href":"https:\/\/hexexist.com\/tr\/wp-json\/wp\/v2\/product\/14398","targetHints":{"allow":["GET"]}}],"collection":[{"href":"https:\/\/hexexist.com\/tr\/wp-json\/wp\/v2\/product"}],"about":[{"href":"https:\/\/hexexist.com\/tr\/wp-json\/wp\/v2\/types\/product"}],"replies":[{"embeddable":true,"href":"https:\/\/hexexist.com\/tr\/wp-json\/wp\/v2\/comments?post=14398"}],"wp:featuredmedia":[{"embeddable":true,"href":"https:\/\/hexexist.com\/tr\/wp-json\/wp\/v2\/media\/12799"}],"wp:attachment":[{"href":"https:\/\/hexexist.com\/tr\/wp-json\/wp\/v2\/media?parent=14398"}],"wp:term":[{"taxonomy":"product_brand","embeddable":true,"href":"https:\/\/hexexist.com\/tr\/wp-json\/wp\/v2\/product_brand?post=14398"},{"taxonomy":"product_cat","embeddable":true,"href":"https:\/\/hexexist.com\/tr\/wp-json\/wp\/v2\/product_cat?post=14398"},{"taxonomy":"product_tag","embeddable":true,"href":"https:\/\/hexexist.com\/tr\/wp-json\/wp\/v2\/product_tag?post=14398"}],"curies":[{"name":"wp","href":"https:\/\/api.w.org\/{rel}","templated":true}]}}