{"id":14399,"date":"2025-10-08T14:08:23","date_gmt":"2025-10-08T14:08:23","guid":{"rendered":"http:\/\/hexexist.com\/product\/horizon-haberleri\/"},"modified":"2025-10-14T18:16:59","modified_gmt":"2025-10-14T18:16:59","slug":"horizon-haberleri","status":"publish","type":"product","link":"https:\/\/hexexist.com\/tr\/urun\/horizon-haberleri\/","title":{"rendered":"Horizon Haberleri"},"content":{"rendered":"\n<p>Horizon News, haberler, dergiler, yay\u0131nc\u0131lar, bloglar, edit\u00f6rler, \u00e7evrimi\u00e7i ve oyun dergileri, ki\u015fisel bloglar ve haberlerle ilgili herhangi bir web sitesi i\u00e7in \u00f6zel olarak tasarlanm\u0131\u015f bir WordPress temas\u0131d\u0131r. H\u0131zl\u0131 bir \u015fekilde ba\u015flaman\u0131za yard\u0131mc\u0131 olmak i\u00e7in etkileyici tan\u0131t\u0131mlar sa\u011flar. Bu tema esnek bir d\u00fczene, \u00e7ok \u00e7e\u015fitli renk se\u00e7eneklerine ve \u00e7e\u015fitli blog tasar\u0131mlar\u0131na sahiptir. Ayr\u0131ca SEO i\u00e7in optimize edilmi\u015ftir ve tasar\u0131m\u0131 widget tabanl\u0131d\u0131r, i\u00e7erik y\u00f6netimi i\u00e7in kapsaml\u0131 \u00f6zelle\u015ftirmeye izin verir. Mobil cihazlarda, tabletlerde, diz\u00fcst\u00fc bilgisayarlarda ve masa\u00fcstlerinde sorunsuz performans sa\u011flayan tamamen duyarl\u0131 bir temad\u0131r. Bu WordPress dergi temas\u0131 basitli\u011fi, kullan\u0131c\u0131 dostu olmas\u0131, \u00e7a\u011fda\u015f g\u00f6r\u00fcn\u00fcm\u00fc, yarat\u0131c\u0131l\u0131\u011f\u0131 ve kullan\u0131c\u0131 dostu aray\u00fcz\u00fc ile bilinir.       <\/p>\n","protected":false},"excerpt":{"rendered":"<p>Horizon News, haberler, dergiler, yay\u0131nc\u0131lar, bloglar, edit\u00f6rler, \u00e7evrimi\u00e7i ve oyun dergileri, ki\u015fisel bloglar ve haberlerle ilgili herhangi bir web sitesi i\u00e7in \u00f6zel olarak tasarlanm\u0131\u015f bir WordPress temas\u0131d\u0131r. H\u0131zl\u0131 bir \u015fekilde ba\u015flaman\u0131za yard\u0131mc\u0131 olmak i\u00e7in etkileyici tan\u0131t\u0131mlar sa\u011flar. Bu tema esnek bir d\u00fczene, \u00e7ok \u00e7e\u015fitli renk se\u00e7eneklerine ve \u00e7e\u015fitli blog tasar\u0131mlar\u0131na sahiptir. Ayr\u0131ca SEO i\u00e7in optimize [&hellip;]<\/p>\n","protected":false},"featured_media":12803,"comment_status":"open","ping_status":"closed","template":"","meta":[],"product_brand":[],"product_cat":[1415,1416],"product_tag":[2645,1575,2648,2647,2110,2644,2642,2653,2643,2753,2646,2650,2748,2709],"class_list":{"0":"post-14399","1":"product","2":"type-product","3":"status-publish","4":"has-post-thumbnail","6":"product_cat-temalar","7":"product_cat-wordpress-tr","8":"product_tag-altbilgi-widgetlari","9":"product_tag-blog-tr","10":"product_tag-ceviri-hazir","11":"product_tag-disli-yorumlar","12":"product_tag-haberler","13":"product_tag-one-cikan-gorseller","14":"product_tag-ozel-arka-plan","15":"product_tag-ozel-logo","16":"product_tag-ozel-menu","17":"product_tag-ozel-renkler","18":"product_tag-sag-kenar-cubugu","19":"product_tag-sol-kenar-cubugu","20":"product_tag-tam-genislikte-sablon","21":"product_tag-tema-secenekleri","23":"first","24":"instock","25":"downloadable","26":"virtual","27":"product-type-simple"},"_links":{"self":[{"href":"https:\/\/hexexist.com\/tr\/wp-json\/wp\/v2\/product\/14399","targetHints":{"allow":["GET"]}}],"collection":[{"href":"https:\/\/hexexist.com\/tr\/wp-json\/wp\/v2\/product"}],"about":[{"href":"https:\/\/hexexist.com\/tr\/wp-json\/wp\/v2\/types\/product"}],"replies":[{"embeddable":true,"href":"https:\/\/hexexist.com\/tr\/wp-json\/wp\/v2\/comments?post=14399"}],"wp:featuredmedia":[{"embeddable":true,"href":"https:\/\/hexexist.com\/tr\/wp-json\/wp\/v2\/media\/12803"}],"wp:attachment":[{"href":"https:\/\/hexexist.com\/tr\/wp-json\/wp\/v2\/media?parent=14399"}],"wp:term":[{"taxonomy":"product_brand","embeddable":true,"href":"https:\/\/hexexist.com\/tr\/wp-json\/wp\/v2\/product_brand?post=14399"},{"taxonomy":"product_cat","embeddable":true,"href":"https:\/\/hexexist.com\/tr\/wp-json\/wp\/v2\/product_cat?post=14399"},{"taxonomy":"product_tag","embeddable":true,"href":"https:\/\/hexexist.com\/tr\/wp-json\/wp\/v2\/product_tag?post=14399"}],"curies":[{"name":"wp","href":"https:\/\/api.w.org\/{rel}","templated":true}]}}