{"id":14400,"date":"2025-10-08T14:08:20","date_gmt":"2025-10-08T14:08:20","guid":{"rendered":"http:\/\/hexexist.com\/product\/shopire\/"},"modified":"2025-10-14T18:16:59","modified_gmt":"2025-10-14T18:16:59","slug":"shopire","status":"publish","type":"product","link":"https:\/\/hexexist.com\/tr\/urun\/shopire\/","title":{"rendered":"Shopire"},"content":{"rendered":"\n<p>Shopire h\u0131zl\u0131, temiz, hafif bir temad\u0131r. Shopire, giyim, moda, elektronik, e-kitap, elbise ma\u011fazas\u0131, spor ma\u011fazas\u0131, pazar yeri, multivendor, ekipman veya \u00e7evrimi\u00e7i \u00fcr\u00fcnler gibi e-ticaret ma\u011fazalar\u0131 i\u00e7in \u00f6zelle\u015ftirilebilir ve modern g\u00f6r\u00fcn\u00fcml\u00fc \u00fccretsiz duyarl\u0131 WooCommerce WordPress temas\u0131d\u0131r. Tema Elementor, WPML, Polylang, Yoast SEO, WooCommerce, Contact Form 7, Jetpack ve di\u011fer pop\u00fcler eklentilerle uyumludur. Tema SEO dostu, WPML ve RTL haz\u0131rd\u0131r. Bir WooCommerce temas\u0131 m\u0131 ar\u0131yorsunuz? Ba\u015fka yere bakmay\u0131n!     <\/p>\n","protected":false},"excerpt":{"rendered":"<p>Shopire h\u0131zl\u0131, temiz, hafif bir temad\u0131r. Shopire, giyim, moda, elektronik, e-kitap, elbise ma\u011fazas\u0131, spor ma\u011fazas\u0131, pazar yeri, multivendor, ekipman veya \u00e7evrimi\u00e7i \u00fcr\u00fcnler gibi e-ticaret ma\u011fazalar\u0131 i\u00e7in \u00f6zelle\u015ftirilebilir ve modern g\u00f6r\u00fcn\u00fcml\u00fc \u00fccretsiz duyarl\u0131 WooCommerce WordPress temas\u0131d\u0131r. Tema Elementor, WPML, Polylang, Yoast SEO, WooCommerce, Contact Form 7, Jetpack ve di\u011fer pop\u00fcler eklentilerle uyumludur. Tema SEO dostu, WPML [&hellip;]<\/p>\n","protected":false},"featured_media":12800,"comment_status":"open","ping_status":"closed","template":"","meta":[],"product_brand":[],"product_cat":[1415,1416],"product_tag":[2645,2651,1575,2648,2647,2747,2754,2756,2649,2644,2642,2758,2653,2643,1702,2749,2646,2748,2709],"class_list":{"0":"post-14400","1":"product","2":"type-product","3":"status-publish","4":"has-post-thumbnail","6":"product_cat-temalar","7":"product_cat-wordpress-tr","8":"product_tag-altbilgi-widgetlari","9":"product_tag-bir-sutun","10":"product_tag-blog-tr","11":"product_tag-ceviri-hazir","12":"product_tag-disli-yorumlar","13":"product_tag-e-ticaret-tr","14":"product_tag-editor-stili","15":"product_tag-esnek-baslik","16":"product_tag-iki-sutun","17":"product_tag-one-cikan-gorseller","18":"product_tag-ozel-arka-plan","19":"product_tag-ozel-baslik","20":"product_tag-ozel-logo","21":"product_tag-ozel-menu","22":"product_tag-portfoy","23":"product_tag-post-formatlari","24":"product_tag-sag-kenar-cubugu","25":"product_tag-tam-genislikte-sablon","26":"product_tag-tema-secenekleri","28":"first","29":"instock","30":"downloadable","31":"virtual","32":"product-type-simple"},"_links":{"self":[{"href":"https:\/\/hexexist.com\/tr\/wp-json\/wp\/v2\/product\/14400","targetHints":{"allow":["GET"]}}],"collection":[{"href":"https:\/\/hexexist.com\/tr\/wp-json\/wp\/v2\/product"}],"about":[{"href":"https:\/\/hexexist.com\/tr\/wp-json\/wp\/v2\/types\/product"}],"replies":[{"embeddable":true,"href":"https:\/\/hexexist.com\/tr\/wp-json\/wp\/v2\/comments?post=14400"}],"wp:featuredmedia":[{"embeddable":true,"href":"https:\/\/hexexist.com\/tr\/wp-json\/wp\/v2\/media\/12800"}],"wp:attachment":[{"href":"https:\/\/hexexist.com\/tr\/wp-json\/wp\/v2\/media?parent=14400"}],"wp:term":[{"taxonomy":"product_brand","embeddable":true,"href":"https:\/\/hexexist.com\/tr\/wp-json\/wp\/v2\/product_brand?post=14400"},{"taxonomy":"product_cat","embeddable":true,"href":"https:\/\/hexexist.com\/tr\/wp-json\/wp\/v2\/product_cat?post=14400"},{"taxonomy":"product_tag","embeddable":true,"href":"https:\/\/hexexist.com\/tr\/wp-json\/wp\/v2\/product_tag?post=14400"}],"curies":[{"name":"wp","href":"https:\/\/api.w.org\/{rel}","templated":true}]}}