{"id":14401,"date":"2025-10-08T14:08:25","date_gmt":"2025-10-08T14:08:25","guid":{"rendered":"http:\/\/hexexist.com\/product\/spectra-one\/"},"modified":"2025-10-14T18:17:00","modified_gmt":"2025-10-14T18:17:00","slug":"spectra-one","status":"publish","type":"product","link":"https:\/\/hexexist.com\/tr\/urun\/spectra-one\/","title":{"rendered":"Spectra One"},"content":{"rendered":"\n<p>Spectra One, Tam Site D\u00fczenleme (FSE) \u00f6zelli\u011fi ile olu\u015fturulmu\u015f g\u00fczel ve modern bir WordPress temas\u0131d\u0131r. Bloglar, portf\u00f6yler, i\u015fletmeler ve daha fazlas\u0131 i\u00e7in kullan\u0131labilecek \u00e7ok y\u00f6nl\u00fc bir temad\u0131r. Spectra One, web sitenizin kalabal\u0131\u011f\u0131n aras\u0131ndan s\u0131yr\u0131lmas\u0131n\u0131 sa\u011flayacak \u015f\u0131k ve profesyonel bir tasar\u0131ma sahiptir.  <\/p>\n","protected":false},"excerpt":{"rendered":"<p>Spectra One, Tam Site D\u00fczenleme (FSE) \u00f6zelli\u011fi ile olu\u015fturulmu\u015f g\u00fczel ve modern bir WordPress temas\u0131d\u0131r. Bloglar, portf\u00f6yler, i\u015fletmeler ve daha fazlas\u0131 i\u00e7in kullan\u0131labilecek \u00e7ok y\u00f6nl\u00fc bir temad\u0131r. Spectra One, web sitenizin kalabal\u0131\u011f\u0131n aras\u0131ndan s\u0131yr\u0131lmas\u0131n\u0131 sa\u011flayacak \u015f\u0131k ve profesyonel bir tasar\u0131ma sahiptir.<\/p>\n","protected":false},"featured_media":12806,"comment_status":"open","ping_status":"closed","template":"","meta":[],"product_brand":[],"product_cat":[1415,1416],"product_tag":[1575,2654,2648,2750,2748,2709],"class_list":{"0":"post-14401","1":"product","2":"type-product","3":"status-publish","4":"has-post-thumbnail","6":"product_cat-temalar","7":"product_cat-wordpress-tr","8":"product_tag-blog-tr","9":"product_tag-blok-temalari","10":"product_tag-ceviri-hazir","11":"product_tag-rtl-dil-destegi","12":"product_tag-tam-genislikte-sablon","13":"product_tag-tema-secenekleri","15":"first","16":"instock","17":"downloadable","18":"virtual","19":"product-type-simple"},"_links":{"self":[{"href":"https:\/\/hexexist.com\/tr\/wp-json\/wp\/v2\/product\/14401","targetHints":{"allow":["GET"]}}],"collection":[{"href":"https:\/\/hexexist.com\/tr\/wp-json\/wp\/v2\/product"}],"about":[{"href":"https:\/\/hexexist.com\/tr\/wp-json\/wp\/v2\/types\/product"}],"replies":[{"embeddable":true,"href":"https:\/\/hexexist.com\/tr\/wp-json\/wp\/v2\/comments?post=14401"}],"wp:featuredmedia":[{"embeddable":true,"href":"https:\/\/hexexist.com\/tr\/wp-json\/wp\/v2\/media\/12806"}],"wp:attachment":[{"href":"https:\/\/hexexist.com\/tr\/wp-json\/wp\/v2\/media?parent=14401"}],"wp:term":[{"taxonomy":"product_brand","embeddable":true,"href":"https:\/\/hexexist.com\/tr\/wp-json\/wp\/v2\/product_brand?post=14401"},{"taxonomy":"product_cat","embeddable":true,"href":"https:\/\/hexexist.com\/tr\/wp-json\/wp\/v2\/product_cat?post=14401"},{"taxonomy":"product_tag","embeddable":true,"href":"https:\/\/hexexist.com\/tr\/wp-json\/wp\/v2\/product_tag?post=14401"}],"curies":[{"name":"wp","href":"https:\/\/api.w.org\/{rel}","templated":true}]}}