{"id":14404,"date":"2025-10-08T14:08:26","date_gmt":"2025-10-08T14:08:26","guid":{"rendered":"http:\/\/hexexist.com\/product\/yirmi-on\/"},"modified":"2025-10-14T18:17:10","modified_gmt":"2025-10-14T18:17:10","slug":"yirmi-on","status":"publish","type":"product","link":"https:\/\/hexexist.com\/tr\/urun\/yirmi-on\/","title":{"rendered":"Yirmi On"},"content":{"rendered":"\n<p>WordPress i\u00e7in 2010 temas\u0131 \u015f\u0131k, \u00f6zelle\u015ftirilebilir, basit ve okunabilirdir &#8211; \u00f6zel bir men\u00fc, ba\u015fl\u0131k resmi ve arka plan ile kendinize ait hale getirin. Twenty Ten alt\u0131 widget alan\u0131n\u0131 (ikisi kenar \u00e7ubu\u011funda, d\u00f6rd\u00fc altbilgide) ve \u00f6ne \u00e7\u0131kan g\u00f6r\u00fcnt\u00fcleri (galeri g\u00f6nderileri i\u00e7in k\u00fc\u00e7\u00fck resimler ve g\u00f6nderiler ve sayfalar i\u00e7in \u00f6zel ba\u015fl\u0131k g\u00f6r\u00fcnt\u00fcleri) destekler. Bask\u0131 ve y\u00f6netici G\u00f6rsel D\u00fczenleyicisi i\u00e7in stil sayfalar\u0131, &#8220;Kenarlar&#8221; ve &#8220;Galeri&#8221; kategorilerindeki g\u00f6nderiler i\u00e7in \u00f6zel stiller i\u00e7erir ve kenar \u00e7ubu\u011funu kald\u0131ran iste\u011fe ba\u011fl\u0131 tek s\u00fctunlu bir sayfa \u015fablonuna sahiptir.  <\/p>\n","protected":false},"excerpt":{"rendered":"<p>WordPress i\u00e7in 2010 temas\u0131 \u015f\u0131k, \u00f6zelle\u015ftirilebilir, basit ve okunabilirdir &#8211; \u00f6zel bir men\u00fc, ba\u015fl\u0131k resmi ve arka plan ile kendinize ait hale getirin. Twenty Ten alt\u0131 widget alan\u0131n\u0131 (ikisi kenar \u00e7ubu\u011funda, d\u00f6rd\u00fc altbilgide) ve \u00f6ne \u00e7\u0131kan g\u00f6r\u00fcnt\u00fcleri (galeri g\u00f6nderileri i\u00e7in k\u00fc\u00e7\u00fck resimler ve g\u00f6nderiler ve sayfalar i\u00e7in \u00f6zel ba\u015fl\u0131k g\u00f6r\u00fcnt\u00fcleri) destekler. Bask\u0131 ve y\u00f6netici G\u00f6rsel [&hellip;]<\/p>\n","protected":false},"featured_media":12807,"comment_status":"open","ping_status":"closed","template":"","meta":[],"product_brand":[],"product_cat":[1415,1416],"product_tag":[2645,1575,2652,2648,2647,2754,2756,2649,2752,2760,2644,2642,2758,2643,2750,2755],"class_list":{"0":"post-14404","1":"product","2":"type-product","3":"status-publish","4":"has-post-thumbnail","6":"product_cat-temalar","7":"product_cat-wordpress-tr","8":"product_tag-altbilgi-widgetlari","9":"product_tag-blog-tr","10":"product_tag-blok-duzenleyici-kaliplari","11":"product_tag-ceviri-hazir","12":"product_tag-disli-yorumlar","13":"product_tag-editor-stili","14":"product_tag-esnek-baslik","15":"product_tag-iki-sutun","16":"product_tag-mikroformatlar","17":"product_tag-one-cikan-gorsel-basligi","18":"product_tag-one-cikan-gorseller","19":"product_tag-ozel-arka-plan","20":"product_tag-ozel-baslik","21":"product_tag-ozel-menu","22":"product_tag-rtl-dil-destegi","23":"product_tag-yapiskan-gonderi","25":"first","26":"instock","27":"downloadable","28":"virtual","29":"product-type-simple"},"_links":{"self":[{"href":"https:\/\/hexexist.com\/tr\/wp-json\/wp\/v2\/product\/14404","targetHints":{"allow":["GET"]}}],"collection":[{"href":"https:\/\/hexexist.com\/tr\/wp-json\/wp\/v2\/product"}],"about":[{"href":"https:\/\/hexexist.com\/tr\/wp-json\/wp\/v2\/types\/product"}],"replies":[{"embeddable":true,"href":"https:\/\/hexexist.com\/tr\/wp-json\/wp\/v2\/comments?post=14404"}],"wp:featuredmedia":[{"embeddable":true,"href":"https:\/\/hexexist.com\/tr\/wp-json\/wp\/v2\/media\/12807"}],"wp:attachment":[{"href":"https:\/\/hexexist.com\/tr\/wp-json\/wp\/v2\/media?parent=14404"}],"wp:term":[{"taxonomy":"product_brand","embeddable":true,"href":"https:\/\/hexexist.com\/tr\/wp-json\/wp\/v2\/product_brand?post=14404"},{"taxonomy":"product_cat","embeddable":true,"href":"https:\/\/hexexist.com\/tr\/wp-json\/wp\/v2\/product_cat?post=14404"},{"taxonomy":"product_tag","embeddable":true,"href":"https:\/\/hexexist.com\/tr\/wp-json\/wp\/v2\/product_tag?post=14404"}],"curies":[{"name":"wp","href":"https:\/\/api.w.org\/{rel}","templated":true}]}}