{"id":14405,"date":"2025-10-08T14:08:30","date_gmt":"2025-10-08T14:08:30","guid":{"rendered":"http:\/\/hexexist.com\/product\/jadro\/"},"modified":"2025-10-14T18:17:10","modified_gmt":"2025-10-14T18:17:10","slug":"jadro","status":"publish","type":"product","link":"https:\/\/hexexist.com\/tr\/urun\/jadro\/","title":{"rendered":"Jadro"},"content":{"rendered":"\n<p>Jadro minimal ve hafif bir Tam Site D\u00fczenleme temas\u0131d\u0131r. Bu h\u0131z optimizasyonlu tema, benzersiz ve g\u00f6z al\u0131c\u0131 d\u00fczenler olu\u015fturmak i\u00e7in WordPress blok d\u00fczenleyicisini kullan\u0131r. Jadro, basit ve h\u0131z optimizasyonlu web sitelerini tercih eden bloglar, k\u00fc\u00e7\u00fck i\u015fletmeler, yeni ba\u015flayanlar, hukuk firmalar\u0131 ve di\u011fer yarat\u0131c\u0131 ajanslar i\u00e7in m\u00fckemmeldir.  <\/p>\n","protected":false},"excerpt":{"rendered":"<p>Jadro minimal ve hafif bir Tam Site D\u00fczenleme temas\u0131d\u0131r. Bu h\u0131z optimizasyonlu tema, benzersiz ve g\u00f6z al\u0131c\u0131 d\u00fczenler olu\u015fturmak i\u00e7in WordPress blok d\u00fczenleyicisini kullan\u0131r. Jadro, basit ve h\u0131z optimizasyonlu web sitelerini tercih eden bloglar, k\u00fc\u00e7\u00fck i\u015fletmeler, yeni ba\u015flayanlar, hukuk firmalar\u0131 ve di\u011fer yarat\u0131c\u0131 ajanslar i\u00e7in m\u00fckemmeldir.<\/p>\n","protected":false},"featured_media":12813,"comment_status":"open","ping_status":"closed","template":"","meta":[],"product_brand":[],"product_cat":[1415,1416],"product_tag":[2651,1575,2654,2648,2647,2747,2754,2644,2653,2643,2753,2750,2709],"class_list":{"0":"post-14405","1":"product","2":"type-product","3":"status-publish","4":"has-post-thumbnail","6":"product_cat-temalar","7":"product_cat-wordpress-tr","8":"product_tag-bir-sutun","9":"product_tag-blog-tr","10":"product_tag-blok-temalari","11":"product_tag-ceviri-hazir","12":"product_tag-disli-yorumlar","13":"product_tag-e-ticaret-tr","14":"product_tag-editor-stili","15":"product_tag-one-cikan-gorseller","16":"product_tag-ozel-logo","17":"product_tag-ozel-menu","18":"product_tag-ozel-renkler","19":"product_tag-rtl-dil-destegi","20":"product_tag-tema-secenekleri","22":"first","23":"instock","24":"downloadable","25":"virtual","26":"product-type-simple"},"_links":{"self":[{"href":"https:\/\/hexexist.com\/tr\/wp-json\/wp\/v2\/product\/14405","targetHints":{"allow":["GET"]}}],"collection":[{"href":"https:\/\/hexexist.com\/tr\/wp-json\/wp\/v2\/product"}],"about":[{"href":"https:\/\/hexexist.com\/tr\/wp-json\/wp\/v2\/types\/product"}],"replies":[{"embeddable":true,"href":"https:\/\/hexexist.com\/tr\/wp-json\/wp\/v2\/comments?post=14405"}],"wp:featuredmedia":[{"embeddable":true,"href":"https:\/\/hexexist.com\/tr\/wp-json\/wp\/v2\/media\/12813"}],"wp:attachment":[{"href":"https:\/\/hexexist.com\/tr\/wp-json\/wp\/v2\/media?parent=14405"}],"wp:term":[{"taxonomy":"product_brand","embeddable":true,"href":"https:\/\/hexexist.com\/tr\/wp-json\/wp\/v2\/product_brand?post=14405"},{"taxonomy":"product_cat","embeddable":true,"href":"https:\/\/hexexist.com\/tr\/wp-json\/wp\/v2\/product_cat?post=14405"},{"taxonomy":"product_tag","embeddable":true,"href":"https:\/\/hexexist.com\/tr\/wp-json\/wp\/v2\/product_tag?post=14405"}],"curies":[{"name":"wp","href":"https:\/\/api.w.org\/{rel}","templated":true}]}}