{"id":14406,"date":"2025-10-08T14:08:30","date_gmt":"2025-10-08T14:08:30","guid":{"rendered":"http:\/\/hexexist.com\/product\/haberleruyari\/"},"modified":"2025-10-14T18:17:10","modified_gmt":"2025-10-14T18:17:10","slug":"haberleruyari","status":"publish","type":"product","link":"https:\/\/hexexist.com\/tr\/urun\/haberleruyari\/","title":{"rendered":"HaberlerUyar\u0131"},"content":{"rendered":"\n<p>NewsAlert h\u0131zl\u0131, temiz, En \u0130yi Duyarl\u0131 Haber Dergisi WordPress temas\u0131d\u0131r. NewsAlert, dinamik haberler, gazeteler, dergiler, yay\u0131nc\u0131lar, bloglar, edit\u00f6rler, \u00e7evrimi\u00e7i ve oyun dergileri, haber portallar\u0131, ki\u015fisel bloglar, gazete, yay\u0131nc\u0131l\u0131k veya inceleme sitesi ve herhangi bir yarat\u0131c\u0131 web sitesi i\u00e7in uygundur. Modern ve temiz tasar\u0131m\u0131yla NewsAlert, gezinmesi kolay, g\u00f6rsel olarak \u00e7ekici bir d\u00fczen sunarak okuyucular\u0131n\u0131za i\u00e7erik sunmak i\u00e7in idealdir. Bu tema, web sitenizi \u00f6zel ihtiya\u00e7lar\u0131n\u0131za ve markan\u0131za g\u00f6re uyarlaman\u0131za olanak tan\u0131yan bir dizi \u00f6zelle\u015ftirilebilir se\u00e7enek, \u00f6zel widget&#8217;lar ve renk \u015femalar\u0131 ile donat\u0131lm\u0131\u015ft\u0131r. Ayr\u0131ca \u00e7e\u015fitli yaz\u0131 formatlar\u0131n\u0131 destekleyerek makale ve videolardan resim ve galerilere kadar \u00e7e\u015fitli i\u00e7erik t\u00fcrlerini sunmay\u0131 kolayla\u015ft\u0131r\u0131r. NewsAlert h\u0131z ve SEO i\u00e7in optimize edilmi\u015ftir, web sitenizin h\u0131zl\u0131 y\u00fcklenmesini ve arama motoru sonu\u00e7lar\u0131nda iyi s\u0131ralarda yer almas\u0131n\u0131 sa\u011flar. Duyarl\u0131 tasar\u0131m\u0131, i\u00e7eri\u011finizin ister masa\u00fcst\u00fc bilgisayar, ister tablet veya ak\u0131ll\u0131 telefon olsun t\u00fcm cihazlarda harika g\u00f6r\u00fcnmesini sa\u011flar.      <\/p>\n","protected":false},"excerpt":{"rendered":"<p>NewsAlert h\u0131zl\u0131, temiz, En \u0130yi Duyarl\u0131 Haber Dergisi WordPress temas\u0131d\u0131r. NewsAlert, dinamik haberler, gazeteler, dergiler, yay\u0131nc\u0131lar, bloglar, edit\u00f6rler, \u00e7evrimi\u00e7i ve oyun dergileri, haber portallar\u0131, ki\u015fisel bloglar, gazete, yay\u0131nc\u0131l\u0131k veya inceleme sitesi ve herhangi bir yarat\u0131c\u0131 web sitesi i\u00e7in uygundur. Modern ve temiz tasar\u0131m\u0131yla NewsAlert, gezinmesi kolay, g\u00f6rsel olarak \u00e7ekici bir d\u00fczen sunarak okuyucular\u0131n\u0131za i\u00e7erik sunmak [&hellip;]<\/p>\n","protected":false},"featured_media":12812,"comment_status":"open","ping_status":"closed","template":"","meta":[],"product_brand":[],"product_cat":[1415,1416],"product_tag":[2645,2651,1575,2648,2647,2747,2751,2756,2649,2761,2760,2644,2642,2758,2653,2643,2749,2750,2646,2650,2709,2764],"class_list":{"0":"post-14406","1":"product","2":"type-product","3":"status-publish","4":"has-post-thumbnail","6":"product_cat-temalar","7":"product_cat-wordpress-tr","8":"product_tag-altbilgi-widgetlari","9":"product_tag-bir-sutun","10":"product_tag-blog-tr","11":"product_tag-ceviri-hazir","12":"product_tag-disli-yorumlar","13":"product_tag-e-ticaret-tr","14":"product_tag-eglence","15":"product_tag-esnek-baslik","16":"product_tag-iki-sutun","17":"product_tag-izgara-duzeni","18":"product_tag-one-cikan-gorsel-basligi","19":"product_tag-one-cikan-gorseller","20":"product_tag-ozel-arka-plan","21":"product_tag-ozel-baslik","22":"product_tag-ozel-logo","23":"product_tag-ozel-menu","24":"product_tag-post-formatlari","25":"product_tag-rtl-dil-destegi","26":"product_tag-sag-kenar-cubugu","27":"product_tag-sol-kenar-cubugu","28":"product_tag-tema-secenekleri","29":"product_tag-uc-sutun","31":"first","32":"instock","33":"downloadable","34":"virtual","35":"product-type-simple"},"_links":{"self":[{"href":"https:\/\/hexexist.com\/tr\/wp-json\/wp\/v2\/product\/14406","targetHints":{"allow":["GET"]}}],"collection":[{"href":"https:\/\/hexexist.com\/tr\/wp-json\/wp\/v2\/product"}],"about":[{"href":"https:\/\/hexexist.com\/tr\/wp-json\/wp\/v2\/types\/product"}],"replies":[{"embeddable":true,"href":"https:\/\/hexexist.com\/tr\/wp-json\/wp\/v2\/comments?post=14406"}],"wp:featuredmedia":[{"embeddable":true,"href":"https:\/\/hexexist.com\/tr\/wp-json\/wp\/v2\/media\/12812"}],"wp:attachment":[{"href":"https:\/\/hexexist.com\/tr\/wp-json\/wp\/v2\/media?parent=14406"}],"wp:term":[{"taxonomy":"product_brand","embeddable":true,"href":"https:\/\/hexexist.com\/tr\/wp-json\/wp\/v2\/product_brand?post=14406"},{"taxonomy":"product_cat","embeddable":true,"href":"https:\/\/hexexist.com\/tr\/wp-json\/wp\/v2\/product_cat?post=14406"},{"taxonomy":"product_tag","embeddable":true,"href":"https:\/\/hexexist.com\/tr\/wp-json\/wp\/v2\/product_tag?post=14406"}],"curies":[{"name":"wp","href":"https:\/\/api.w.org\/{rel}","templated":true}]}}