{"id":14407,"date":"2025-10-08T14:08:26","date_gmt":"2025-10-08T14:08:26","guid":{"rendered":"http:\/\/hexexist.com\/product\/blogdash\/"},"modified":"2025-10-14T18:17:10","modified_gmt":"2025-10-14T18:17:10","slug":"blogdash","status":"publish","type":"product","link":"https:\/\/hexexist.com\/tr\/urun\/blogdash\/","title":{"rendered":"Blogdash"},"content":{"rendered":"\n<p>Blogdash, kendilerine tam olarak uyan hafif, \u00f6zelle\u015ftirilebilir bir tema arayan blog yazarlar\u0131 i\u00e7in m\u00fckemmel bir se\u00e7imdir. Renkleri ve tipografiyi ayarlamak i\u00e7in \u00e7ok say\u0131da se\u00e7enekle sitenizi benzersiz hale getirmek \u00e7ok kolay. SEO dostudur ve WPML, Gutenberg, Elementor, WooCommerce ile tamamen uyumludur ve \u00e7eviri ve RTL&#8217;yi destekler.    <\/p>\n","protected":false},"excerpt":{"rendered":"<p>Blogdash, kendilerine tam olarak uyan hafif, \u00f6zelle\u015ftirilebilir bir tema arayan blog yazarlar\u0131 i\u00e7in m\u00fckemmel bir se\u00e7imdir. Renkleri ve tipografiyi ayarlamak i\u00e7in \u00e7ok say\u0131da se\u00e7enekle sitenizi benzersiz hale getirmek \u00e7ok kolay. SEO dostudur ve WPML, Gutenberg, Elementor, WooCommerce ile tamamen uyumludur ve \u00e7eviri ve RTL&#8217;yi destekler.<\/p>\n","protected":false},"featured_media":12808,"comment_status":"open","ping_status":"closed","template":"","meta":[],"product_brand":[],"product_cat":[1415,1416],"product_tag":[2645,1575,2648,2647,2754,2751,2756,2110,2649,2644,2642,2653,2643,2753,2749,2646,2650,2748,2709,2755],"class_list":{"0":"post-14407","1":"product","2":"type-product","3":"status-publish","4":"has-post-thumbnail","6":"product_cat-temalar","7":"product_cat-wordpress-tr","8":"product_tag-altbilgi-widgetlari","9":"product_tag-blog-tr","10":"product_tag-ceviri-hazir","11":"product_tag-disli-yorumlar","12":"product_tag-editor-stili","13":"product_tag-eglence","14":"product_tag-esnek-baslik","15":"product_tag-haberler","16":"product_tag-iki-sutun","17":"product_tag-one-cikan-gorseller","18":"product_tag-ozel-arka-plan","19":"product_tag-ozel-logo","20":"product_tag-ozel-menu","21":"product_tag-ozel-renkler","22":"product_tag-post-formatlari","23":"product_tag-sag-kenar-cubugu","24":"product_tag-sol-kenar-cubugu","25":"product_tag-tam-genislikte-sablon","26":"product_tag-tema-secenekleri","27":"product_tag-yapiskan-gonderi","29":"first","30":"instock","31":"downloadable","32":"virtual","33":"product-type-simple"},"_links":{"self":[{"href":"https:\/\/hexexist.com\/tr\/wp-json\/wp\/v2\/product\/14407","targetHints":{"allow":["GET"]}}],"collection":[{"href":"https:\/\/hexexist.com\/tr\/wp-json\/wp\/v2\/product"}],"about":[{"href":"https:\/\/hexexist.com\/tr\/wp-json\/wp\/v2\/types\/product"}],"replies":[{"embeddable":true,"href":"https:\/\/hexexist.com\/tr\/wp-json\/wp\/v2\/comments?post=14407"}],"wp:featuredmedia":[{"embeddable":true,"href":"https:\/\/hexexist.com\/tr\/wp-json\/wp\/v2\/media\/12808"}],"wp:attachment":[{"href":"https:\/\/hexexist.com\/tr\/wp-json\/wp\/v2\/media?parent=14407"}],"wp:term":[{"taxonomy":"product_brand","embeddable":true,"href":"https:\/\/hexexist.com\/tr\/wp-json\/wp\/v2\/product_brand?post=14407"},{"taxonomy":"product_cat","embeddable":true,"href":"https:\/\/hexexist.com\/tr\/wp-json\/wp\/v2\/product_cat?post=14407"},{"taxonomy":"product_tag","embeddable":true,"href":"https:\/\/hexexist.com\/tr\/wp-json\/wp\/v2\/product_tag?post=14407"}],"curies":[{"name":"wp","href":"https:\/\/api.w.org\/{rel}","templated":true}]}}