{"id":14409,"date":"2025-10-08T14:08:31","date_gmt":"2025-10-08T14:08:31","guid":{"rendered":"http:\/\/hexexist.com\/product\/nas-consulting-lite\/"},"modified":"2025-10-14T18:17:10","modified_gmt":"2025-10-14T18:17:10","slug":"nas-consulting-lite","status":"publish","type":"product","link":"https:\/\/hexexist.com\/tr\/urun\/nas-consulting-lite\/","title":{"rendered":"NAS Consulting Lite"},"content":{"rendered":"\n<p>\u0130\u015f uzmanl\u0131\u011f\u0131n\u0131z\u0131 profesyonel bir \u015fekilde sergilemenize yard\u0131mc\u0131 olmak i\u00e7in geli\u015ftirilen Nas Consulting Lite, her muhasebeci, seminer, dan\u0131\u015fmanl\u0131k, dan\u0131\u015fmanl\u0131k, BT dan\u0131\u015fmanl\u0131\u011f\u0131 veya k\u00fc\u00e7\u00fck i\u015fletme i\u00e7in ideal olan modern bir i\u015f, kurumsal ve dan\u0131\u015fmanl\u0131k temas\u0131d\u0131r. Tema, e\u011fitim kurslar\u0131 ve dan\u0131\u015fmanl\u0131k i\u00e7in m\u00fckemmel d\u00fczenlere, tam Elementor Sayfa Olu\u015fturucu uyumlulu\u011funa ve \u00e7ok daha fazlas\u0131na sahiptir &#8211; tek kelimeyle, Nusa ile modern bir i\u015fletme veya dan\u0131\u015fman web sitesinin ihtiya\u00e7 duyabilece\u011fi her \u015feyi elde edersiniz! Nusa, ziyaret\u00e7ilerinize kaliteli bir kullan\u0131c\u0131 deneyimi sunmak i\u00e7in modern bir duyarl\u0131 tasar\u0131m, harika tipografi ve okunabilirli\u011fe odaklanarak tasarlanm\u0131\u015f ve geli\u015ftirilmi\u015ftir. Elementor Sayfa Olu\u015fturucuyu destekler. Bu, bu teman\u0131n yeni bir WordPress kullan\u0131c\u0131s\u0131 i\u00e7in kullan\u0131m\u0131n\u0131 kolayla\u015ft\u0131racakt\u0131r. Bu g\u00fc\u00e7l\u00fc Sa\u011fl\u0131k Takviyesi WordPress temas\u0131ndan en iyi \u015fekilde yararlanmak i\u00e7in herhangi bir CSS veya HTML bilgisine ihtiyac\u0131n\u0131z yok &#8211; t\u00fcm tema demolar\u0131n\u0131 ve verilerini tek bir t\u0131klamayla i\u00e7e aktararak ba\u015flaman\u0131z yeterli. Nusa, insanlar\u0131n ger\u00e7ekten okuyaca\u011f\u0131 ve kullanaca\u011f\u0131 dinamik bir web sitesi olu\u015fturmay\u0131 kolayla\u015ft\u0131r\u0131r. Bu sizin i\u00e7in daha y\u00fcksek etkile\u015fim, daha iyi bir d\u00f6n\u00fc\u015f\u00fcm oran\u0131, reklamlardan daha fazla gelir ve insanlar\u0131n hakk\u0131nda konu\u015fmay\u0131 b\u0131rakamayaca\u011f\u0131 bir site anlam\u0131na geliyor.       <\/p>\n","protected":false},"excerpt":{"rendered":"<p>\u0130\u015f uzmanl\u0131\u011f\u0131n\u0131z\u0131 profesyonel bir \u015fekilde sergilemenize yard\u0131mc\u0131 olmak i\u00e7in geli\u015ftirilen Nas Consulting Lite, her muhasebeci, seminer, dan\u0131\u015fmanl\u0131k, dan\u0131\u015fmanl\u0131k, BT dan\u0131\u015fmanl\u0131\u011f\u0131 veya k\u00fc\u00e7\u00fck i\u015fletme i\u00e7in ideal olan modern bir i\u015f, kurumsal ve dan\u0131\u015fmanl\u0131k temas\u0131d\u0131r. Tema, e\u011fitim kurslar\u0131 ve dan\u0131\u015fmanl\u0131k i\u00e7in m\u00fckemmel d\u00fczenlere, tam Elementor Sayfa Olu\u015fturucu uyumlulu\u011funa ve \u00e7ok daha fazlas\u0131na sahiptir &#8211; tek kelimeyle, Nusa [&hellip;]<\/p>\n","protected":false},"featured_media":12814,"comment_status":"open","ping_status":"closed","template":"","meta":[],"product_brand":[],"product_cat":[1415,1416],"product_tag":[2651,1575,2652,2641,2654,2648,2647,2747,2754,2644,2642,2653,2643,2753,2750,2748],"class_list":{"0":"post-14409","1":"product","2":"type-product","3":"status-publish","4":"has-post-thumbnail","6":"product_cat-temalar","7":"product_cat-wordpress-tr","8":"product_tag-bir-sutun","9":"product_tag-blog-tr","10":"product_tag-blok-duzenleyici-kaliplari","11":"product_tag-blok-duzenleyici-stilleri","12":"product_tag-blok-temalari","13":"product_tag-ceviri-hazir","14":"product_tag-disli-yorumlar","15":"product_tag-e-ticaret-tr","16":"product_tag-editor-stili","17":"product_tag-one-cikan-gorseller","18":"product_tag-ozel-arka-plan","19":"product_tag-ozel-logo","20":"product_tag-ozel-menu","21":"product_tag-ozel-renkler","22":"product_tag-rtl-dil-destegi","23":"product_tag-tam-genislikte-sablon","25":"first","26":"instock","27":"featured","28":"downloadable","29":"virtual","30":"product-type-simple"},"_links":{"self":[{"href":"https:\/\/hexexist.com\/tr\/wp-json\/wp\/v2\/product\/14409","targetHints":{"allow":["GET"]}}],"collection":[{"href":"https:\/\/hexexist.com\/tr\/wp-json\/wp\/v2\/product"}],"about":[{"href":"https:\/\/hexexist.com\/tr\/wp-json\/wp\/v2\/types\/product"}],"replies":[{"embeddable":true,"href":"https:\/\/hexexist.com\/tr\/wp-json\/wp\/v2\/comments?post=14409"}],"wp:featuredmedia":[{"embeddable":true,"href":"https:\/\/hexexist.com\/tr\/wp-json\/wp\/v2\/media\/12814"}],"wp:attachment":[{"href":"https:\/\/hexexist.com\/tr\/wp-json\/wp\/v2\/media?parent=14409"}],"wp:term":[{"taxonomy":"product_brand","embeddable":true,"href":"https:\/\/hexexist.com\/tr\/wp-json\/wp\/v2\/product_brand?post=14409"},{"taxonomy":"product_cat","embeddable":true,"href":"https:\/\/hexexist.com\/tr\/wp-json\/wp\/v2\/product_cat?post=14409"},{"taxonomy":"product_tag","embeddable":true,"href":"https:\/\/hexexist.com\/tr\/wp-json\/wp\/v2\/product_tag?post=14409"}],"curies":[{"name":"wp","href":"https:\/\/api.w.org\/{rel}","templated":true}]}}