{"id":14410,"date":"2025-10-08T14:08:28","date_gmt":"2025-10-08T14:08:28","guid":{"rendered":"http:\/\/hexexist.com\/product\/corpiva\/"},"modified":"2025-10-14T18:17:10","modified_gmt":"2025-10-14T18:17:10","slug":"corpiva","status":"publish","type":"product","link":"https:\/\/hexexist.com\/tr\/urun\/corpiva\/","title":{"rendered":"Corpiva"},"content":{"rendered":"\n<p>Corpiva hafif, son derece geni\u015fletilebilir ve \u00e7ok ama\u00e7l\u0131 bir WordPress Temas\u0131d\u0131r. Corpiva, herhangi bir i\u015f web sitesi ile ilgili Startup, BT \u00c7\u00f6z\u00fcmleri, BT \u0130\u015fletmesi, Ajanslar, Pazarlama, Dan\u0131\u015fmanl\u0131k ve Hizmet \u015eirketi i\u00e7in m\u00fckemmeldir. Corpiva, gerekli t\u00fcm d\u00fczenleri ve bloklar\u0131 sunmak i\u00e7in BT \u00c7\u00f6z\u00fcmleri, BT Hizmetleri, BT \u0130\u015fletmesi, Dan\u0131\u015fmanl\u0131k ve Yaz\u0131l\u0131m, Dijital \u00c7\u00f6z\u00fcm, Teknik M\u00fchendislik, Teknoloji ve Hizmet \u015eirketi hakk\u0131nda derinlemesine ara\u015ft\u0131rmaya dayanmaktad\u0131r. G\u00fczel ve profesyonel bir tasar\u0131ma sahip hemen hemen her t\u00fcr web sitesi olu\u015fturman\u0131z\u0131 sa\u011flayacakt\u0131r. Corpiva, Elementor, WPML, Polylang, Yoast SEO, WooCommerce, Contact Form 7, Jetpack ve \u00e7ok daha fazlas\u0131 gibi pop\u00fcler WordPress eklentilerini destekler.      <\/p>\n","protected":false},"excerpt":{"rendered":"<p>Corpiva hafif, son derece geni\u015fletilebilir ve \u00e7ok ama\u00e7l\u0131 bir WordPress Temas\u0131d\u0131r. Corpiva, herhangi bir i\u015f web sitesi ile ilgili Startup, BT \u00c7\u00f6z\u00fcmleri, BT \u0130\u015fletmesi, Ajanslar, Pazarlama, Dan\u0131\u015fmanl\u0131k ve Hizmet \u015eirketi i\u00e7in m\u00fckemmeldir. Corpiva, gerekli t\u00fcm d\u00fczenleri ve bloklar\u0131 sunmak i\u00e7in BT \u00c7\u00f6z\u00fcmleri, BT Hizmetleri, BT \u0130\u015fletmesi, Dan\u0131\u015fmanl\u0131k ve Yaz\u0131l\u0131m, Dijital \u00c7\u00f6z\u00fcm, Teknik M\u00fchendislik, Teknoloji ve [&hellip;]<\/p>\n","protected":false},"featured_media":12810,"comment_status":"open","ping_status":"closed","template":"","meta":[],"product_brand":[],"product_cat":[1415,1416],"product_tag":[2645,2651,1575,2648,2647,2747,2754,2756,2649,2644,2642,2758,2653,2643,1702,2749,2646,2748,2709],"class_list":{"0":"post-14410","1":"product","2":"type-product","3":"status-publish","4":"has-post-thumbnail","6":"product_cat-temalar","7":"product_cat-wordpress-tr","8":"product_tag-altbilgi-widgetlari","9":"product_tag-bir-sutun","10":"product_tag-blog-tr","11":"product_tag-ceviri-hazir","12":"product_tag-disli-yorumlar","13":"product_tag-e-ticaret-tr","14":"product_tag-editor-stili","15":"product_tag-esnek-baslik","16":"product_tag-iki-sutun","17":"product_tag-one-cikan-gorseller","18":"product_tag-ozel-arka-plan","19":"product_tag-ozel-baslik","20":"product_tag-ozel-logo","21":"product_tag-ozel-menu","22":"product_tag-portfoy","23":"product_tag-post-formatlari","24":"product_tag-sag-kenar-cubugu","25":"product_tag-tam-genislikte-sablon","26":"product_tag-tema-secenekleri","28":"first","29":"instock","30":"downloadable","31":"virtual","32":"product-type-simple"},"_links":{"self":[{"href":"https:\/\/hexexist.com\/tr\/wp-json\/wp\/v2\/product\/14410","targetHints":{"allow":["GET"]}}],"collection":[{"href":"https:\/\/hexexist.com\/tr\/wp-json\/wp\/v2\/product"}],"about":[{"href":"https:\/\/hexexist.com\/tr\/wp-json\/wp\/v2\/types\/product"}],"replies":[{"embeddable":true,"href":"https:\/\/hexexist.com\/tr\/wp-json\/wp\/v2\/comments?post=14410"}],"wp:featuredmedia":[{"embeddable":true,"href":"https:\/\/hexexist.com\/tr\/wp-json\/wp\/v2\/media\/12810"}],"wp:attachment":[{"href":"https:\/\/hexexist.com\/tr\/wp-json\/wp\/v2\/media?parent=14410"}],"wp:term":[{"taxonomy":"product_brand","embeddable":true,"href":"https:\/\/hexexist.com\/tr\/wp-json\/wp\/v2\/product_brand?post=14410"},{"taxonomy":"product_cat","embeddable":true,"href":"https:\/\/hexexist.com\/tr\/wp-json\/wp\/v2\/product_cat?post=14410"},{"taxonomy":"product_tag","embeddable":true,"href":"https:\/\/hexexist.com\/tr\/wp-json\/wp\/v2\/product_tag?post=14410"}],"curies":[{"name":"wp","href":"https:\/\/api.w.org\/{rel}","templated":true}]}}