{"id":14411,"date":"2025-10-08T14:08:32","date_gmt":"2025-10-08T14:08:32","guid":{"rendered":"http:\/\/hexexist.com\/product\/haberlerdaha-fazla\/"},"modified":"2025-10-14T18:17:10","modified_gmt":"2025-10-14T18:17:10","slug":"haberlerdaha-fazla","status":"publish","type":"product","link":"https:\/\/hexexist.com\/tr\/urun\/haberlerdaha-fazla\/","title":{"rendered":"HaberlerDaha fazla"},"content":{"rendered":"\n<p>NewsMore, haber, blog ve dergi web siteleri i\u00e7in tasarlanm\u0131\u015f y\u00fcksek performansl\u0131 ve \u00e7ok y\u00f6nl\u00fc bir WordPress temas\u0131d\u0131r. Hafif MoreNews ana temas\u0131 \u00fczerine in\u015fa edilen tema, dinamik i\u00e7erik sunumu i\u00e7in 30&#8217;dan fazla \u00f6zel widget, blok deseni ve esnek d\u00fczen se\u00e7enekleri sunar. Gutenberg ve Elementor ile tamamen uyumlu olan tema, kolay \u00f6zelle\u015ftirme sa\u011flarken \u0130ngilizce, \u00c7ince, \u0130spanyolca, Frans\u0131zca, Japonca ve Arap\u00e7a gibi dillerde demo i\u00e7eri\u011fi de dahil olmak \u00fczere \u00e7ok dilli ve RTL deste\u011fi, onu k\u00fcresel yay\u0131nc\u0131lar i\u00e7in ideal hale getiriyor. Sorunsuz WooCommerce entegrasyonu, a\u00e7\u0131k\/koyu mod se\u00e7enekleri, optimize edilmi\u015f SEO ayarlar\u0131 ve y\u00fcksek y\u00fckleme h\u0131zlar\u0131 ile NewsMore profesyonel, modern ve duyarl\u0131 bir site i\u00e7in gereken her \u015feyi sa\u011flar.   <\/p>\n","protected":false},"excerpt":{"rendered":"<p>NewsMore, haber, blog ve dergi web siteleri i\u00e7in tasarlanm\u0131\u015f y\u00fcksek performansl\u0131 ve \u00e7ok y\u00f6nl\u00fc bir WordPress temas\u0131d\u0131r. Hafif MoreNews ana temas\u0131 \u00fczerine in\u015fa edilen tema, dinamik i\u00e7erik sunumu i\u00e7in 30&#8217;dan fazla \u00f6zel widget, blok deseni ve esnek d\u00fczen se\u00e7enekleri sunar. Gutenberg ve Elementor ile tamamen uyumlu olan tema, kolay \u00f6zelle\u015ftirme sa\u011flarken \u0130ngilizce, \u00c7ince, \u0130spanyolca, Frans\u0131zca, [&hellip;]<\/p>\n","protected":false},"featured_media":12815,"comment_status":"open","ping_status":"closed","template":"","meta":[],"product_brand":[],"product_cat":[1415,1416],"product_tag":[2645,2651,1575,2652,2641,2648,2647,2765,2751,2756,2110,2649,2761,2644,2642,2758,2653,2643,2753,2749,2750,2646,2650,2748,2709,2764],"class_list":{"0":"post-14411","1":"product","2":"type-product","3":"status-publish","4":"has-post-thumbnail","6":"product_cat-temalar","7":"product_cat-wordpress-tr","8":"product_tag-altbilgi-widgetlari","9":"product_tag-bir-sutun","10":"product_tag-blog-tr","11":"product_tag-blok-duzenleyici-kaliplari","12":"product_tag-blok-duzenleyici-stilleri","13":"product_tag-ceviri-hazir","14":"product_tag-disli-yorumlar","15":"product_tag-dort-sutun","16":"product_tag-eglence","17":"product_tag-esnek-baslik","18":"product_tag-haberler","19":"product_tag-iki-sutun","20":"product_tag-izgara-duzeni","21":"product_tag-one-cikan-gorseller","22":"product_tag-ozel-arka-plan","23":"product_tag-ozel-baslik","24":"product_tag-ozel-logo","25":"product_tag-ozel-menu","26":"product_tag-ozel-renkler","27":"product_tag-post-formatlari","28":"product_tag-rtl-dil-destegi","29":"product_tag-sag-kenar-cubugu","30":"product_tag-sol-kenar-cubugu","31":"product_tag-tam-genislikte-sablon","32":"product_tag-tema-secenekleri","33":"product_tag-uc-sutun","35":"first","36":"instock","37":"downloadable","38":"virtual","39":"product-type-simple"},"_links":{"self":[{"href":"https:\/\/hexexist.com\/tr\/wp-json\/wp\/v2\/product\/14411","targetHints":{"allow":["GET"]}}],"collection":[{"href":"https:\/\/hexexist.com\/tr\/wp-json\/wp\/v2\/product"}],"about":[{"href":"https:\/\/hexexist.com\/tr\/wp-json\/wp\/v2\/types\/product"}],"replies":[{"embeddable":true,"href":"https:\/\/hexexist.com\/tr\/wp-json\/wp\/v2\/comments?post=14411"}],"wp:featuredmedia":[{"embeddable":true,"href":"https:\/\/hexexist.com\/tr\/wp-json\/wp\/v2\/media\/12815"}],"wp:attachment":[{"href":"https:\/\/hexexist.com\/tr\/wp-json\/wp\/v2\/media?parent=14411"}],"wp:term":[{"taxonomy":"product_brand","embeddable":true,"href":"https:\/\/hexexist.com\/tr\/wp-json\/wp\/v2\/product_brand?post=14411"},{"taxonomy":"product_cat","embeddable":true,"href":"https:\/\/hexexist.com\/tr\/wp-json\/wp\/v2\/product_cat?post=14411"},{"taxonomy":"product_tag","embeddable":true,"href":"https:\/\/hexexist.com\/tr\/wp-json\/wp\/v2\/product_tag?post=14411"}],"curies":[{"name":"wp","href":"https:\/\/api.w.org\/{rel}","templated":true}]}}