{"id":14412,"date":"2025-10-08T14:08:29","date_gmt":"2025-10-08T14:08:29","guid":{"rendered":"http:\/\/hexexist.com\/product\/bravada\/"},"modified":"2025-10-14T18:17:10","modified_gmt":"2025-10-14T18:17:10","slug":"bravada","status":"publish","type":"product","link":"https:\/\/hexexist.com\/tr\/urun\/bravada\/","title":{"rendered":"Bravada"},"content":{"rendered":"\n<p>Bravada harika g\u00f6r\u00fcn\u00fcr, kusursuz \u00e7al\u0131\u015f\u0131r ve her ekrana \u00f6l\u00e7eklenebilir. Her yere gider, herkes ve her \u015fey i\u00e7indir. Net, temiz ve tek kelimeyle muhte\u015fem. Kullan\u0131c\u0131lar\u0131 dize getirecek CSS destekli animasyonlara sahiptir. Mobil \u00f6ncelikli olarak tasarland\u0131\u011f\u0131ndan, alabilece\u011finiz kadar duyarl\u0131. Son derece \u00f6zelle\u015ftirilebilir olmas\u0131 sayesinde, kullan\u0131m\u0131 son derece kolay olmakla birlikte, onu ger\u00e7ekten kendinize ait k\u0131lacak \u00e7ok say\u0131da se\u00e7enekle birlikte gelir. Google yaz\u0131 tipleri desteklenir, ancak GPPR size sorun \u00e7\u0131kar\u0131yorsa kendi yaz\u0131 tiplerinizi de kullanabilirsiniz. Bir\u00e7ok site \u00f6\u011fesi i\u00e7in yaz\u0131 tiplerinizin her y\u00f6n\u00fcn\u00fc dinamik olarak de\u011fi\u015ftirebilirsiniz (boyut, sat\u0131r y\u00fcksekli\u011fi, yaz\u0131 tipi stilleri vb.) Renkler de d\u00fczenlenebilir ve isterseniz kendi renk \u015femalar\u0131n\u0131z\u0131 olu\u015ftururken harika zaman ge\u00e7ireceksiniz. Aralar\u0131ndan se\u00e7im yapabilece\u011finiz birden fazla d\u00fczen var, site, i\u00e7erik ve kenar \u00e7ubu\u011fu geni\u015flikleri de \u00f6zelle\u015ftirilebilir, duvarl\u0131 dergi d\u00fczenleri varsay\u0131lan olarak etkindir, ancak bunlar\u0131 da d\u00fczenleyebilirsiniz. Yazar, tarih, etiketler, kategoriler ve yorumlar gibi metalar de\u011fi\u015ftirilebilir, hangilerinin blog sayfalar\u0131nda hangilerinin tek sayfalarda g\u00f6sterilece\u011fine karar verebilirsiniz. Bolca widget alan\u0131, widget&#8217;lar\u0131n\u0131z\u0131 neredeyse istedi\u011finiz her yere yerle\u015ftirin, tema ayr\u0131mc\u0131l\u0131k yapmaz. Ayr\u0131ca simge bloklar\u0131, \u00f6ne \u00e7\u0131kan kutular, metin alanlar\u0131 ve bir kayd\u0131r\u0131c\u0131 (kendi kayd\u0131r\u0131c\u0131m\u0131z\u0131 kullanabilir veya ba\u015fka bir kayd\u0131r\u0131c\u0131dan bir k\u0131sayol yap\u0131\u015ft\u0131rabilirsiniz) i\u00e7eren tamamen \u00f6zelle\u015ftirilebilir bir a\u00e7\u0131l\u0131\u015f sayfas\u0131 var. Sosyal a\u011flar\u0131 da d\u00fc\u015f\u00fcnd\u00fck ve sitenizi doldurmak i\u00e7in g\u00f6r\u00fcn\u00fc\u015fte say\u0131s\u0131z sosyal a\u011f aras\u0131ndan se\u00e7im yapabilirsiniz. Gutenberg bloklar\u0131? Temam\u0131zda kendilerini evlerinde hissediyorlar! Elbette \u00e7eviriye de haz\u0131r ve Sa\u011fdan Sola (RTL) diller kutudan \u00e7\u0131kar \u00e7\u0131kmaz tamamen destekleniyor. WooCommerce temam\u0131zla kendini evinde hissediyor, sorunsuz bir \u015fekilde entegre etmek i\u00e7in t\u00fcm \u00f6nlemleri ald\u0131k. Oh, ve t\u0131pk\u0131 di\u011fer temalar\u0131m\u0131zda oldu\u011fu gibi, g\u00fcncellemeler gelmeye devam edecek, s\u00fcrekli geli\u015fecek ve gelecek y\u0131llar boyunca g\u00fcncel kalmas\u0131n\u0131 sa\u011flayacak. Bravada, bloglar, i\u015fletmeler, sunum veya foto\u011fraf siteleri, haber veya portf\u00f6y siteleri gibi her t\u00fcrden siteye uygun bir temad\u0131r. S\u0131n\u0131r yok &#8211; sadece Bravada var.                   <\/p>\n","protected":false},"excerpt":{"rendered":"<p>Bravada harika g\u00f6r\u00fcn\u00fcr, kusursuz \u00e7al\u0131\u015f\u0131r ve her ekrana \u00f6l\u00e7eklenebilir. Her yere gider, herkes ve her \u015fey i\u00e7indir. Net, temiz ve tek kelimeyle muhte\u015fem. Kullan\u0131c\u0131lar\u0131 dize getirecek CSS destekli animasyonlara sahiptir. Mobil \u00f6ncelikli olarak tasarland\u0131\u011f\u0131ndan, alabilece\u011finiz kadar duyarl\u0131. Son derece \u00f6zelle\u015ftirilebilir olmas\u0131 sayesinde, kullan\u0131m\u0131 son derece kolay olmakla birlikte, onu ger\u00e7ekten kendinize ait k\u0131lacak \u00e7ok say\u0131da [&hellip;]<\/p>\n","protected":false},"featured_media":12811,"comment_status":"open","ping_status":"closed","template":"","meta":[],"product_brand":[],"product_cat":[1415,1416],"product_tag":[2645,2651,1575,2648,2647,2756,2158,2649,2761,2752,2766,2760,2644,2642,2758,2643,2753,1702,2749,2750,2646,2650,2748,2709,2764,2755],"class_list":{"0":"post-14412","1":"product","2":"type-product","3":"status-publish","4":"has-post-thumbnail","6":"product_cat-temalar","7":"product_cat-wordpress-tr","8":"product_tag-altbilgi-widgetlari","9":"product_tag-bir-sutun","10":"product_tag-blog-tr","11":"product_tag-ceviri-hazir","12":"product_tag-disli-yorumlar","13":"product_tag-esnek-baslik","14":"product_tag-fotografcilik","15":"product_tag-iki-sutun","16":"product_tag-izgara-duzeni","17":"product_tag-mikroformatlar","18":"product_tag-on-sayfa-ilani","19":"product_tag-one-cikan-gorsel-basligi","20":"product_tag-one-cikan-gorseller","21":"product_tag-ozel-arka-plan","22":"product_tag-ozel-baslik","23":"product_tag-ozel-menu","24":"product_tag-ozel-renkler","25":"product_tag-portfoy","26":"product_tag-post-formatlari","27":"product_tag-rtl-dil-destegi","28":"product_tag-sag-kenar-cubugu","29":"product_tag-sol-kenar-cubugu","30":"product_tag-tam-genislikte-sablon","31":"product_tag-tema-secenekleri","32":"product_tag-uc-sutun","33":"product_tag-yapiskan-gonderi","35":"first","36":"instock","37":"featured","38":"downloadable","39":"virtual","40":"product-type-simple"},"_links":{"self":[{"href":"https:\/\/hexexist.com\/tr\/wp-json\/wp\/v2\/product\/14412","targetHints":{"allow":["GET"]}}],"collection":[{"href":"https:\/\/hexexist.com\/tr\/wp-json\/wp\/v2\/product"}],"about":[{"href":"https:\/\/hexexist.com\/tr\/wp-json\/wp\/v2\/types\/product"}],"replies":[{"embeddable":true,"href":"https:\/\/hexexist.com\/tr\/wp-json\/wp\/v2\/comments?post=14412"}],"wp:featuredmedia":[{"embeddable":true,"href":"https:\/\/hexexist.com\/tr\/wp-json\/wp\/v2\/media\/12811"}],"wp:attachment":[{"href":"https:\/\/hexexist.com\/tr\/wp-json\/wp\/v2\/media?parent=14412"}],"wp:term":[{"taxonomy":"product_brand","embeddable":true,"href":"https:\/\/hexexist.com\/tr\/wp-json\/wp\/v2\/product_brand?post=14412"},{"taxonomy":"product_cat","embeddable":true,"href":"https:\/\/hexexist.com\/tr\/wp-json\/wp\/v2\/product_cat?post=14412"},{"taxonomy":"product_tag","embeddable":true,"href":"https:\/\/hexexist.com\/tr\/wp-json\/wp\/v2\/product_tag?post=14412"}],"curies":[{"name":"wp","href":"https:\/\/api.w.org\/{rel}","templated":true}]}}