{"id":14414,"date":"2025-10-08T14:08:36","date_gmt":"2025-10-08T14:08:36","guid":{"rendered":"http:\/\/hexexist.com\/product\/sidenews\/"},"modified":"2025-10-14T18:17:21","modified_gmt":"2025-10-14T18:17:21","slug":"sidenews","status":"publish","type":"product","link":"https:\/\/hexexist.com\/tr\/urun\/sidenews\/","title":{"rendered":"SideNews"},"content":{"rendered":"\n<p>SideNews haberler, bloglar ve dergiler i\u00e7in tasarlanm\u0131\u015f h\u0131zl\u0131, hafif ve SEO dostu bir WordPress temas\u0131d\u0131r. G\u00fc\u00e7l\u00fc MoreNews ana temas\u0131 \u00fczerine in\u015fa edilen tema, tek t\u0131klamayla demo i\u00e7e aktarma, 9&#8217;dan fazla \u00f6zel widget, birden fazla banner d\u00fczeni, a\u00e7\u0131k\/koyu mod ve kolay \u00f6zelle\u015ftirme i\u00e7in canl\u0131 \u00f6zelle\u015ftirici deste\u011fine sahiptir. Gutenberg, Elementor ve WooCommerce ile tam uyumlu olan SideNews, sorunsuz i\u00e7erik y\u00f6netimi ve \u00e7evrimi\u00e7i ma\u011faza entegrasyonu sa\u011flar. Duyarl\u0131 tasar\u0131m\u0131, h\u0131zl\u0131 y\u00fckleme h\u0131z\u0131, RTL deste\u011fi ve \u00e7ok dilli haz\u0131rl\u0131\u011f\u0131 ile profesyonel ve ilgi \u00e7ekici bir web sitesi olu\u015fturmak isteyen k\u00fcresel yay\u0131nc\u0131lar i\u00e7in m\u00fckemmeldir.   <\/p>\n","protected":false},"excerpt":{"rendered":"<p>SideNews haberler, bloglar ve dergiler i\u00e7in tasarlanm\u0131\u015f h\u0131zl\u0131, hafif ve SEO dostu bir WordPress temas\u0131d\u0131r. G\u00fc\u00e7l\u00fc MoreNews ana temas\u0131 \u00fczerine in\u015fa edilen tema, tek t\u0131klamayla demo i\u00e7e aktarma, 9&#8217;dan fazla \u00f6zel widget, birden fazla banner d\u00fczeni, a\u00e7\u0131k\/koyu mod ve kolay \u00f6zelle\u015ftirme i\u00e7in canl\u0131 \u00f6zelle\u015ftirici deste\u011fine sahiptir. Gutenberg, Elementor ve WooCommerce ile tam uyumlu olan SideNews, [&hellip;]<\/p>\n","protected":false},"featured_media":12823,"comment_status":"open","ping_status":"closed","template":"","meta":[],"product_brand":[],"product_cat":[1415,1416],"product_tag":[2645,2651,1575,2652,2641,2648,2647,2765,2751,2756,2110,2649,2761,2644,2642,2758,2653,2643,2753,2749,2750,2646,2650,2748,2709,2764],"class_list":{"0":"post-14414","1":"product","2":"type-product","3":"status-publish","4":"has-post-thumbnail","6":"product_cat-temalar","7":"product_cat-wordpress-tr","8":"product_tag-altbilgi-widgetlari","9":"product_tag-bir-sutun","10":"product_tag-blog-tr","11":"product_tag-blok-duzenleyici-kaliplari","12":"product_tag-blok-duzenleyici-stilleri","13":"product_tag-ceviri-hazir","14":"product_tag-disli-yorumlar","15":"product_tag-dort-sutun","16":"product_tag-eglence","17":"product_tag-esnek-baslik","18":"product_tag-haberler","19":"product_tag-iki-sutun","20":"product_tag-izgara-duzeni","21":"product_tag-one-cikan-gorseller","22":"product_tag-ozel-arka-plan","23":"product_tag-ozel-baslik","24":"product_tag-ozel-logo","25":"product_tag-ozel-menu","26":"product_tag-ozel-renkler","27":"product_tag-post-formatlari","28":"product_tag-rtl-dil-destegi","29":"product_tag-sag-kenar-cubugu","30":"product_tag-sol-kenar-cubugu","31":"product_tag-tam-genislikte-sablon","32":"product_tag-tema-secenekleri","33":"product_tag-uc-sutun","35":"first","36":"instock","37":"downloadable","38":"virtual","39":"product-type-simple"},"_links":{"self":[{"href":"https:\/\/hexexist.com\/tr\/wp-json\/wp\/v2\/product\/14414","targetHints":{"allow":["GET"]}}],"collection":[{"href":"https:\/\/hexexist.com\/tr\/wp-json\/wp\/v2\/product"}],"about":[{"href":"https:\/\/hexexist.com\/tr\/wp-json\/wp\/v2\/types\/product"}],"replies":[{"embeddable":true,"href":"https:\/\/hexexist.com\/tr\/wp-json\/wp\/v2\/comments?post=14414"}],"wp:featuredmedia":[{"embeddable":true,"href":"https:\/\/hexexist.com\/tr\/wp-json\/wp\/v2\/media\/12823"}],"wp:attachment":[{"href":"https:\/\/hexexist.com\/tr\/wp-json\/wp\/v2\/media?parent=14414"}],"wp:term":[{"taxonomy":"product_brand","embeddable":true,"href":"https:\/\/hexexist.com\/tr\/wp-json\/wp\/v2\/product_brand?post=14414"},{"taxonomy":"product_cat","embeddable":true,"href":"https:\/\/hexexist.com\/tr\/wp-json\/wp\/v2\/product_cat?post=14414"},{"taxonomy":"product_tag","embeddable":true,"href":"https:\/\/hexexist.com\/tr\/wp-json\/wp\/v2\/product_tag?post=14414"}],"curies":[{"name":"wp","href":"https:\/\/api.w.org\/{rel}","templated":true}]}}