{"id":14415,"date":"2025-10-08T14:08:33","date_gmt":"2025-10-08T14:08:33","guid":{"rendered":"http:\/\/hexexist.com\/product\/shopverse\/"},"modified":"2025-10-14T18:17:22","modified_gmt":"2025-10-14T18:17:22","slug":"shopverse","status":"publish","type":"product","link":"https:\/\/hexexist.com\/tr\/urun\/shopverse\/","title":{"rendered":"ShopVerse"},"content":{"rendered":"\n<p>WooCommerce i\u00e7in tasarlanm\u0131\u015f ve WC Booster eklentisi ile geli\u015ftirilmi\u015f modern, SEO dostu bir e-ticaret temas\u0131 olan ShopVerse ile tan\u0131\u015f\u0131n. Online moda perakendecili\u011fi i\u00e7in tasarlanan bu tema, sitenizin Google&#8217;daki g\u00f6r\u00fcn\u00fcrl\u00fc\u011f\u00fcn\u00fc art\u0131rmak i\u00e7in h\u0131zl\u0131 y\u00fckleme performans\u0131 ve SEO i\u00e7in optimize edilmi\u015f \u00f6zellikler sunuyor. Sorunsuz \u00f6deme entegrasyonlar\u0131 ve Gutenberg dostu, kodsuz kurulum ile ma\u011fazan\u0131z\u0131 dakikalar i\u00e7inde zahmetsizce olu\u015fturabilirsiniz. WooCommerce entegrasyonu, kategori kolaj\u0131, \u00fcr\u00fcn kayd\u0131r\u0131c\u0131lar\u0131 ve \u00e7arp\u0131c\u0131 bir galeri gibi g\u00fc\u00e7l\u00fc \u00f6zelliklerin keyfini kutudan \u00e7\u0131kar\u0131r \u00e7\u0131karmaz ya\u015fay\u0131n.   <\/p>\n","protected":false},"excerpt":{"rendered":"<p>WooCommerce i\u00e7in tasarlanm\u0131\u015f ve WC Booster eklentisi ile geli\u015ftirilmi\u015f modern, SEO dostu bir e-ticaret temas\u0131 olan ShopVerse ile tan\u0131\u015f\u0131n. Online moda perakendecili\u011fi i\u00e7in tasarlanan bu tema, sitenizin Google&#8217;daki g\u00f6r\u00fcn\u00fcrl\u00fc\u011f\u00fcn\u00fc art\u0131rmak i\u00e7in h\u0131zl\u0131 y\u00fckleme performans\u0131 ve SEO i\u00e7in optimize edilmi\u015f \u00f6zellikler sunuyor. Sorunsuz \u00f6deme entegrasyonlar\u0131 ve Gutenberg dostu, kodsuz kurulum ile ma\u011fazan\u0131z\u0131 dakikalar i\u00e7inde zahmetsizce olu\u015fturabilirsiniz. [&hellip;]<\/p>\n","protected":false},"featured_media":12816,"comment_status":"open","ping_status":"closed","template":"","meta":[],"product_brand":[],"product_cat":[1415,1416],"product_tag":[2645,2651,1575,2652,2641,2654,2648,2647,2747,2754,2649,2644,2642,2653,2643,2646,2650,2748,2755],"class_list":{"0":"post-14415","1":"product","2":"type-product","3":"status-publish","4":"has-post-thumbnail","6":"product_cat-temalar","7":"product_cat-wordpress-tr","8":"product_tag-altbilgi-widgetlari","9":"product_tag-bir-sutun","10":"product_tag-blog-tr","11":"product_tag-blok-duzenleyici-kaliplari","12":"product_tag-blok-duzenleyici-stilleri","13":"product_tag-blok-temalari","14":"product_tag-ceviri-hazir","15":"product_tag-disli-yorumlar","16":"product_tag-e-ticaret-tr","17":"product_tag-editor-stili","18":"product_tag-iki-sutun","19":"product_tag-one-cikan-gorseller","20":"product_tag-ozel-arka-plan","21":"product_tag-ozel-logo","22":"product_tag-ozel-menu","23":"product_tag-sag-kenar-cubugu","24":"product_tag-sol-kenar-cubugu","25":"product_tag-tam-genislikte-sablon","26":"product_tag-yapiskan-gonderi","28":"first","29":"instock","30":"downloadable","31":"virtual","32":"product-type-simple"},"_links":{"self":[{"href":"https:\/\/hexexist.com\/tr\/wp-json\/wp\/v2\/product\/14415","targetHints":{"allow":["GET"]}}],"collection":[{"href":"https:\/\/hexexist.com\/tr\/wp-json\/wp\/v2\/product"}],"about":[{"href":"https:\/\/hexexist.com\/tr\/wp-json\/wp\/v2\/types\/product"}],"replies":[{"embeddable":true,"href":"https:\/\/hexexist.com\/tr\/wp-json\/wp\/v2\/comments?post=14415"}],"wp:featuredmedia":[{"embeddable":true,"href":"https:\/\/hexexist.com\/tr\/wp-json\/wp\/v2\/media\/12816"}],"wp:attachment":[{"href":"https:\/\/hexexist.com\/tr\/wp-json\/wp\/v2\/media?parent=14415"}],"wp:term":[{"taxonomy":"product_brand","embeddable":true,"href":"https:\/\/hexexist.com\/tr\/wp-json\/wp\/v2\/product_brand?post=14415"},{"taxonomy":"product_cat","embeddable":true,"href":"https:\/\/hexexist.com\/tr\/wp-json\/wp\/v2\/product_cat?post=14415"},{"taxonomy":"product_tag","embeddable":true,"href":"https:\/\/hexexist.com\/tr\/wp-json\/wp\/v2\/product_tag?post=14415"}],"curies":[{"name":"wp","href":"https:\/\/api.w.org\/{rel}","templated":true}]}}