{"id":14416,"date":"2025-10-08T14:08:36","date_gmt":"2025-10-08T14:08:36","guid":{"rendered":"http:\/\/hexexist.com\/product\/vantage\/"},"modified":"2026-01-30T23:02:38","modified_gmt":"2026-01-30T23:02:38","slug":"vantage","status":"publish","type":"product","link":"https:\/\/hexexist.com\/tr\/urun\/vantage\/","title":{"rendered":"Vantage"},"content":{"rendered":"\n<p>Vantage esnek ve \u00e7ok ama\u00e7l\u0131 bir temad\u0131r. G\u00fcc\u00fc, duyarl\u0131 sayfa d\u00fczenleri i\u00e7in Page Builder, b\u00fcy\u00fck g\u00fczel kayd\u0131r\u0131c\u0131lar i\u00e7in Smart Slider 3 ve \u00e7evrimi\u00e7i sat\u0131\u015f yapman\u0131za yard\u0131mc\u0131 olacak WooCommerce gibi baz\u0131 g\u00fc\u00e7l\u00fc eklentilerle s\u0131k\u0131 entegrasyonunda yatmaktad\u0131r. Vantage tamamen duyarl\u0131 ve retinaya haz\u0131rd\u0131r. Bir i\u015f sitesi, portf\u00f6y veya \u00e7evrimi\u00e7i ma\u011faza ba\u015flatmak i\u00e7in kullan\u0131n.     <\/p>\n","protected":false},"excerpt":{"rendered":"<p>Vantage esnek ve \u00e7ok ama\u00e7l\u0131 bir temad\u0131r. G\u00fcc\u00fc, duyarl\u0131 sayfa d\u00fczenleri i\u00e7in Page Builder, b\u00fcy\u00fck g\u00fczel kayd\u0131r\u0131c\u0131lar i\u00e7in Smart Slider 3 ve \u00e7evrimi\u00e7i sat\u0131\u015f yapman\u0131za yard\u0131mc\u0131 olacak WooCommerce gibi baz\u0131 g\u00fc\u00e7l\u00fc eklentilerle s\u0131k\u0131 entegrasyonunda yatmaktad\u0131r. Vantage tamamen duyarl\u0131 ve retinaya haz\u0131rd\u0131r. Bir i\u015f sitesi, portf\u00f6y veya \u00e7evrimi\u00e7i ma\u011faza ba\u015flatmak i\u00e7in kullan\u0131n.<\/p>\n","protected":false},"featured_media":12822,"comment_status":"open","ping_status":"closed","template":"","meta":[],"product_brand":[],"product_cat":[1415,1416],"product_tag":[2645,1575,2648,2647,2747,2649,2761,2644,2642,2653,2643,2753,2749,2750,2646,2650,2748,2709,2755],"class_list":{"0":"post-14416","1":"product","2":"type-product","3":"status-publish","4":"has-post-thumbnail","6":"product_cat-temalar","7":"product_cat-wordpress-tr","8":"product_tag-altbilgi-widgetlari","9":"product_tag-blog-tr","10":"product_tag-ceviri-hazir","11":"product_tag-disli-yorumlar","12":"product_tag-e-ticaret-tr","13":"product_tag-iki-sutun","14":"product_tag-izgara-duzeni","15":"product_tag-one-cikan-gorseller","16":"product_tag-ozel-arka-plan","17":"product_tag-ozel-logo","18":"product_tag-ozel-menu","19":"product_tag-ozel-renkler","20":"product_tag-post-formatlari","21":"product_tag-rtl-dil-destegi","22":"product_tag-sag-kenar-cubugu","23":"product_tag-sol-kenar-cubugu","24":"product_tag-tam-genislikte-sablon","25":"product_tag-tema-secenekleri","26":"product_tag-yapiskan-gonderi","28":"first","29":"instock","30":"featured","31":"downloadable","32":"virtual","33":"product-type-simple"},"_links":{"self":[{"href":"https:\/\/hexexist.com\/tr\/wp-json\/wp\/v2\/product\/14416","targetHints":{"allow":["GET"]}}],"collection":[{"href":"https:\/\/hexexist.com\/tr\/wp-json\/wp\/v2\/product"}],"about":[{"href":"https:\/\/hexexist.com\/tr\/wp-json\/wp\/v2\/types\/product"}],"replies":[{"embeddable":true,"href":"https:\/\/hexexist.com\/tr\/wp-json\/wp\/v2\/comments?post=14416"}],"wp:featuredmedia":[{"embeddable":true,"href":"https:\/\/hexexist.com\/tr\/wp-json\/wp\/v2\/media\/12822"}],"wp:attachment":[{"href":"https:\/\/hexexist.com\/tr\/wp-json\/wp\/v2\/media?parent=14416"}],"wp:term":[{"taxonomy":"product_brand","embeddable":true,"href":"https:\/\/hexexist.com\/tr\/wp-json\/wp\/v2\/product_brand?post=14416"},{"taxonomy":"product_cat","embeddable":true,"href":"https:\/\/hexexist.com\/tr\/wp-json\/wp\/v2\/product_cat?post=14416"},{"taxonomy":"product_tag","embeddable":true,"href":"https:\/\/hexexist.com\/tr\/wp-json\/wp\/v2\/product_tag?post=14416"}],"curies":[{"name":"wp","href":"https:\/\/api.w.org\/{rel}","templated":true}]}}