{"id":14417,"date":"2025-10-08T14:08:34","date_gmt":"2025-10-08T14:08:34","guid":{"rendered":"http:\/\/hexexist.com\/product\/cinematico\/"},"modified":"2025-10-14T18:17:22","modified_gmt":"2025-10-14T18:17:22","slug":"cinematico","status":"publish","type":"product","link":"https:\/\/hexexist.com\/tr\/urun\/cinematico\/","title":{"rendered":"Cinematico"},"content":{"rendered":"\n<p>Cinematico, kullan\u0131c\u0131lar\u0131n \u015fa\u015f\u0131rt\u0131c\u0131 WordPress web siteleri olu\u015fturmalar\u0131n\u0131 sa\u011flamaya odaklanan yenilik\u00e7i, kolayca \u00f6zelle\u015ftirilebilir, \u00e7ok ama\u00e7l\u0131 bir temad\u0131r. Cinematico esas olarak k\u00fc\u00e7\u00fck i\u015fletmeler, yeni ba\u015flayanlar veya ki\u015fisel portf\u00f6y web siteleri i\u00e7in tasarlanm\u0131\u015ft\u0131r ve size tam tasar\u0131m \u00f6zg\u00fcrl\u00fc\u011f\u00fc sa\u011flamak i\u00e7in WordPress blok d\u00fczenleyicisini \u00e7e\u015fitli yeni bloklar ve geli\u015fmi\u015f stil se\u00e7enekleriyle zenginle\u015ftiren Kubio Page Builder ile m\u00fckemmel bir \u015fekilde \u00e7al\u0131\u015f\u0131r. <\/p>\n","protected":false},"excerpt":{"rendered":"<p>Cinematico, kullan\u0131c\u0131lar\u0131n \u015fa\u015f\u0131rt\u0131c\u0131 WordPress web siteleri olu\u015fturmalar\u0131n\u0131 sa\u011flamaya odaklanan yenilik\u00e7i, kolayca \u00f6zelle\u015ftirilebilir, \u00e7ok ama\u00e7l\u0131 bir temad\u0131r. Cinematico esas olarak k\u00fc\u00e7\u00fck i\u015fletmeler, yeni ba\u015flayanlar veya ki\u015fisel portf\u00f6y web siteleri i\u00e7in tasarlanm\u0131\u015ft\u0131r ve size tam tasar\u0131m \u00f6zg\u00fcrl\u00fc\u011f\u00fc sa\u011flamak i\u00e7in WordPress blok d\u00fczenleyicisini \u00e7e\u015fitli yeni bloklar ve geli\u015fmi\u015f stil se\u00e7enekleriyle zenginle\u015ftiren Kubio Page Builder ile m\u00fckemmel bir \u015fekilde [&hellip;]<\/p>\n","protected":false},"featured_media":12820,"comment_status":"open","ping_status":"closed","template":"","meta":[],"product_brand":[],"product_cat":[1415,1416],"product_tag":[2651,2648,2647,2751,2649,2761,2644,2758,2653,2643,1702,2748,2709],"class_list":{"0":"post-14417","1":"product","2":"type-product","3":"status-publish","4":"has-post-thumbnail","6":"product_cat-temalar","7":"product_cat-wordpress-tr","8":"product_tag-bir-sutun","9":"product_tag-ceviri-hazir","10":"product_tag-disli-yorumlar","11":"product_tag-eglence","12":"product_tag-iki-sutun","13":"product_tag-izgara-duzeni","14":"product_tag-one-cikan-gorseller","15":"product_tag-ozel-baslik","16":"product_tag-ozel-logo","17":"product_tag-ozel-menu","18":"product_tag-portfoy","19":"product_tag-tam-genislikte-sablon","20":"product_tag-tema-secenekleri","22":"first","23":"instock","24":"downloadable","25":"virtual","26":"product-type-simple"},"_links":{"self":[{"href":"https:\/\/hexexist.com\/tr\/wp-json\/wp\/v2\/product\/14417","targetHints":{"allow":["GET"]}}],"collection":[{"href":"https:\/\/hexexist.com\/tr\/wp-json\/wp\/v2\/product"}],"about":[{"href":"https:\/\/hexexist.com\/tr\/wp-json\/wp\/v2\/types\/product"}],"replies":[{"embeddable":true,"href":"https:\/\/hexexist.com\/tr\/wp-json\/wp\/v2\/comments?post=14417"}],"wp:featuredmedia":[{"embeddable":true,"href":"https:\/\/hexexist.com\/tr\/wp-json\/wp\/v2\/media\/12820"}],"wp:attachment":[{"href":"https:\/\/hexexist.com\/tr\/wp-json\/wp\/v2\/media?parent=14417"}],"wp:term":[{"taxonomy":"product_brand","embeddable":true,"href":"https:\/\/hexexist.com\/tr\/wp-json\/wp\/v2\/product_brand?post=14417"},{"taxonomy":"product_cat","embeddable":true,"href":"https:\/\/hexexist.com\/tr\/wp-json\/wp\/v2\/product_cat?post=14417"},{"taxonomy":"product_tag","embeddable":true,"href":"https:\/\/hexexist.com\/tr\/wp-json\/wp\/v2\/product_tag?post=14417"}],"curies":[{"name":"wp","href":"https:\/\/api.w.org\/{rel}","templated":true}]}}