{"id":14419,"date":"2025-10-08T14:08:34","date_gmt":"2025-10-08T14:08:34","guid":{"rendered":"http:\/\/hexexist.com\/product\/palawan\/"},"modified":"2025-10-14T18:17:23","modified_gmt":"2025-10-14T18:17:23","slug":"palawan","status":"publish","type":"product","link":"https:\/\/hexexist.com\/tr\/urun\/palawan\/","title":{"rendered":"Palawan"},"content":{"rendered":"\n<p>Palawan \u00fccretsiz ve minimal bir WordPress blog temas\u0131d\u0131r. Gutenberg&#8217;e haz\u0131r bir WordPress temas\u0131d\u0131r ve WordPress&#8217;in t\u00fcm bloklar\u0131 ve kal\u0131plar\u0131yla uyumludur. Bu tema \u00f6zelle\u015ftirici ayarlar\u0131 temel al\u0131narak geli\u015ftirilmi\u015ftir. \u00d6zelle\u015ftiricide yapt\u0131\u011f\u0131n\u0131z de\u011fi\u015fiklikleri canl\u0131 olarak g\u00f6rebilirsiniz. Palawan ayr\u0131ca yazar, \u00f6ne \u00e7\u0131kan g\u00f6nderiler ve sosyal simgeler i\u00e7in eklenmi\u015f \u00f6zel widget&#8217;larla birlikte gelir. \u00dcst d\u00fczey men\u00fc, sosyal simgeler, kayd\u0131r\u0131c\u0131, tan\u0131t\u0131m banner&#8217;\u0131, kenar \u00e7ubu\u011fu se\u00e7ene\u011fi, Mailchimp aboneli\u011fi ve daha bir\u00e7ok \u00f6zelli\u011fe sahiptir. Ek olarak, telif hakk\u0131 metni, en \u00fcste git, altbilgi widget&#8217;lar\u0131, blog sayfas\u0131 se\u00e7enekleri, ilgili g\u00f6nderiler, yap\u0131\u015fkan kenar \u00e7ubu\u011fu vb. Bu tema seyahat blogu, yemek blogu, teknoloji blogu ve moda blogu i\u00e7in hafif ve kullan\u0131m\u0131 kolay bir temad\u0131r. Ayr\u0131ca bu temay\u0131 haber ve dergi siteleri i\u00e7in de kullanabilirsiniz. Ayr\u0131ca, siteyi demo gibi yapmak i\u00e7in demo verileri, video ve metin i\u00e7eren ayr\u0131nt\u0131l\u0131 belgeler, sohbet ve forum yoluyla \u00fccretsiz destek ile birlikte gelir. Uzman WordPress geli\u015ftiricileri taraf\u0131ndan geli\u015ftirilmi\u015ftir, b\u00f6ylece bu temay\u0131 kulland\u0131ktan sonra asla alternatif aramayacaks\u0131n\u0131z. Bu harika ve \u00f6zenle haz\u0131rlanm\u0131\u015f temay\u0131 bug\u00fcn deneyin.           <\/p>\n","protected":false},"excerpt":{"rendered":"<p>Palawan \u00fccretsiz ve minimal bir WordPress blog temas\u0131d\u0131r. Gutenberg&#8217;e haz\u0131r bir WordPress temas\u0131d\u0131r ve WordPress&#8217;in t\u00fcm bloklar\u0131 ve kal\u0131plar\u0131yla uyumludur. Bu tema \u00f6zelle\u015ftirici ayarlar\u0131 temel al\u0131narak geli\u015ftirilmi\u015ftir. \u00d6zelle\u015ftiricide yapt\u0131\u011f\u0131n\u0131z de\u011fi\u015fiklikleri canl\u0131 olarak g\u00f6rebilirsiniz. Palawan ayr\u0131ca yazar, \u00f6ne \u00e7\u0131kan g\u00f6nderiler ve sosyal simgeler i\u00e7in eklenmi\u015f \u00f6zel widget&#8217;larla birlikte gelir. \u00dcst d\u00fczey men\u00fc, sosyal simgeler, kayd\u0131r\u0131c\u0131, tan\u0131t\u0131m [&hellip;]<\/p>\n","protected":false},"featured_media":12819,"comment_status":"open","ping_status":"closed","template":"","meta":[],"product_brand":[],"product_cat":[1415,1416],"product_tag":[2645,2651,1575,2648,2647,2754,2110,2761,2644,2642,2758,2653,2643,2753,2750,2646,2650,2709],"class_list":{"0":"post-14419","1":"product","2":"type-product","3":"status-publish","4":"has-post-thumbnail","6":"product_cat-temalar","7":"product_cat-wordpress-tr","8":"product_tag-altbilgi-widgetlari","9":"product_tag-bir-sutun","10":"product_tag-blog-tr","11":"product_tag-ceviri-hazir","12":"product_tag-disli-yorumlar","13":"product_tag-editor-stili","14":"product_tag-haberler","15":"product_tag-izgara-duzeni","16":"product_tag-one-cikan-gorseller","17":"product_tag-ozel-arka-plan","18":"product_tag-ozel-baslik","19":"product_tag-ozel-logo","20":"product_tag-ozel-menu","21":"product_tag-ozel-renkler","22":"product_tag-rtl-dil-destegi","23":"product_tag-sag-kenar-cubugu","24":"product_tag-sol-kenar-cubugu","25":"product_tag-tema-secenekleri","27":"first","28":"instock","29":"featured","30":"downloadable","31":"virtual","32":"product-type-simple"},"_links":{"self":[{"href":"https:\/\/hexexist.com\/tr\/wp-json\/wp\/v2\/product\/14419","targetHints":{"allow":["GET"]}}],"collection":[{"href":"https:\/\/hexexist.com\/tr\/wp-json\/wp\/v2\/product"}],"about":[{"href":"https:\/\/hexexist.com\/tr\/wp-json\/wp\/v2\/types\/product"}],"replies":[{"embeddable":true,"href":"https:\/\/hexexist.com\/tr\/wp-json\/wp\/v2\/comments?post=14419"}],"wp:featuredmedia":[{"embeddable":true,"href":"https:\/\/hexexist.com\/tr\/wp-json\/wp\/v2\/media\/12819"}],"wp:attachment":[{"href":"https:\/\/hexexist.com\/tr\/wp-json\/wp\/v2\/media?parent=14419"}],"wp:term":[{"taxonomy":"product_brand","embeddable":true,"href":"https:\/\/hexexist.com\/tr\/wp-json\/wp\/v2\/product_brand?post=14419"},{"taxonomy":"product_cat","embeddable":true,"href":"https:\/\/hexexist.com\/tr\/wp-json\/wp\/v2\/product_cat?post=14419"},{"taxonomy":"product_tag","embeddable":true,"href":"https:\/\/hexexist.com\/tr\/wp-json\/wp\/v2\/product_tag?post=14419"}],"curies":[{"name":"wp","href":"https:\/\/api.w.org\/{rel}","templated":true}]}}