{"id":14420,"date":"2025-10-08T14:08:39","date_gmt":"2025-10-08T14:08:39","guid":{"rendered":"http:\/\/hexexist.com\/product\/minimal-blogcu\/"},"modified":"2025-10-14T18:17:21","modified_gmt":"2025-10-14T18:17:21","slug":"minimal-blogcu","status":"publish","type":"product","link":"https:\/\/hexexist.com\/tr\/urun\/minimal-blogcu\/","title":{"rendered":"Minimal Blogcu"},"content":{"rendered":"\n<p>Minimal Blogger, blog yazarlar\u0131, yazarlar ve temiz, modern ve duyarl\u0131 bir tasar\u0131m arayan herkes i\u00e7in zarif bir WordPress blok temas\u0131d\u0131r. Bu \u00fccretsiz tema, bloglar, haber dergileri ve ki\u015fisel portf\u00f6yler i\u00e7in ideal olan minimalist bir tasar\u0131m sunarak onu yemek, moda, seyahat ve ya\u015fam tarz\u0131 gibi \u00e7e\u015fitli ni\u015flerdeki yazarlar ve gazeteciler i\u00e7in en iyi se\u00e7im haline getiriyor. Sadece g\u00fczel de\u011fil, ayn\u0131 zamanda h\u0131zl\u0131 ve arama motoru optimizasyonu (SEO) y\u00fcksek. Elementor, Divi Builder, SiteOrigin, Brizy, Visual Composer ve Beaver Builder gibi pop\u00fcler sayfa olu\u015fturucular\u0131 destekleyerek yeni ba\u015flayanlar, ajans firmalar\u0131 ve her b\u00fcy\u00fckl\u00fckteki i\u015fletme i\u00e7in kolay \u00f6zelle\u015ftirme sa\u011flar. Hafif e-ticaret ma\u011fazalar\u0131 i\u00e7in WooCommerce&#8217;i kolayca y\u00fckleyebilirsiniz. Temel olarak renkleri, yaz\u0131 tiplerini kolayca de\u011fi\u015ftirebilece\u011finiz, karanl\u0131k modu etkinle\u015ftirebilece\u011finiz ve \u00e7ok daha fazlas\u0131n\u0131 yapabilece\u011finiz Gutenberg i\u00e7in yap\u0131lm\u0131\u015ft\u0131r. Mobil dostu \u015fablonlar\u0131 ile Minimal Blogger yeni ba\u015flayanlar i\u00e7in m\u00fckemmeldir, \u00f6zelle\u015ftirilebilir bir kenar \u00e7ubu\u011fu ve reklam afi\u015fleri, Adsense ve ba\u011fl\u0131 kurulu\u015f ba\u011flant\u0131lar\u0131 ile kolay entegrasyon sunar. \u0130ster yazar, ister foto\u011fraf\u00e7\u0131, ister oyun ele\u015ftirmeni ya da gazete olun, The Minimal Blogger size sonsuz olanaklar sunuyor.       <\/p>\n","protected":false},"excerpt":{"rendered":"<p>Minimal Blogger, blog yazarlar\u0131, yazarlar ve temiz, modern ve duyarl\u0131 bir tasar\u0131m arayan herkes i\u00e7in zarif bir WordPress blok temas\u0131d\u0131r. Bu \u00fccretsiz tema, bloglar, haber dergileri ve ki\u015fisel portf\u00f6yler i\u00e7in ideal olan minimalist bir tasar\u0131m sunarak onu yemek, moda, seyahat ve ya\u015fam tarz\u0131 gibi \u00e7e\u015fitli ni\u015flerdeki yazarlar ve gazeteciler i\u00e7in en iyi se\u00e7im haline getiriyor. [&hellip;]<\/p>\n","protected":false},"featured_media":12825,"comment_status":"open","ping_status":"closed","template":"","meta":[],"product_brand":[],"product_cat":[1415,1416],"product_tag":[2645,2651,1575,2652,2641,2654,2648,2647,2754,2751,2110,2649,2760,2644,2642,2758,2653,2643,2753,2763,2748,2755],"class_list":{"0":"post-14420","1":"product","2":"type-product","3":"status-publish","4":"has-post-thumbnail","6":"product_cat-temalar","7":"product_cat-wordpress-tr","8":"product_tag-altbilgi-widgetlari","9":"product_tag-bir-sutun","10":"product_tag-blog-tr","11":"product_tag-blok-duzenleyici-kaliplari","12":"product_tag-blok-duzenleyici-stilleri","13":"product_tag-blok-temalari","14":"product_tag-ceviri-hazir","15":"product_tag-disli-yorumlar","16":"product_tag-editor-stili","17":"product_tag-eglence","18":"product_tag-haberler","19":"product_tag-iki-sutun","20":"product_tag-one-cikan-gorsel-basligi","21":"product_tag-one-cikan-gorseller","22":"product_tag-ozel-arka-plan","23":"product_tag-ozel-baslik","24":"product_tag-ozel-logo","25":"product_tag-ozel-menu","26":"product_tag-ozel-renkler","27":"product_tag-sablon-duzenleme","28":"product_tag-tam-genislikte-sablon","29":"product_tag-yapiskan-gonderi","31":"first","32":"instock","33":"downloadable","34":"virtual","35":"product-type-simple"},"_links":{"self":[{"href":"https:\/\/hexexist.com\/tr\/wp-json\/wp\/v2\/product\/14420","targetHints":{"allow":["GET"]}}],"collection":[{"href":"https:\/\/hexexist.com\/tr\/wp-json\/wp\/v2\/product"}],"about":[{"href":"https:\/\/hexexist.com\/tr\/wp-json\/wp\/v2\/types\/product"}],"replies":[{"embeddable":true,"href":"https:\/\/hexexist.com\/tr\/wp-json\/wp\/v2\/comments?post=14420"}],"wp:featuredmedia":[{"embeddable":true,"href":"https:\/\/hexexist.com\/tr\/wp-json\/wp\/v2\/media\/12825"}],"wp:attachment":[{"href":"https:\/\/hexexist.com\/tr\/wp-json\/wp\/v2\/media?parent=14420"}],"wp:term":[{"taxonomy":"product_brand","embeddable":true,"href":"https:\/\/hexexist.com\/tr\/wp-json\/wp\/v2\/product_brand?post=14420"},{"taxonomy":"product_cat","embeddable":true,"href":"https:\/\/hexexist.com\/tr\/wp-json\/wp\/v2\/product_cat?post=14420"},{"taxonomy":"product_tag","embeddable":true,"href":"https:\/\/hexexist.com\/tr\/wp-json\/wp\/v2\/product_tag?post=14420"}],"curies":[{"name":"wp","href":"https:\/\/api.w.org\/{rel}","templated":true}]}}