{"id":14422,"date":"2025-10-08T14:08:40","date_gmt":"2025-10-08T14:08:40","guid":{"rendered":"http:\/\/hexexist.com\/product\/futurio\/"},"modified":"2025-10-14T18:17:22","modified_gmt":"2025-10-14T18:17:22","slug":"futurio","status":"publish","type":"product","link":"https:\/\/hexexist.com\/tr\/urun\/futurio\/","title":{"rendered":"Futurio"},"content":{"rendered":"\n<p>Futurio, i\u015f, portf\u00f6y, yarat\u0131c\u0131 ve foto\u011fraf\u00e7\u0131l\u0131k siteleri, e-ticaret ma\u011fazalar\u0131, a\u00e7\u0131l\u0131\u015f sayfalar\u0131, bloglar veya WooCommerce vitrinleri i\u00e7in uygun, hafif, h\u0131zl\u0131 ve \u00f6zelle\u015ftirilebilir \u00fccretsiz bir \u00e7ok ama\u00e7l\u0131 ve WooCommerce WordPress temas\u0131d\u0131r. Futurio, Elementor, Beaver Builder, King Composer, Brizy, Visual Composer, SiteOrigin, Divi veya Gutenberg gibi t\u00fcm sayfa olu\u015fturucularla m\u00fckemmel \u00e7al\u0131\u015f\u0131r ve WooCommerce, Jetpack, Contact Form 7, Yoast SEO ve daha fazlas\u0131 gibi \u00e7o\u011fu \u00fccretsiz ve premium WordPress eklentisini destekler. Futurio duyarl\u0131, SEO dostu, WPML, \u00e7eviri ve RTL&#8217;ye haz\u0131rd\u0131r ve tek t\u0131kla demo-import \u00f6zelli\u011fi ile birlikte gelir.  <\/p>\n","protected":false},"excerpt":{"rendered":"<p>Futurio, i\u015f, portf\u00f6y, yarat\u0131c\u0131 ve foto\u011fraf\u00e7\u0131l\u0131k siteleri, e-ticaret ma\u011fazalar\u0131, a\u00e7\u0131l\u0131\u015f sayfalar\u0131, bloglar veya WooCommerce vitrinleri i\u00e7in uygun, hafif, h\u0131zl\u0131 ve \u00f6zelle\u015ftirilebilir \u00fccretsiz bir \u00e7ok ama\u00e7l\u0131 ve WooCommerce WordPress temas\u0131d\u0131r. Futurio, Elementor, Beaver Builder, King Composer, Brizy, Visual Composer, SiteOrigin, Divi veya Gutenberg gibi t\u00fcm sayfa olu\u015fturucularla m\u00fckemmel \u00e7al\u0131\u015f\u0131r ve WooCommerce, Jetpack, Contact Form 7, Yoast [&hellip;]<\/p>\n","protected":false},"featured_media":12826,"comment_status":"open","ping_status":"closed","template":"","meta":[],"product_brand":[],"product_cat":[1415,1416],"product_tag":[2645,2651,1575,2648,2647,2747,2754,2649,2644,2642,2758,2653,2643,2750,2646,2650,2748],"class_list":{"0":"post-14422","1":"product","2":"type-product","3":"status-publish","4":"has-post-thumbnail","6":"product_cat-temalar","7":"product_cat-wordpress-tr","8":"product_tag-altbilgi-widgetlari","9":"product_tag-bir-sutun","10":"product_tag-blog-tr","11":"product_tag-ceviri-hazir","12":"product_tag-disli-yorumlar","13":"product_tag-e-ticaret-tr","14":"product_tag-editor-stili","15":"product_tag-iki-sutun","16":"product_tag-one-cikan-gorseller","17":"product_tag-ozel-arka-plan","18":"product_tag-ozel-baslik","19":"product_tag-ozel-logo","20":"product_tag-ozel-menu","21":"product_tag-rtl-dil-destegi","22":"product_tag-sag-kenar-cubugu","23":"product_tag-sol-kenar-cubugu","24":"product_tag-tam-genislikte-sablon","26":"first","27":"instock","28":"downloadable","29":"virtual","30":"product-type-simple"},"_links":{"self":[{"href":"https:\/\/hexexist.com\/tr\/wp-json\/wp\/v2\/product\/14422","targetHints":{"allow":["GET"]}}],"collection":[{"href":"https:\/\/hexexist.com\/tr\/wp-json\/wp\/v2\/product"}],"about":[{"href":"https:\/\/hexexist.com\/tr\/wp-json\/wp\/v2\/types\/product"}],"replies":[{"embeddable":true,"href":"https:\/\/hexexist.com\/tr\/wp-json\/wp\/v2\/comments?post=14422"}],"wp:featuredmedia":[{"embeddable":true,"href":"https:\/\/hexexist.com\/tr\/wp-json\/wp\/v2\/media\/12826"}],"wp:attachment":[{"href":"https:\/\/hexexist.com\/tr\/wp-json\/wp\/v2\/media?parent=14422"}],"wp:term":[{"taxonomy":"product_brand","embeddable":true,"href":"https:\/\/hexexist.com\/tr\/wp-json\/wp\/v2\/product_brand?post=14422"},{"taxonomy":"product_cat","embeddable":true,"href":"https:\/\/hexexist.com\/tr\/wp-json\/wp\/v2\/product_cat?post=14422"},{"taxonomy":"product_tag","embeddable":true,"href":"https:\/\/hexexist.com\/tr\/wp-json\/wp\/v2\/product_tag?post=14422"}],"curies":[{"name":"wp","href":"https:\/\/api.w.org\/{rel}","templated":true}]}}