{"id":14423,"date":"2025-10-08T14:08:35","date_gmt":"2025-10-08T14:08:35","guid":{"rendered":"http:\/\/hexexist.com\/product\/pubnews-plus\/"},"modified":"2025-10-14T18:17:23","modified_gmt":"2025-10-14T18:17:23","slug":"pubnews-plus","status":"publish","type":"product","link":"https:\/\/hexexist.com\/tr\/urun\/pubnews-plus\/","title":{"rendered":"Pubnews Plus"},"content":{"rendered":"\n<p>Pubnews Plus, t\u00fcm gereksinimlerinizi kar\u015f\u0131lamak i\u00e7in tasarlanm\u0131\u015f ola\u011fan\u00fcst\u00fc bir haber temas\u0131d\u0131r. Elementor olu\u015fturucu ile tamamen uyumlu olmas\u0131n\u0131n yan\u0131 s\u0131ra \u00f6zelle\u015ftirici tabanl\u0131d\u0131r. Pubnews temas\u0131 \u00fcstbilgi, altbilgi, i\u00e7 sayfalar ve web sitesinin herhangi bir b\u00f6l\u00fcm\u00fc i\u00e7in kapsaml\u0131 \u00f6zelle\u015ftirme se\u00e7enekleri sunar. Yaz\u0131 sorgusu parametreleri, ger\u00e7ek zamanl\u0131 \u00f6nizleme, geni\u015fletilmi\u015f tipografi ve kapsaml\u0131 stil de\u011fi\u015ftirme se\u00e7enekleri gibi t\u00fcm WordPress olanaklar\u0131n\u0131 i\u00e7eren canl\u0131 \u00f6zelle\u015ftiricisine dalmaktan b\u00fcy\u00fck keyif alacaks\u0131n\u0131z. Birinci s\u0131n\u0131f ve sezgisel bir tasar\u0131ma sahip olan bu tema, web sitenize profesyonel bir haber\/dergi g\u00f6r\u00fcn\u00fcm\u00fc kazand\u0131r\u0131r. Ayr\u0131nt\u0131l\u0131 bir d\u00fczeyde \u00f6zelle\u015ftirilebilen ve herhangi bir b\u00f6l\u00fcme istedi\u011finiz kadar eklenebilen alt\u0131 haber d\u00fczeni i\u00e7erir. Web sitenizi Elementor ile olu\u015fturmay\u0131 tercih ediyorsan\u0131z, temay\u0131 News Kit Elementor Addons eklentisi ile kullanman\u0131z\u0131 \u015fiddetle tavsiye ederiz. News Kit Elementor Addons ve Elementor&#8217;un web sitenize entegre edilmesiyle Pubnews temas\u0131, s\u00fcr\u00fckle ve b\u0131rak sayfa olu\u015fturma d\u00fcnyas\u0131nda s\u0131n\u0131rs\u0131z olanaklar sunuyor. Alternatif olarak, sayfa olu\u015fturmaya ay\u0131racak zaman\u0131n\u0131z yoksa, \u00f6nceden olu\u015fturulmu\u015f ba\u015flang\u0131\u00e7 sitelerini tek bir t\u0131klama ile kolayca i\u00e7e aktarabilirsiniz. Zorluk yok! Karma\u015f\u0131kl\u0131k yok!          <\/p>\n","protected":false},"excerpt":{"rendered":"<p>Pubnews Plus, t\u00fcm gereksinimlerinizi kar\u015f\u0131lamak i\u00e7in tasarlanm\u0131\u015f ola\u011fan\u00fcst\u00fc bir haber temas\u0131d\u0131r. Elementor olu\u015fturucu ile tamamen uyumlu olmas\u0131n\u0131n yan\u0131 s\u0131ra \u00f6zelle\u015ftirici tabanl\u0131d\u0131r. Pubnews temas\u0131 \u00fcstbilgi, altbilgi, i\u00e7 sayfalar ve web sitesinin herhangi bir b\u00f6l\u00fcm\u00fc i\u00e7in kapsaml\u0131 \u00f6zelle\u015ftirme se\u00e7enekleri sunar. Yaz\u0131 sorgusu parametreleri, ger\u00e7ek zamanl\u0131 \u00f6nizleme, geni\u015fletilmi\u015f tipografi ve kapsaml\u0131 stil de\u011fi\u015ftirme se\u00e7enekleri gibi t\u00fcm WordPress olanaklar\u0131n\u0131 [&hellip;]<\/p>\n","protected":false},"featured_media":12821,"comment_status":"open","ping_status":"closed","template":"","meta":[],"product_brand":[],"product_cat":[1415,1416],"product_tag":[2645,2651,1575,2641,2648,2647,2751,2756,2110,2649,2761,2644,2642,2758,2643,2753,2749,2750,2646,2650,2748,2709,2755],"class_list":{"0":"post-14423","1":"product","2":"type-product","3":"status-publish","4":"has-post-thumbnail","6":"product_cat-temalar","7":"product_cat-wordpress-tr","8":"product_tag-altbilgi-widgetlari","9":"product_tag-bir-sutun","10":"product_tag-blog-tr","11":"product_tag-blok-duzenleyici-stilleri","12":"product_tag-ceviri-hazir","13":"product_tag-disli-yorumlar","14":"product_tag-eglence","15":"product_tag-esnek-baslik","16":"product_tag-haberler","17":"product_tag-iki-sutun","18":"product_tag-izgara-duzeni","19":"product_tag-one-cikan-gorseller","20":"product_tag-ozel-arka-plan","21":"product_tag-ozel-baslik","22":"product_tag-ozel-menu","23":"product_tag-ozel-renkler","24":"product_tag-post-formatlari","25":"product_tag-rtl-dil-destegi","26":"product_tag-sag-kenar-cubugu","27":"product_tag-sol-kenar-cubugu","28":"product_tag-tam-genislikte-sablon","29":"product_tag-tema-secenekleri","30":"product_tag-yapiskan-gonderi","32":"first","33":"instock","34":"downloadable","35":"virtual","36":"product-type-simple"},"_links":{"self":[{"href":"https:\/\/hexexist.com\/tr\/wp-json\/wp\/v2\/product\/14423","targetHints":{"allow":["GET"]}}],"collection":[{"href":"https:\/\/hexexist.com\/tr\/wp-json\/wp\/v2\/product"}],"about":[{"href":"https:\/\/hexexist.com\/tr\/wp-json\/wp\/v2\/types\/product"}],"replies":[{"embeddable":true,"href":"https:\/\/hexexist.com\/tr\/wp-json\/wp\/v2\/comments?post=14423"}],"wp:featuredmedia":[{"embeddable":true,"href":"https:\/\/hexexist.com\/tr\/wp-json\/wp\/v2\/media\/12821"}],"wp:attachment":[{"href":"https:\/\/hexexist.com\/tr\/wp-json\/wp\/v2\/media?parent=14423"}],"wp:term":[{"taxonomy":"product_brand","embeddable":true,"href":"https:\/\/hexexist.com\/tr\/wp-json\/wp\/v2\/product_brand?post=14423"},{"taxonomy":"product_cat","embeddable":true,"href":"https:\/\/hexexist.com\/tr\/wp-json\/wp\/v2\/product_cat?post=14423"},{"taxonomy":"product_tag","embeddable":true,"href":"https:\/\/hexexist.com\/tr\/wp-json\/wp\/v2\/product_tag?post=14423"}],"curies":[{"name":"wp","href":"https:\/\/api.w.org\/{rel}","templated":true}]}}