{"id":14424,"date":"2025-10-08T14:07:12","date_gmt":"2025-10-08T14:07:12","guid":{"rendered":"http:\/\/hexexist.com\/product\/yirmi-yirmi-bes\/"},"modified":"2025-10-14T19:27:12","modified_gmt":"2025-10-14T19:27:12","slug":"yirmi-yirmi-bes","status":"publish","type":"product","link":"https:\/\/hexexist.com\/tr\/urun\/yirmi-yirmi-bes\/","title":{"rendered":"Yirmi Yirmi Be\u015f"},"content":{"rendered":"\n<p>Twenty Twenty-Five sadeli\u011fi ve uyarlanabilirli\u011fi vurgular. Hizmetler ve a\u00e7\u0131l\u0131\u015f sayfalar\u0131 gibi farkl\u0131 sayfa t\u00fcrleri i\u00e7in \u00e7e\u015fitli \u015fablonlarla desteklenen esnek tasar\u0131m se\u00e7enekleri sunar ve ki\u015fisel bloglar, profesyonel portf\u00f6yler, \u00e7evrimi\u00e7i dergiler veya i\u015f web siteleri olu\u015fturmak i\u00e7in idealdir. \u015eablonlar\u0131 metin odakl\u0131dan g\u00f6r\u00fcnt\u00fc a\u011f\u0131rl\u0131kl\u0131 d\u00fczenlere kadar \u00e7e\u015fitli blog stillerine hitap eder. Ayr\u0131ca, uluslararas\u0131 tipografi ve \u00e7e\u015fitli renk paletlerini destekleyerek d\u00fcnya \u00e7ap\u0131ndaki kullan\u0131c\u0131lar i\u00e7in eri\u015filebilirlik ve \u00f6zelle\u015ftirme sa\u011flar.   <\/p>\n\n<p><\/p>\n","protected":false},"excerpt":{"rendered":"<p>Twenty Twenty-Five sadeli\u011fi ve uyarlanabilirli\u011fi vurgular. Hizmetler ve a\u00e7\u0131l\u0131\u015f sayfalar\u0131 gibi farkl\u0131 sayfa t\u00fcrleri i\u00e7in \u00e7e\u015fitli \u015fablonlarla desteklenen esnek tasar\u0131m se\u00e7enekleri sunar ve ki\u015fisel bloglar, profesyonel portf\u00f6yler, \u00e7evrimi\u00e7i dergiler veya i\u015f web siteleri olu\u015fturmak i\u00e7in idealdir. \u015eablonlar\u0131 metin odakl\u0131dan g\u00f6r\u00fcnt\u00fc a\u011f\u0131rl\u0131kl\u0131 d\u00fczenlere kadar \u00e7e\u015fitli blog stillerine hitap eder. Ayr\u0131ca, uluslararas\u0131 tipografi ve \u00e7e\u015fitli renk paletlerini [&hellip;]<\/p>\n","protected":false},"featured_media":12710,"comment_status":"open","ping_status":"closed","template":"","meta":[],"product_brand":[],"product_cat":[1415,1416],"product_tag":[1614,2768],"class_list":{"0":"post-14424","1":"product","2":"type-product","3":"status-publish","4":"has-post-thumbnail","6":"product_cat-temalar","7":"product_cat-wordpress-tr","8":"product_tag-tema","9":"product_tag-wordpress-tr-2","11":"first","12":"instock","13":"downloadable","14":"virtual","15":"product-type-simple"},"_links":{"self":[{"href":"https:\/\/hexexist.com\/tr\/wp-json\/wp\/v2\/product\/14424","targetHints":{"allow":["GET"]}}],"collection":[{"href":"https:\/\/hexexist.com\/tr\/wp-json\/wp\/v2\/product"}],"about":[{"href":"https:\/\/hexexist.com\/tr\/wp-json\/wp\/v2\/types\/product"}],"replies":[{"embeddable":true,"href":"https:\/\/hexexist.com\/tr\/wp-json\/wp\/v2\/comments?post=14424"}],"wp:featuredmedia":[{"embeddable":true,"href":"https:\/\/hexexist.com\/tr\/wp-json\/wp\/v2\/media\/12710"}],"wp:attachment":[{"href":"https:\/\/hexexist.com\/tr\/wp-json\/wp\/v2\/media?parent=14424"}],"wp:term":[{"taxonomy":"product_brand","embeddable":true,"href":"https:\/\/hexexist.com\/tr\/wp-json\/wp\/v2\/product_brand?post=14424"},{"taxonomy":"product_cat","embeddable":true,"href":"https:\/\/hexexist.com\/tr\/wp-json\/wp\/v2\/product_cat?post=14424"},{"taxonomy":"product_tag","embeddable":true,"href":"https:\/\/hexexist.com\/tr\/wp-json\/wp\/v2\/product_tag?post=14424"}],"curies":[{"name":"wp","href":"https:\/\/api.w.org\/{rel}","templated":true}]}}