{"id":14426,"date":"2025-10-08T14:07:13","date_gmt":"2025-10-08T14:07:13","guid":{"rendered":"http:\/\/hexexist.com\/product\/yirmi-yirmi-dort\/"},"modified":"2025-10-14T19:27:13","modified_gmt":"2025-10-14T19:27:13","slug":"yirmi-yirmi-dort","status":"publish","type":"product","link":"https:\/\/hexexist.com\/tr\/urun\/yirmi-yirmi-dort\/","title":{"rendered":"Yirmi Yirmi D\u00f6rt"},"content":{"rendered":"\n<p>Twenty Twenty-Four esnek, \u00e7ok y\u00f6nl\u00fc ve her web sitesine uygulanabilir olacak \u015fekilde tasarlanm\u0131\u015ft\u0131r. \u015eablon ve desen koleksiyonu, bir i\u015fletmeyi sunmak, blog yazmak ve yazmak veya i\u015f sergilemek gibi farkl\u0131 ihtiya\u00e7lara g\u00f6re uyarlan\u0131r. Sadece birka\u00e7 renk ve tipografi ayarlamas\u0131yla \u00e7ok say\u0131da olas\u0131l\u0131k ortaya \u00e7\u0131kar. Twenty Twenty-Four, site olu\u015fturma s\u00fcrecini h\u0131zland\u0131rmaya yard\u0131mc\u0131 olmak i\u00e7in stil varyasyonlar\u0131 ve tam sayfa tasar\u0131mlar\u0131 ile birlikte gelir, site edit\u00f6r\u00fc ile tamamen uyumludur ve WordPress 6.4&#8217;te sunulan yeni tasar\u0131m ara\u00e7lar\u0131ndan yararlan\u0131r.   <\/p>\n\n<p><\/p>\n","protected":false},"excerpt":{"rendered":"<p>Twenty Twenty-Four esnek, \u00e7ok y\u00f6nl\u00fc ve her web sitesine uygulanabilir olacak \u015fekilde tasarlanm\u0131\u015ft\u0131r. \u015eablon ve desen koleksiyonu, bir i\u015fletmeyi sunmak, blog yazmak ve yazmak veya i\u015f sergilemek gibi farkl\u0131 ihtiya\u00e7lara g\u00f6re uyarlan\u0131r. Sadece birka\u00e7 renk ve tipografi ayarlamas\u0131yla \u00e7ok say\u0131da olas\u0131l\u0131k ortaya \u00e7\u0131kar. Twenty Twenty-Four, site olu\u015fturma s\u00fcrecini h\u0131zland\u0131rmaya yard\u0131mc\u0131 olmak i\u00e7in stil varyasyonlar\u0131 ve [&hellip;]<\/p>\n","protected":false},"featured_media":12711,"comment_status":"open","ping_status":"closed","template":"","meta":[],"product_brand":[],"product_cat":[1415,1416],"product_tag":[1614,2768],"class_list":{"0":"post-14426","1":"product","2":"type-product","3":"status-publish","4":"has-post-thumbnail","6":"product_cat-temalar","7":"product_cat-wordpress-tr","8":"product_tag-tema","9":"product_tag-wordpress-tr-2","11":"first","12":"instock","13":"downloadable","14":"virtual","15":"product-type-simple"},"_links":{"self":[{"href":"https:\/\/hexexist.com\/tr\/wp-json\/wp\/v2\/product\/14426","targetHints":{"allow":["GET"]}}],"collection":[{"href":"https:\/\/hexexist.com\/tr\/wp-json\/wp\/v2\/product"}],"about":[{"href":"https:\/\/hexexist.com\/tr\/wp-json\/wp\/v2\/types\/product"}],"replies":[{"embeddable":true,"href":"https:\/\/hexexist.com\/tr\/wp-json\/wp\/v2\/comments?post=14426"}],"wp:featuredmedia":[{"embeddable":true,"href":"https:\/\/hexexist.com\/tr\/wp-json\/wp\/v2\/media\/12711"}],"wp:attachment":[{"href":"https:\/\/hexexist.com\/tr\/wp-json\/wp\/v2\/media?parent=14426"}],"wp:term":[{"taxonomy":"product_brand","embeddable":true,"href":"https:\/\/hexexist.com\/tr\/wp-json\/wp\/v2\/product_brand?post=14426"},{"taxonomy":"product_cat","embeddable":true,"href":"https:\/\/hexexist.com\/tr\/wp-json\/wp\/v2\/product_cat?post=14426"},{"taxonomy":"product_tag","embeddable":true,"href":"https:\/\/hexexist.com\/tr\/wp-json\/wp\/v2\/product_tag?post=14426"}],"curies":[{"name":"wp","href":"https:\/\/api.w.org\/{rel}","templated":true}]}}