{"id":14427,"date":"2025-10-08T14:07:16","date_gmt":"2025-10-08T14:07:16","guid":{"rendered":"http:\/\/hexexist.com\/product\/kadence\/"},"modified":"2025-10-14T19:27:13","modified_gmt":"2025-10-14T19:27:13","slug":"kadence","status":"publish","type":"product","link":"https:\/\/hexexist.com\/tr\/urun\/kadence\/","title":{"rendered":"Kadence"},"content":{"rendered":"\n<p>Kadence Temas\u0131, her zamankinden daha kolay, g\u00fczel, h\u0131zl\u0131 y\u00fcklenen ve eri\u015filebilir web siteleri olu\u015fturmak i\u00e7in hafif ancak tam \u00f6zellikli bir WordPress temas\u0131d\u0131r. Her t\u00fcr ba\u015fl\u0131\u011f\u0131 dakikalar i\u00e7inde olu\u015fturmak i\u00e7in kullan\u0131m\u0131 kolay bir s\u00fcr\u00fckle ve b\u0131rak \u00fcstbilgi ve altbilgi olu\u015fturucuya sahiptir. Ak\u0131ll\u0131 global yaz\u0131 tipi ve renk kontrollerimizle kolayca de\u011fi\u015ftirilebilen muhte\u015fem ba\u015flang\u0131\u00e7 \u015fablonlar\u0131ndan olu\u015fan eksiksiz bir k\u00fct\u00fcphaneye sahiptir. En pop\u00fcler 3. parti eklentilerle kapsaml\u0131 entegrasyon sayesinde etkileyici e-ticaret web siteleri, kurs web siteleri, i\u015f web siteleri ve daha fazlas\u0131n\u0131 h\u0131zl\u0131 bir \u015fekilde olu\u015fturabilirsiniz.   <\/p>\n","protected":false},"excerpt":{"rendered":"<p>Kadence Temas\u0131, her zamankinden daha kolay, g\u00fczel, h\u0131zl\u0131 y\u00fcklenen ve eri\u015filebilir web siteleri olu\u015fturmak i\u00e7in hafif ancak tam \u00f6zellikli bir WordPress temas\u0131d\u0131r. Her t\u00fcr ba\u015fl\u0131\u011f\u0131 dakikalar i\u00e7inde olu\u015fturmak i\u00e7in kullan\u0131m\u0131 kolay bir s\u00fcr\u00fckle ve b\u0131rak \u00fcstbilgi ve altbilgi olu\u015fturucuya sahiptir. Ak\u0131ll\u0131 global yaz\u0131 tipi ve renk kontrollerimizle kolayca de\u011fi\u015ftirilebilen muhte\u015fem ba\u015flang\u0131\u00e7 \u015fablonlar\u0131ndan olu\u015fan eksiksiz bir [&hellip;]<\/p>\n","protected":false},"featured_media":12716,"comment_status":"open","ping_status":"closed","template":"","meta":[],"product_brand":[],"product_cat":[1415,1416],"product_tag":[1614,2768],"class_list":{"0":"post-14427","1":"product","2":"type-product","3":"status-publish","4":"has-post-thumbnail","6":"product_cat-temalar","7":"product_cat-wordpress-tr","8":"product_tag-tema","9":"product_tag-wordpress-tr-2","11":"first","12":"instock","13":"downloadable","14":"virtual","15":"product-type-simple"},"_links":{"self":[{"href":"https:\/\/hexexist.com\/tr\/wp-json\/wp\/v2\/product\/14427","targetHints":{"allow":["GET"]}}],"collection":[{"href":"https:\/\/hexexist.com\/tr\/wp-json\/wp\/v2\/product"}],"about":[{"href":"https:\/\/hexexist.com\/tr\/wp-json\/wp\/v2\/types\/product"}],"replies":[{"embeddable":true,"href":"https:\/\/hexexist.com\/tr\/wp-json\/wp\/v2\/comments?post=14427"}],"wp:featuredmedia":[{"embeddable":true,"href":"https:\/\/hexexist.com\/tr\/wp-json\/wp\/v2\/media\/12716"}],"wp:attachment":[{"href":"https:\/\/hexexist.com\/tr\/wp-json\/wp\/v2\/media?parent=14427"}],"wp:term":[{"taxonomy":"product_brand","embeddable":true,"href":"https:\/\/hexexist.com\/tr\/wp-json\/wp\/v2\/product_brand?post=14427"},{"taxonomy":"product_cat","embeddable":true,"href":"https:\/\/hexexist.com\/tr\/wp-json\/wp\/v2\/product_cat?post=14427"},{"taxonomy":"product_tag","embeddable":true,"href":"https:\/\/hexexist.com\/tr\/wp-json\/wp\/v2\/product_tag?post=14427"}],"curies":[{"name":"wp","href":"https:\/\/api.w.org\/{rel}","templated":true}]}}