{"id":14428,"date":"2025-10-08T14:07:14","date_gmt":"2025-10-08T14:07:14","guid":{"rendered":"http:\/\/hexexist.com\/product\/merhaba-elementor\/"},"modified":"2025-10-14T19:27:13","modified_gmt":"2025-10-14T19:27:13","slug":"merhaba-elementor","status":"publish","type":"product","link":"https:\/\/hexexist.com\/tr\/urun\/merhaba-elementor\/","title":{"rendered":"Merhaba Elementor"},"content":{"rendered":"\n<p>Hello Elementor, Elementor site olu\u015fturucu eklentisiyle sorunsuz bir \u015fekilde \u00e7al\u0131\u015fmak \u00fczere \u00f6zel olarak tasarlanm\u0131\u015f hafif ve minimalist bir WordPress temas\u0131d\u0131r. Tema \u00fccretsiz ve a\u00e7\u0131k kaynak kodlu olup esnek, kullan\u0131m\u0131 kolay ve \u00f6zelle\u015ftirilebilir bir web sitesi isteyen kullan\u0131c\u0131lar i\u00e7in tasarlanm\u0131\u015ft\u0131r. Performans i\u00e7in optimize edilen tema, kullan\u0131c\u0131lar\u0131n Elementor s\u00fcr\u00fckle ve b\u0131rak site olu\u015fturucuyu kullanarak kendi benzersiz tasar\u0131mlar\u0131n\u0131 olu\u015fturmalar\u0131 i\u00e7in sa\u011flam bir temel sa\u011flar. Basitli\u011fi ve esnekli\u011fi onu hem yeni ba\u015flayanlar hem de deneyimli Web Yarat\u0131c\u0131lar\u0131 i\u00e7in m\u00fckemmel bir se\u00e7im haline getiriyor.   <\/p>\n","protected":false},"excerpt":{"rendered":"<p>Hello Elementor, Elementor site olu\u015fturucu eklentisiyle sorunsuz bir \u015fekilde \u00e7al\u0131\u015fmak \u00fczere \u00f6zel olarak tasarlanm\u0131\u015f hafif ve minimalist bir WordPress temas\u0131d\u0131r. Tema \u00fccretsiz ve a\u00e7\u0131k kaynak kodlu olup esnek, kullan\u0131m\u0131 kolay ve \u00f6zelle\u015ftirilebilir bir web sitesi isteyen kullan\u0131c\u0131lar i\u00e7in tasarlanm\u0131\u015ft\u0131r. Performans i\u00e7in optimize edilen tema, kullan\u0131c\u0131lar\u0131n Elementor s\u00fcr\u00fckle ve b\u0131rak site olu\u015fturucuyu kullanarak kendi benzersiz tasar\u0131mlar\u0131n\u0131 [&hellip;]<\/p>\n","protected":false},"featured_media":12712,"comment_status":"open","ping_status":"closed","template":"","meta":[],"product_brand":[],"product_cat":[1415,1416],"product_tag":[1614,2768],"class_list":{"0":"post-14428","1":"product","2":"type-product","3":"status-publish","4":"has-post-thumbnail","6":"product_cat-temalar","7":"product_cat-wordpress-tr","8":"product_tag-tema","9":"product_tag-wordpress-tr-2","11":"first","12":"instock","13":"downloadable","14":"virtual","15":"product-type-simple"},"_links":{"self":[{"href":"https:\/\/hexexist.com\/tr\/wp-json\/wp\/v2\/product\/14428","targetHints":{"allow":["GET"]}}],"collection":[{"href":"https:\/\/hexexist.com\/tr\/wp-json\/wp\/v2\/product"}],"about":[{"href":"https:\/\/hexexist.com\/tr\/wp-json\/wp\/v2\/types\/product"}],"replies":[{"embeddable":true,"href":"https:\/\/hexexist.com\/tr\/wp-json\/wp\/v2\/comments?post=14428"}],"wp:featuredmedia":[{"embeddable":true,"href":"https:\/\/hexexist.com\/tr\/wp-json\/wp\/v2\/media\/12712"}],"wp:attachment":[{"href":"https:\/\/hexexist.com\/tr\/wp-json\/wp\/v2\/media?parent=14428"}],"wp:term":[{"taxonomy":"product_brand","embeddable":true,"href":"https:\/\/hexexist.com\/tr\/wp-json\/wp\/v2\/product_brand?post=14428"},{"taxonomy":"product_cat","embeddable":true,"href":"https:\/\/hexexist.com\/tr\/wp-json\/wp\/v2\/product_cat?post=14428"},{"taxonomy":"product_tag","embeddable":true,"href":"https:\/\/hexexist.com\/tr\/wp-json\/wp\/v2\/product_tag?post=14428"}],"curies":[{"name":"wp","href":"https:\/\/api.w.org\/{rel}","templated":true}]}}