{"id":14429,"date":"2025-10-08T14:07:17","date_gmt":"2025-10-08T14:07:17","guid":{"rendered":"http:\/\/hexexist.com\/product\/generatepress\/"},"modified":"2025-10-14T19:27:13","modified_gmt":"2025-10-14T19:27:13","slug":"generatepress","status":"publish","type":"product","link":"https:\/\/hexexist.com\/tr\/urun\/generatepress\/","title":{"rendered":"GeneratePress"},"content":{"rendered":"\n<p>GeneratePress, h\u0131z ve kullan\u0131labilirli\u011fe odaklanarak olu\u015fturulmu\u015f hafif bir WordPress temas\u0131d\u0131r. Performans bizim i\u00e7in \u00f6nemlidir, bu nedenle yeni bir GeneratePress y\u00fcklemesi sayfa boyutunuza 10 kb&#8217;den (gzipped) daha az ekler. \u0130\u00e7eri\u011finizi olu\u015fturma konusunda size daha fazla kontrol sa\u011flayan blok edit\u00f6r\u00fcnden (Gutenberg) tam olarak yararlan\u0131yoruz. Sayfa olu\u015fturucular\u0131 kullan\u0131yorsan\u0131z, GeneratePress sizin i\u00e7in do\u011fru temad\u0131r. Beaver Builder ve Elementor dahil olmak \u00fczere t\u00fcm b\u00fcy\u00fck sayfa olu\u015fturucularla tamamen uyumludur. WordPress kodlama standartlar\u0131na verdi\u011fimiz \u00f6nem sayesinde, WooCommerce dahil olmak \u00fczere t\u00fcm iyi kodlanm\u0131\u015f eklentilerle tam uyumlulu\u011fa sahip olabiliriz. GeneratePress tamamen duyarl\u0131d\u0131r, ge\u00e7erli HTML\/CSS kullan\u0131r ve muhte\u015fem kullan\u0131c\u0131 toplulu\u011fumuz taraf\u0131ndan 25&#8217;ten fazla dile \u00e7evrilmi\u015ftir. Bir\u00e7ok \u00f6zelli\u011fimizden birka\u00e7\u0131 60&#8217;tan fazla renk kontrol\u00fc, g\u00fc\u00e7l\u00fc dinamik tipografi, 5 gezinme konumu, 5 kenar \u00e7ubu\u011fu d\u00fczeni, a\u00e7\u0131l\u0131r men\u00fcler (t\u0131klay\u0131n veya \u00fczerine gelin) ve 9 widget alan\u0131 i\u00e7erir. Daha fazla bilgi edinin ve https:\/\/generatepress.com adresindeki g\u00fc\u00e7l\u00fc premium s\u00fcr\u00fcm\u00fcm\u00fcze g\u00f6z at\u0131n        <\/p>\n","protected":false},"excerpt":{"rendered":"<p>GeneratePress, h\u0131z ve kullan\u0131labilirli\u011fe odaklanarak olu\u015fturulmu\u015f hafif bir WordPress temas\u0131d\u0131r. Performans bizim i\u00e7in \u00f6nemlidir, bu nedenle yeni bir GeneratePress y\u00fcklemesi sayfa boyutunuza 10 kb&#8217;den (gzipped) daha az ekler. \u0130\u00e7eri\u011finizi olu\u015fturma konusunda size daha fazla kontrol sa\u011flayan blok edit\u00f6r\u00fcnden (Gutenberg) tam olarak yararlan\u0131yoruz. Sayfa olu\u015fturucular\u0131 kullan\u0131yorsan\u0131z, GeneratePress sizin i\u00e7in do\u011fru temad\u0131r. Beaver Builder ve Elementor dahil [&hellip;]<\/p>\n","protected":false},"featured_media":12719,"comment_status":"open","ping_status":"closed","template":"","meta":[],"product_brand":[],"product_cat":[1415,1416],"product_tag":[2645,2651,1575,2769,2648,2647,2747,2756,2644,2642,2758,2643,2753,2750,2646,2650,2748,2709,2764,2755],"class_list":{"0":"post-14429","1":"product","2":"type-product","3":"status-publish","4":"has-post-thumbnail","6":"product_cat-temalar","7":"product_cat-wordpress-tr","8":"product_tag-altbilgi-widgetlari","9":"product_tag-bir-sutun","10":"product_tag-blog-tr","11":"product_tag-buddypress-tr","12":"product_tag-ceviri-hazir","13":"product_tag-disli-yorumlar","14":"product_tag-e-ticaret-tr","15":"product_tag-esnek-baslik","16":"product_tag-one-cikan-gorseller","17":"product_tag-ozel-arka-plan","18":"product_tag-ozel-baslik","19":"product_tag-ozel-menu","20":"product_tag-ozel-renkler","21":"product_tag-rtl-dil-destegi","22":"product_tag-sag-kenar-cubugu","23":"product_tag-sol-kenar-cubugu","24":"product_tag-tam-genislikte-sablon","25":"product_tag-tema-secenekleri","26":"product_tag-uc-sutun","27":"product_tag-yapiskan-gonderi","29":"first","30":"instock","31":"downloadable","32":"virtual","33":"product-type-simple"},"_links":{"self":[{"href":"https:\/\/hexexist.com\/tr\/wp-json\/wp\/v2\/product\/14429","targetHints":{"allow":["GET"]}}],"collection":[{"href":"https:\/\/hexexist.com\/tr\/wp-json\/wp\/v2\/product"}],"about":[{"href":"https:\/\/hexexist.com\/tr\/wp-json\/wp\/v2\/types\/product"}],"replies":[{"embeddable":true,"href":"https:\/\/hexexist.com\/tr\/wp-json\/wp\/v2\/comments?post=14429"}],"wp:featuredmedia":[{"embeddable":true,"href":"https:\/\/hexexist.com\/tr\/wp-json\/wp\/v2\/media\/12719"}],"wp:attachment":[{"href":"https:\/\/hexexist.com\/tr\/wp-json\/wp\/v2\/media?parent=14429"}],"wp:term":[{"taxonomy":"product_brand","embeddable":true,"href":"https:\/\/hexexist.com\/tr\/wp-json\/wp\/v2\/product_brand?post=14429"},{"taxonomy":"product_cat","embeddable":true,"href":"https:\/\/hexexist.com\/tr\/wp-json\/wp\/v2\/product_cat?post=14429"},{"taxonomy":"product_tag","embeddable":true,"href":"https:\/\/hexexist.com\/tr\/wp-json\/wp\/v2\/product_tag?post=14429"}],"curies":[{"name":"wp","href":"https:\/\/api.w.org\/{rel}","templated":true}]}}