{"id":14430,"date":"2025-10-08T14:07:15","date_gmt":"2025-10-08T14:07:15","guid":{"rendered":"http:\/\/hexexist.com\/product\/yirmi-yirmi-iki\/"},"modified":"2025-10-14T19:27:13","modified_gmt":"2025-10-14T19:27:13","slug":"yirmi-yirmi-iki","status":"publish","type":"product","link":"https:\/\/hexexist.com\/tr\/urun\/yirmi-yirmi-iki\/","title":{"rendered":"Yirmi Yirmi \u0130ki"},"content":{"rendered":"\n<p>Sa\u011flam tasar\u0131ml\u0131 bir temel \u00fczerine in\u015fa edilen Twenty Twenty-Two, herkesin ger\u00e7ekten benzersiz bir web sitesini hak etti\u011fi fikrini benimsiyor. Teman\u0131n ince stilleri ku\u015flar\u0131n \u00e7e\u015fitlili\u011finden ve \u00e7ok y\u00f6nl\u00fcl\u00fc\u011f\u00fcnden ilham al\u0131yor: tipografisi hafif ama g\u00fc\u00e7l\u00fc, renk paleti do\u011fadan al\u0131nm\u0131\u015f ve d\u00fczen \u00f6\u011feleri sayfada nazik\u00e7e oturuyor. Twenty Twenty-Two&#8217;nun ger\u00e7ek zenginli\u011fi \u00f6zelle\u015ftirme f\u0131rsat\u0131nda yat\u0131yor. Tema, WordPress 5.9&#8217;da tan\u0131t\u0131lan Site D\u00fczenleyici \u00f6zelliklerinden yararlanacak \u015fekilde olu\u015fturulmu\u015ftur; bu da renklerin, tipografinin ve sitenizdeki her bir sayfan\u0131n d\u00fczeninin vizyonunuza uyacak \u015fekilde \u00f6zelle\u015ftirilebilece\u011fi anlam\u0131na gelir. Ayr\u0131ca d\u00fczinelerce blok deseni i\u00e7erir ve sadece birka\u00e7 t\u0131klamayla \u00e7ok \u00e7e\u015fitli profesyonelce tasarlanm\u0131\u015f d\u00fczenlere kap\u0131 a\u00e7ar. \u0130ster tek sayfal\u0131k bir web sitesi, ister bir blog, bir i\u015fletme web sitesi veya bir portf\u00f6y olu\u015fturuyor olun, Twenty Twenty-Two benzersiz bir \u015fekilde size ait bir site olu\u015fturman\u0131za yard\u0131mc\u0131 olacakt\u0131r.     <\/p>\n","protected":false},"excerpt":{"rendered":"<p>Sa\u011flam tasar\u0131ml\u0131 bir temel \u00fczerine in\u015fa edilen Twenty Twenty-Two, herkesin ger\u00e7ekten benzersiz bir web sitesini hak etti\u011fi fikrini benimsiyor. Teman\u0131n ince stilleri ku\u015flar\u0131n \u00e7e\u015fitlili\u011finden ve \u00e7ok y\u00f6nl\u00fcl\u00fc\u011f\u00fcnden ilham al\u0131yor: tipografisi hafif ama g\u00fc\u00e7l\u00fc, renk paleti do\u011fadan al\u0131nm\u0131\u015f ve d\u00fczen \u00f6\u011feleri sayfada nazik\u00e7e oturuyor. Twenty Twenty-Two&#8217;nun ger\u00e7ek zenginli\u011fi \u00f6zelle\u015ftirme f\u0131rsat\u0131nda yat\u0131yor. Tema, WordPress 5.9&#8217;da tan\u0131t\u0131lan Site [&hellip;]<\/p>\n","protected":false},"featured_media":12715,"comment_status":"open","ping_status":"closed","template":"","meta":[],"product_brand":[],"product_cat":[1415,1416],"product_tag":[1614,2768],"class_list":{"0":"post-14430","1":"product","2":"type-product","3":"status-publish","4":"has-post-thumbnail","6":"product_cat-temalar","7":"product_cat-wordpress-tr","8":"product_tag-tema","9":"product_tag-wordpress-tr-2","11":"first","12":"instock","13":"downloadable","14":"virtual","15":"product-type-simple"},"_links":{"self":[{"href":"https:\/\/hexexist.com\/tr\/wp-json\/wp\/v2\/product\/14430","targetHints":{"allow":["GET"]}}],"collection":[{"href":"https:\/\/hexexist.com\/tr\/wp-json\/wp\/v2\/product"}],"about":[{"href":"https:\/\/hexexist.com\/tr\/wp-json\/wp\/v2\/types\/product"}],"replies":[{"embeddable":true,"href":"https:\/\/hexexist.com\/tr\/wp-json\/wp\/v2\/comments?post=14430"}],"wp:featuredmedia":[{"embeddable":true,"href":"https:\/\/hexexist.com\/tr\/wp-json\/wp\/v2\/media\/12715"}],"wp:attachment":[{"href":"https:\/\/hexexist.com\/tr\/wp-json\/wp\/v2\/media?parent=14430"}],"wp:term":[{"taxonomy":"product_brand","embeddable":true,"href":"https:\/\/hexexist.com\/tr\/wp-json\/wp\/v2\/product_brand?post=14430"},{"taxonomy":"product_cat","embeddable":true,"href":"https:\/\/hexexist.com\/tr\/wp-json\/wp\/v2\/product_cat?post=14430"},{"taxonomy":"product_tag","embeddable":true,"href":"https:\/\/hexexist.com\/tr\/wp-json\/wp\/v2\/product_tag?post=14430"}],"curies":[{"name":"wp","href":"https:\/\/api.w.org\/{rel}","templated":true}]}}