{"id":14431,"date":"2025-10-08T14:07:17","date_gmt":"2025-10-08T14:07:17","guid":{"rendered":"http:\/\/hexexist.com\/product\/oceanwp\/"},"modified":"2025-10-14T19:27:13","modified_gmt":"2025-10-14T19:27:13","slug":"oceanwp","status":"publish","type":"product","link":"https:\/\/hexexist.com\/tr\/urun\/oceanwp\/","title":{"rendered":"OceanWP"},"content":{"rendered":"\n<p>OceanWP projeniz i\u00e7in m\u00fckemmel bir temad\u0131r. Hafif ve son derece geni\u015fletilebilir, g\u00fczel ve profesyonel bir tasar\u0131ma sahip bir blog, portf\u00f6y, i\u015f web sitesi ve WooCommerce vitrin gibi hemen hemen her t\u00fcr web sitesi olu\u015fturman\u0131za olanak tan\u0131r. \u00c7ok h\u0131zl\u0131, duyarl\u0131, RTL ve \u00e7eviriye haz\u0131r, en iyi SEO uygulamalar\u0131, d\u00f6n\u00fc\u015f\u00fcm\u00fc art\u0131rmak i\u00e7in benzersiz WooCommerce \u00f6zellikleri ve \u00e7ok daha fazlas\u0131. Sitenizin her cihazda iyi g\u00f6r\u00fcnmesi i\u00e7in tablet ve mobil ayarlar\u0131n\u0131 bile d\u00fczenleyebilirsiniz. Elementor, Beaver Builder, Brizy, Visual Composer, Divi, SiteOrigin gibi en pop\u00fcler sayfa olu\u015fturucularla \u00e7al\u0131\u015f\u0131n&#8230; Geli\u015ftiriciler, \u00f6zelle\u015ftirmeyi ve geni\u015fletmeyi bir zevk haline getiren geni\u015fletilebilir kod taban\u0131n\u0131 sevecekler. Elementor ve WooCommerce&#8217;in en iyi arkada\u015f\u0131. \u00c7ok Ama\u00e7l\u0131 bir tema m\u0131 ar\u0131yorsunuz? Ba\u015fka yere bakmay\u0131n! \u0130htiyac\u0131n\u0131z olan tek tema oldu\u011funu anlamak i\u00e7in demolar\u0131 kontrol edin: https:\/\/oceanwp.org\/demos\/        <\/p>\n","protected":false},"excerpt":{"rendered":"<p>OceanWP projeniz i\u00e7in m\u00fckemmel bir temad\u0131r. Hafif ve son derece geni\u015fletilebilir, g\u00fczel ve profesyonel bir tasar\u0131ma sahip bir blog, portf\u00f6y, i\u015f web sitesi ve WooCommerce vitrin gibi hemen hemen her t\u00fcr web sitesi olu\u015fturman\u0131za olanak tan\u0131r. \u00c7ok h\u0131zl\u0131, duyarl\u0131, RTL ve \u00e7eviriye haz\u0131r, en iyi SEO uygulamalar\u0131, d\u00f6n\u00fc\u015f\u00fcm\u00fc art\u0131rmak i\u00e7in benzersiz WooCommerce \u00f6zellikleri ve \u00e7ok [&hellip;]<\/p>\n","protected":false},"featured_media":12718,"comment_status":"open","ping_status":"closed","template":"","meta":[],"product_brand":[],"product_cat":[1415,1416],"product_tag":[2645,1575,2641,2769,2648,2647,2747,2754,2759,2110,2649,2644,2642,2643,2753,2749,2750,2646,2748,2709,2755],"class_list":{"0":"post-14431","1":"product","2":"type-product","3":"status-publish","4":"has-post-thumbnail","6":"product_cat-temalar","7":"product_cat-wordpress-tr","8":"product_tag-altbilgi-widgetlari","9":"product_tag-blog-tr","10":"product_tag-blok-duzenleyici-stilleri","11":"product_tag-buddypress-tr","12":"product_tag-ceviri-hazir","13":"product_tag-disli-yorumlar","14":"product_tag-e-ticaret-tr","15":"product_tag-editor-stili","16":"product_tag-erisilebilirlik-hazir","17":"product_tag-haberler","18":"product_tag-iki-sutun","19":"product_tag-one-cikan-gorseller","20":"product_tag-ozel-arka-plan","21":"product_tag-ozel-menu","22":"product_tag-ozel-renkler","23":"product_tag-post-formatlari","24":"product_tag-rtl-dil-destegi","25":"product_tag-sag-kenar-cubugu","26":"product_tag-tam-genislikte-sablon","27":"product_tag-tema-secenekleri","28":"product_tag-yapiskan-gonderi","30":"first","31":"instock","32":"downloadable","33":"virtual","34":"product-type-simple"},"_links":{"self":[{"href":"https:\/\/hexexist.com\/tr\/wp-json\/wp\/v2\/product\/14431","targetHints":{"allow":["GET"]}}],"collection":[{"href":"https:\/\/hexexist.com\/tr\/wp-json\/wp\/v2\/product"}],"about":[{"href":"https:\/\/hexexist.com\/tr\/wp-json\/wp\/v2\/types\/product"}],"replies":[{"embeddable":true,"href":"https:\/\/hexexist.com\/tr\/wp-json\/wp\/v2\/comments?post=14431"}],"wp:featuredmedia":[{"embeddable":true,"href":"https:\/\/hexexist.com\/tr\/wp-json\/wp\/v2\/media\/12718"}],"wp:attachment":[{"href":"https:\/\/hexexist.com\/tr\/wp-json\/wp\/v2\/media?parent=14431"}],"wp:term":[{"taxonomy":"product_brand","embeddable":true,"href":"https:\/\/hexexist.com\/tr\/wp-json\/wp\/v2\/product_brand?post=14431"},{"taxonomy":"product_cat","embeddable":true,"href":"https:\/\/hexexist.com\/tr\/wp-json\/wp\/v2\/product_cat?post=14431"},{"taxonomy":"product_tag","embeddable":true,"href":"https:\/\/hexexist.com\/tr\/wp-json\/wp\/v2\/product_tag?post=14431"}],"curies":[{"name":"wp","href":"https:\/\/api.w.org\/{rel}","templated":true}]}}