{"id":14432,"date":"2025-10-08T14:07:15","date_gmt":"2025-10-08T14:07:15","guid":{"rendered":"http:\/\/hexexist.com\/product\/yirmi-yirmi-uc\/"},"modified":"2025-10-14T19:27:13","modified_gmt":"2025-10-14T19:27:13","slug":"yirmi-yirmi-uc","status":"publish","type":"product","link":"https:\/\/hexexist.com\/tr\/urun\/yirmi-yirmi-uc\/","title":{"rendered":"Yirmi Yirmi \u00dc\u00e7"},"content":{"rendered":"\n<p>Twenty Twenty-Three, WordPress 6.1&#8217;de sunulan yeni tasar\u0131m ara\u00e7lar\u0131ndan yararlanmak \u00fczere tasarlanm\u0131\u015ft\u0131r. Ba\u015flang\u0131\u00e7 noktas\u0131 olarak temiz, bo\u015f bir tabana sahip olan bu varsay\u0131lan tema, WordPress toplulu\u011funun \u00fcyeleri taraf\u0131ndan olu\u015fturulan on farkl\u0131 stil varyasyonu i\u00e7erir. \u0130ster karma\u015f\u0131k ister inan\u0131lmaz derecede basit bir web sitesi olu\u015fturmak isteyin, bunu paketlenmi\u015f stiller arac\u0131l\u0131\u011f\u0131yla h\u0131zl\u0131 ve sezgisel bir \u015fekilde yapabilir veya kendiniz olu\u015fturmaya ve tam \u00f6zelle\u015ftirmeye dalabilirsiniz.  <\/p>\n","protected":false},"excerpt":{"rendered":"<p>Twenty Twenty-Three, WordPress 6.1&#8217;de sunulan yeni tasar\u0131m ara\u00e7lar\u0131ndan yararlanmak \u00fczere tasarlanm\u0131\u015ft\u0131r. Ba\u015flang\u0131\u00e7 noktas\u0131 olarak temiz, bo\u015f bir tabana sahip olan bu varsay\u0131lan tema, WordPress toplulu\u011funun \u00fcyeleri taraf\u0131ndan olu\u015fturulan on farkl\u0131 stil varyasyonu i\u00e7erir. \u0130ster karma\u015f\u0131k ister inan\u0131lmaz derecede basit bir web sitesi olu\u015fturmak isteyin, bunu paketlenmi\u015f stiller arac\u0131l\u0131\u011f\u0131yla h\u0131zl\u0131 ve sezgisel bir \u015fekilde yapabilir veya [&hellip;]<\/p>\n","protected":false},"featured_media":10052,"comment_status":"open","ping_status":"closed","template":"","meta":[],"product_brand":[],"product_cat":[1415,1416],"product_tag":[1614,2768],"class_list":{"0":"post-14432","1":"product","2":"type-product","3":"status-publish","4":"has-post-thumbnail","6":"product_cat-temalar","7":"product_cat-wordpress-tr","8":"product_tag-tema","9":"product_tag-wordpress-tr-2","11":"first","12":"instock","13":"downloadable","14":"virtual","15":"product-type-simple"},"_links":{"self":[{"href":"https:\/\/hexexist.com\/tr\/wp-json\/wp\/v2\/product\/14432","targetHints":{"allow":["GET"]}}],"collection":[{"href":"https:\/\/hexexist.com\/tr\/wp-json\/wp\/v2\/product"}],"about":[{"href":"https:\/\/hexexist.com\/tr\/wp-json\/wp\/v2\/types\/product"}],"replies":[{"embeddable":true,"href":"https:\/\/hexexist.com\/tr\/wp-json\/wp\/v2\/comments?post=14432"}],"wp:featuredmedia":[{"embeddable":true,"href":"https:\/\/hexexist.com\/tr\/wp-json\/wp\/v2\/media\/10052"}],"wp:attachment":[{"href":"https:\/\/hexexist.com\/tr\/wp-json\/wp\/v2\/media?parent=14432"}],"wp:term":[{"taxonomy":"product_brand","embeddable":true,"href":"https:\/\/hexexist.com\/tr\/wp-json\/wp\/v2\/product_brand?post=14432"},{"taxonomy":"product_cat","embeddable":true,"href":"https:\/\/hexexist.com\/tr\/wp-json\/wp\/v2\/product_cat?post=14432"},{"taxonomy":"product_tag","embeddable":true,"href":"https:\/\/hexexist.com\/tr\/wp-json\/wp\/v2\/product_tag?post=14432"}],"curies":[{"name":"wp","href":"https:\/\/api.w.org\/{rel}","templated":true}]}}