{"id":14433,"date":"2025-10-08T14:07:17","date_gmt":"2025-10-08T14:07:17","guid":{"rendered":"http:\/\/hexexist.com\/product\/yirmi-yirmi-bir\/"},"modified":"2025-10-14T19:27:13","modified_gmt":"2025-10-14T19:27:13","slug":"yirmi-yirmi-bir","status":"publish","type":"product","link":"https:\/\/hexexist.com\/tr\/urun\/yirmi-yirmi-bir\/","title":{"rendered":"Yirmi Yirmi Bir"},"content":{"rendered":"\n<p>Twenty Twenty-One fikirleriniz i\u00e7in bo\u015f bir tuvaldir ve blok edit\u00f6r\u00fcn\u00fc en iyi f\u0131r\u00e7an\u0131z haline getirir. Birka\u00e7 saniye i\u00e7inde g\u00fczel bir d\u00fczen olu\u015fturman\u0131z\u0131 sa\u011flayan yeni blok desenleri ile bu teman\u0131n yumu\u015fak renkleri ve g\u00f6z al\u0131c\u0131 &#8211; ancak zamans\u0131z &#8211; tasar\u0131m\u0131, \u00e7al\u0131\u015fman\u0131z\u0131n parlamas\u0131na izin verecektir. Denemek i\u00e7in bir tur at\u0131n! Twenty Twenty-One&#8217;\u0131n portf\u00f6y\u00fcn\u00fcz\u00fc, i\u015f web sitenizi veya ki\u015fisel blogunuzu nas\u0131l y\u00fckseltti\u011fini g\u00f6r\u00fcn.   <\/p>\n","protected":false},"excerpt":{"rendered":"<p>Twenty Twenty-One fikirleriniz i\u00e7in bo\u015f bir tuvaldir ve blok edit\u00f6r\u00fcn\u00fc en iyi f\u0131r\u00e7an\u0131z haline getirir. Birka\u00e7 saniye i\u00e7inde g\u00fczel bir d\u00fczen olu\u015fturman\u0131z\u0131 sa\u011flayan yeni blok desenleri ile bu teman\u0131n yumu\u015fak renkleri ve g\u00f6z al\u0131c\u0131 &#8211; ancak zamans\u0131z &#8211; tasar\u0131m\u0131, \u00e7al\u0131\u015fman\u0131z\u0131n parlamas\u0131na izin verecektir. Denemek i\u00e7in bir tur at\u0131n! Twenty Twenty-One&#8217;\u0131n portf\u00f6y\u00fcn\u00fcz\u00fc, i\u015f web sitenizi veya [&hellip;]<\/p>\n","protected":false},"featured_media":12717,"comment_status":"open","ping_status":"closed","template":"","meta":[],"product_brand":[],"product_cat":[1415,1416],"product_tag":[1614,2768],"class_list":{"0":"post-14433","1":"product","2":"type-product","3":"status-publish","4":"has-post-thumbnail","6":"product_cat-temalar","7":"product_cat-wordpress-tr","8":"product_tag-tema","9":"product_tag-wordpress-tr-2","11":"first","12":"instock","13":"downloadable","14":"virtual","15":"product-type-simple"},"_links":{"self":[{"href":"https:\/\/hexexist.com\/tr\/wp-json\/wp\/v2\/product\/14433","targetHints":{"allow":["GET"]}}],"collection":[{"href":"https:\/\/hexexist.com\/tr\/wp-json\/wp\/v2\/product"}],"about":[{"href":"https:\/\/hexexist.com\/tr\/wp-json\/wp\/v2\/types\/product"}],"replies":[{"embeddable":true,"href":"https:\/\/hexexist.com\/tr\/wp-json\/wp\/v2\/comments?post=14433"}],"wp:featuredmedia":[{"embeddable":true,"href":"https:\/\/hexexist.com\/tr\/wp-json\/wp\/v2\/media\/12717"}],"wp:attachment":[{"href":"https:\/\/hexexist.com\/tr\/wp-json\/wp\/v2\/media?parent=14433"}],"wp:term":[{"taxonomy":"product_brand","embeddable":true,"href":"https:\/\/hexexist.com\/tr\/wp-json\/wp\/v2\/product_brand?post=14433"},{"taxonomy":"product_cat","embeddable":true,"href":"https:\/\/hexexist.com\/tr\/wp-json\/wp\/v2\/product_cat?post=14433"},{"taxonomy":"product_tag","embeddable":true,"href":"https:\/\/hexexist.com\/tr\/wp-json\/wp\/v2\/product_tag?post=14433"}],"curies":[{"name":"wp","href":"https:\/\/api.w.org\/{rel}","templated":true}]}}