{"id":14434,"date":"2025-10-08T14:07:18","date_gmt":"2025-10-08T14:07:18","guid":{"rendered":"http:\/\/hexexist.com\/product\/yirmi-yirmi\/"},"modified":"2025-10-14T19:27:23","modified_gmt":"2025-10-14T19:27:23","slug":"yirmi-yirmi","status":"publish","type":"product","link":"https:\/\/hexexist.com\/tr\/urun\/yirmi-yirmi\/","title":{"rendered":"Yirmi Yirmi"},"content":{"rendered":"\n<p>2020 i\u00e7in varsay\u0131lan temam\u0131z, blok d\u00fczenleyicinin esnekli\u011finden tam olarak yararlanmak \u00fczere tasarlanm\u0131\u015ft\u0131r. Kurulu\u015flar ve i\u015fletmeler, grup ve s\u00fctun bloklar\u0131n\u0131 kullanarak sonsuz d\u00fczene sahip dinamik a\u00e7\u0131l\u0131\u015f sayfalar\u0131 olu\u015fturabilir. Merkezlenmi\u015f i\u00e7erik s\u00fctunu ve ince ayarlanm\u0131\u015f tipografi, temay\u0131 geleneksel bloglar i\u00e7in de m\u00fckemmel hale getiriyor. Eksiksiz edit\u00f6r stilleri, siz yay\u0131nlamadan \u00f6nce bile i\u00e7eri\u011finizin nas\u0131l g\u00f6r\u00fcnece\u011fi konusunda size iyi bir fikir verir. \u00d6zelle\u015ftirici&#8217;de arka plan renklerini ve vurgu rengini de\u011fi\u015ftirerek sitenize ki\u015fisel bir dokunu\u015f katabilirsiniz. Sitenizdeki t\u00fcm \u00f6\u011felerin renkleri, se\u00e7ti\u011finiz renklere g\u00f6re otomatik olarak hesaplan\u0131r ve ziyaret\u00e7ileriniz i\u00e7in y\u00fcksek, eri\u015filebilir bir renk kontrast\u0131 sa\u011flar.     <\/p>\n","protected":false},"excerpt":{"rendered":"<p>2020 i\u00e7in varsay\u0131lan temam\u0131z, blok d\u00fczenleyicinin esnekli\u011finden tam olarak yararlanmak \u00fczere tasarlanm\u0131\u015ft\u0131r. Kurulu\u015flar ve i\u015fletmeler, grup ve s\u00fctun bloklar\u0131n\u0131 kullanarak sonsuz d\u00fczene sahip dinamik a\u00e7\u0131l\u0131\u015f sayfalar\u0131 olu\u015fturabilir. Merkezlenmi\u015f i\u00e7erik s\u00fctunu ve ince ayarlanm\u0131\u015f tipografi, temay\u0131 geleneksel bloglar i\u00e7in de m\u00fckemmel hale getiriyor. Eksiksiz edit\u00f6r stilleri, siz yay\u0131nlamadan \u00f6nce bile i\u00e7eri\u011finizin nas\u0131l g\u00f6r\u00fcnece\u011fi konusunda size iyi [&hellip;]<\/p>\n","protected":false},"featured_media":12720,"comment_status":"open","ping_status":"closed","template":"","meta":[],"product_brand":[],"product_cat":[1415,1416],"product_tag":[2645,2651,1575,2652,2641,2648,2647,2754,2759,2644,2642,2653,2643,2753,2750,2748,2709,2755],"class_list":{"0":"post-14434","1":"product","2":"type-product","3":"status-publish","4":"has-post-thumbnail","6":"product_cat-temalar","7":"product_cat-wordpress-tr","8":"product_tag-altbilgi-widgetlari","9":"product_tag-bir-sutun","10":"product_tag-blog-tr","11":"product_tag-blok-duzenleyici-kaliplari","12":"product_tag-blok-duzenleyici-stilleri","13":"product_tag-ceviri-hazir","14":"product_tag-disli-yorumlar","15":"product_tag-editor-stili","16":"product_tag-erisilebilirlik-hazir","17":"product_tag-one-cikan-gorseller","18":"product_tag-ozel-arka-plan","19":"product_tag-ozel-logo","20":"product_tag-ozel-menu","21":"product_tag-ozel-renkler","22":"product_tag-rtl-dil-destegi","23":"product_tag-tam-genislikte-sablon","24":"product_tag-tema-secenekleri","25":"product_tag-yapiskan-gonderi","27":"first","28":"instock","29":"downloadable","30":"virtual","31":"product-type-simple"},"_links":{"self":[{"href":"https:\/\/hexexist.com\/tr\/wp-json\/wp\/v2\/product\/14434","targetHints":{"allow":["GET"]}}],"collection":[{"href":"https:\/\/hexexist.com\/tr\/wp-json\/wp\/v2\/product"}],"about":[{"href":"https:\/\/hexexist.com\/tr\/wp-json\/wp\/v2\/types\/product"}],"replies":[{"embeddable":true,"href":"https:\/\/hexexist.com\/tr\/wp-json\/wp\/v2\/comments?post=14434"}],"wp:featuredmedia":[{"embeddable":true,"href":"https:\/\/hexexist.com\/tr\/wp-json\/wp\/v2\/media\/12720"}],"wp:attachment":[{"href":"https:\/\/hexexist.com\/tr\/wp-json\/wp\/v2\/media?parent=14434"}],"wp:term":[{"taxonomy":"product_brand","embeddable":true,"href":"https:\/\/hexexist.com\/tr\/wp-json\/wp\/v2\/product_brand?post=14434"},{"taxonomy":"product_cat","embeddable":true,"href":"https:\/\/hexexist.com\/tr\/wp-json\/wp\/v2\/product_cat?post=14434"},{"taxonomy":"product_tag","embeddable":true,"href":"https:\/\/hexexist.com\/tr\/wp-json\/wp\/v2\/product_tag?post=14434"}],"curies":[{"name":"wp","href":"https:\/\/api.w.org\/{rel}","templated":true}]}}