{"id":14437,"date":"2025-10-08T14:07:19","date_gmt":"2025-10-08T14:07:19","guid":{"rendered":"http:\/\/hexexist.com\/product\/yirmi-on-yedi\/"},"modified":"2025-10-14T19:27:23","modified_gmt":"2025-10-14T19:27:23","slug":"yirmi-on-yedi","status":"publish","type":"product","link":"https:\/\/hexexist.com\/tr\/urun\/yirmi-on-yedi\/","title":{"rendered":"Yirmi On Yedi"},"content":{"rendered":"\n<p>Twenty Seventeen, ba\u015fl\u0131k videosu ve etkileyici \u00f6ne \u00e7\u0131kan g\u00f6rsellerle sitenize hayat verir. \u0130\u015f sitelerine odaklanan Twenty Seventeen, \u00f6n sayfada birden fazla b\u00f6l\u00fcm\u00fcn yan\u0131 s\u0131ra widget&#8217;lar, navigasyon ve sosyal men\u00fcler, bir logo ve daha fazlas\u0131n\u0131 sunar. Asimetrik \u0131zgaras\u0131n\u0131 \u00f6zel bir renk \u015femas\u0131yla ki\u015fiselle\u015ftirin ve multimedya i\u00e7eri\u011finizi g\u00f6nderi bi\u00e7imleriyle sergileyin. 2017 i\u00e7in varsay\u0131lan temam\u0131z bir\u00e7ok dilde, her t\u00fcrl\u00fc yetenek i\u00e7in ve her cihazda harika \u00e7al\u0131\u015f\u0131r.   <\/p>\n","protected":false},"excerpt":{"rendered":"<p>Twenty Seventeen, ba\u015fl\u0131k videosu ve etkileyici \u00f6ne \u00e7\u0131kan g\u00f6rsellerle sitenize hayat verir. \u0130\u015f sitelerine odaklanan Twenty Seventeen, \u00f6n sayfada birden fazla b\u00f6l\u00fcm\u00fcn yan\u0131 s\u0131ra widget&#8217;lar, navigasyon ve sosyal men\u00fcler, bir logo ve daha fazlas\u0131n\u0131 sunar. Asimetrik \u0131zgaras\u0131n\u0131 \u00f6zel bir renk \u015femas\u0131yla ki\u015fiselle\u015ftirin ve multimedya i\u00e7eri\u011finizi g\u00f6nderi bi\u00e7imleriyle sergileyin. 2017 i\u00e7in varsay\u0131lan temam\u0131z bir\u00e7ok dilde, her [&hellip;]<\/p>\n","protected":false},"featured_media":12721,"comment_status":"open","ping_status":"closed","template":"","meta":[],"product_brand":[],"product_cat":[1415,1416],"product_tag":[2645,2651,2652,2648,2647,2754,2759,2756,2644,2758,2653,2643,2753,2749,2750,2646,2709,2755],"class_list":{"0":"post-14437","1":"product","2":"type-product","3":"status-publish","4":"has-post-thumbnail","6":"product_cat-temalar","7":"product_cat-wordpress-tr","8":"product_tag-altbilgi-widgetlari","9":"product_tag-bir-sutun","10":"product_tag-blok-duzenleyici-kaliplari","11":"product_tag-ceviri-hazir","12":"product_tag-disli-yorumlar","13":"product_tag-editor-stili","14":"product_tag-erisilebilirlik-hazir","15":"product_tag-esnek-baslik","16":"product_tag-one-cikan-gorseller","17":"product_tag-ozel-baslik","18":"product_tag-ozel-logo","19":"product_tag-ozel-menu","20":"product_tag-ozel-renkler","21":"product_tag-post-formatlari","22":"product_tag-rtl-dil-destegi","23":"product_tag-sag-kenar-cubugu","24":"product_tag-tema-secenekleri","25":"product_tag-yapiskan-gonderi","27":"first","28":"instock","29":"downloadable","30":"virtual","31":"product-type-simple"},"_links":{"self":[{"href":"https:\/\/hexexist.com\/tr\/wp-json\/wp\/v2\/product\/14437","targetHints":{"allow":["GET"]}}],"collection":[{"href":"https:\/\/hexexist.com\/tr\/wp-json\/wp\/v2\/product"}],"about":[{"href":"https:\/\/hexexist.com\/tr\/wp-json\/wp\/v2\/types\/product"}],"replies":[{"embeddable":true,"href":"https:\/\/hexexist.com\/tr\/wp-json\/wp\/v2\/comments?post=14437"}],"wp:featuredmedia":[{"embeddable":true,"href":"https:\/\/hexexist.com\/tr\/wp-json\/wp\/v2\/media\/12721"}],"wp:attachment":[{"href":"https:\/\/hexexist.com\/tr\/wp-json\/wp\/v2\/media?parent=14437"}],"wp:term":[{"taxonomy":"product_brand","embeddable":true,"href":"https:\/\/hexexist.com\/tr\/wp-json\/wp\/v2\/product_brand?post=14437"},{"taxonomy":"product_cat","embeddable":true,"href":"https:\/\/hexexist.com\/tr\/wp-json\/wp\/v2\/product_cat?post=14437"},{"taxonomy":"product_tag","embeddable":true,"href":"https:\/\/hexexist.com\/tr\/wp-json\/wp\/v2\/product_tag?post=14437"}],"curies":[{"name":"wp","href":"https:\/\/api.w.org\/{rel}","templated":true}]}}