{"id":14438,"date":"2025-10-08T14:07:20","date_gmt":"2025-10-08T14:07:20","guid":{"rendered":"http:\/\/hexexist.com\/product\/neve\/"},"modified":"2025-10-14T19:27:24","modified_gmt":"2025-10-14T19:27:24","slug":"neve","status":"publish","type":"product","link":"https:\/\/hexexist.com\/tr\/urun\/neve\/","title":{"rendered":"Neve"},"content":{"rendered":"\n<p>Neve, en iyi performans, SEO ve Core Web Vitals i\u00e7in tasarlanm\u0131\u015f yeni nesil, ultra h\u0131zl\u0131 bir WordPress temas\u0131d\u0131r. Hafif kod taban\u0131 ve k\u00fc\u00e7\u00fck boyutu, minimum ek y\u00fck ve y\u0131ld\u0131r\u0131m h\u0131z\u0131nda y\u00fckleme s\u00fcreleri sa\u011flar. Blok edit\u00f6r\u00fc, pop\u00fcler sayfa olu\u015fturucular (Elementor, Bricks, Oxygen vb.) ve WooCommerce ile tamamen uyumlu olan tema bloglar, k\u00fc\u00e7\u00fck i\u015fletmeler, ajanslar, portf\u00f6yler ve \u00e7evrimi\u00e7i ma\u011fazalar i\u00e7in m\u00fckemmeldir. Duyarl\u0131 tasar\u0131m, \u00e7ok dilli \u00e7eviriler ve kolay \u00f6zelle\u015ftirme se\u00e7enekleri ile Neve, gelece\u011fe d\u00f6n\u00fck, \u00fcst d\u00fczey bir \u00e7evrimi\u00e7i varl\u0131k olu\u015fturman\u0131z\u0131 sa\u011flar. Neve&#8217;in sundu\u011fu her \u015feyi ke\u015ffedin ve https:\/\/themeisle.com\/themes\/neve\/ adresindeki g\u00fc\u00e7l\u00fc premium s\u00fcr\u00fcm\u00fcm\u00fcz\u00fc ke\u015ffedin.    <\/p>\n","protected":false},"excerpt":{"rendered":"<p>Neve, en iyi performans, SEO ve Core Web Vitals i\u00e7in tasarlanm\u0131\u015f yeni nesil, ultra h\u0131zl\u0131 bir WordPress temas\u0131d\u0131r. Hafif kod taban\u0131 ve k\u00fc\u00e7\u00fck boyutu, minimum ek y\u00fck ve y\u0131ld\u0131r\u0131m h\u0131z\u0131nda y\u00fckleme s\u00fcreleri sa\u011flar. Blok edit\u00f6r\u00fc, pop\u00fcler sayfa olu\u015fturucular (Elementor, Bricks, Oxygen vb.) ve WooCommerce ile tamamen uyumlu olan tema bloglar, k\u00fc\u00e7\u00fck i\u015fletmeler, ajanslar, portf\u00f6yler ve [&hellip;]<\/p>\n","protected":false},"featured_media":12722,"comment_status":"open","ping_status":"closed","template":"","meta":[],"product_brand":[],"product_cat":[1415,1416],"product_tag":[2645,2651,1575,2641,2648,2647,2747,2759,2756,2649,2761,2760,2644,2642,2758,2653,2643,2753,1702,2750,2646,2650,2748,2709,2755],"class_list":{"0":"post-14438","1":"product","2":"type-product","3":"status-publish","4":"has-post-thumbnail","6":"product_cat-temalar","7":"product_cat-wordpress-tr","8":"product_tag-altbilgi-widgetlari","9":"product_tag-bir-sutun","10":"product_tag-blog-tr","11":"product_tag-blok-duzenleyici-stilleri","12":"product_tag-ceviri-hazir","13":"product_tag-disli-yorumlar","14":"product_tag-e-ticaret-tr","15":"product_tag-erisilebilirlik-hazir","16":"product_tag-esnek-baslik","17":"product_tag-iki-sutun","18":"product_tag-izgara-duzeni","19":"product_tag-one-cikan-gorsel-basligi","20":"product_tag-one-cikan-gorseller","21":"product_tag-ozel-arka-plan","22":"product_tag-ozel-baslik","23":"product_tag-ozel-logo","24":"product_tag-ozel-menu","25":"product_tag-ozel-renkler","26":"product_tag-portfoy","27":"product_tag-rtl-dil-destegi","28":"product_tag-sag-kenar-cubugu","29":"product_tag-sol-kenar-cubugu","30":"product_tag-tam-genislikte-sablon","31":"product_tag-tema-secenekleri","32":"product_tag-yapiskan-gonderi","34":"first","35":"instock","36":"downloadable","37":"virtual","38":"product-type-simple"},"_links":{"self":[{"href":"https:\/\/hexexist.com\/tr\/wp-json\/wp\/v2\/product\/14438","targetHints":{"allow":["GET"]}}],"collection":[{"href":"https:\/\/hexexist.com\/tr\/wp-json\/wp\/v2\/product"}],"about":[{"href":"https:\/\/hexexist.com\/tr\/wp-json\/wp\/v2\/types\/product"}],"replies":[{"embeddable":true,"href":"https:\/\/hexexist.com\/tr\/wp-json\/wp\/v2\/comments?post=14438"}],"wp:featuredmedia":[{"embeddable":true,"href":"https:\/\/hexexist.com\/tr\/wp-json\/wp\/v2\/media\/12722"}],"wp:attachment":[{"href":"https:\/\/hexexist.com\/tr\/wp-json\/wp\/v2\/media?parent=14438"}],"wp:term":[{"taxonomy":"product_brand","embeddable":true,"href":"https:\/\/hexexist.com\/tr\/wp-json\/wp\/v2\/product_brand?post=14438"},{"taxonomy":"product_cat","embeddable":true,"href":"https:\/\/hexexist.com\/tr\/wp-json\/wp\/v2\/product_cat?post=14438"},{"taxonomy":"product_tag","embeddable":true,"href":"https:\/\/hexexist.com\/tr\/wp-json\/wp\/v2\/product_tag?post=14438"}],"curies":[{"name":"wp","href":"https:\/\/api.w.org\/{rel}","templated":true}]}}