{"id":14439,"date":"2025-10-08T14:07:21","date_gmt":"2025-10-08T14:07:21","guid":{"rendered":"http:\/\/hexexist.com\/product\/blocksy\/"},"modified":"2026-03-05T07:45:12","modified_gmt":"2026-03-05T07:45:12","slug":"blocksy","status":"publish","type":"product","link":"https:\/\/hexexist.com\/tr\/urun\/blocksy\/","title":{"rendered":"Blocksy"},"content":{"rendered":"\n<p>Blocksy, en son web teknolojileri ile olu\u015fturulmu\u015f son derece h\u0131zl\u0131 ve hafif bir WordPress temas\u0131d\u0131r. Gutenberg edit\u00f6r\u00fc g\u00f6z \u00f6n\u00fcnde bulundurularak in\u015fa edilmi\u015ftir ve geni\u015fletilebilir ve \u00f6zelle\u015ftirilebilir k\u0131lan bir\u00e7ok se\u00e7ene\u011fe sahiptir. \u0130\u015f ajans\u0131, ma\u011faza, kurumsal, e\u011fitim, restoran, blog, portf\u00f6y, a\u00e7\u0131l\u0131\u015f sayfas\u0131 ve benzeri gibi her t\u00fcrl\u00fc web sitesini kolayca olu\u015fturabilirsiniz. Elementor, Beaver Builder, Visual Composer ve Brizy dahil olmak \u00fczere pop\u00fcler WordPress sayfa olu\u015fturucular\u0131 ile bir cazibe gibi \u00e7al\u0131\u015f\u0131r. Duyarl\u0131 ve uyarlanabilir, \u00e7eviriye haz\u0131r, SEO optimizasyonlu ve yerle\u015fik WooCommerce&#8217;e sahip oldu\u011fundan, kolay bir yap\u0131 ve hatta d\u00f6n\u00fc\u015f\u00fcmlerde bir art\u0131\u015f ya\u015fayacaks\u0131n\u0131z.    <\/p>\n","protected":false},"excerpt":{"rendered":"<p>Blocksy, en son web teknolojileri ile olu\u015fturulmu\u015f son derece h\u0131zl\u0131 ve hafif bir WordPress temas\u0131d\u0131r. Gutenberg edit\u00f6r\u00fc g\u00f6z \u00f6n\u00fcnde bulundurularak in\u015fa edilmi\u015ftir ve geni\u015fletilebilir ve \u00f6zelle\u015ftirilebilir k\u0131lan bir\u00e7ok se\u00e7ene\u011fe sahiptir. \u0130\u015f ajans\u0131, ma\u011faza, kurumsal, e\u011fitim, restoran, blog, portf\u00f6y, a\u00e7\u0131l\u0131\u015f sayfas\u0131 ve benzeri gibi her t\u00fcrl\u00fc web sitesini kolayca olu\u015fturabilirsiniz. Elementor, Beaver Builder, Visual Composer ve [&hellip;]<\/p>\n","protected":false},"featured_media":12724,"comment_status":"open","ping_status":"closed","template":"","meta":[],"product_brand":[],"product_cat":[1415,1416],"product_tag":[2645,2651,1575,2641,2769,2648,2647,2765,2747,2110,2649,2761,2644,2653,2643,2753,2750,2646,2650,2748,2709,2764],"class_list":{"0":"post-14439","1":"product","2":"type-product","3":"status-publish","4":"has-post-thumbnail","6":"product_cat-temalar","7":"product_cat-wordpress-tr","8":"product_tag-altbilgi-widgetlari","9":"product_tag-bir-sutun","10":"product_tag-blog-tr","11":"product_tag-blok-duzenleyici-stilleri","12":"product_tag-buddypress-tr","13":"product_tag-ceviri-hazir","14":"product_tag-disli-yorumlar","15":"product_tag-dort-sutun","16":"product_tag-e-ticaret-tr","17":"product_tag-haberler","18":"product_tag-iki-sutun","19":"product_tag-izgara-duzeni","20":"product_tag-one-cikan-gorseller","21":"product_tag-ozel-logo","22":"product_tag-ozel-menu","23":"product_tag-ozel-renkler","24":"product_tag-rtl-dil-destegi","25":"product_tag-sag-kenar-cubugu","26":"product_tag-sol-kenar-cubugu","27":"product_tag-tam-genislikte-sablon","28":"product_tag-tema-secenekleri","29":"product_tag-uc-sutun","31":"first","32":"instock","33":"downloadable","34":"virtual","35":"product-type-simple"},"_links":{"self":[{"href":"https:\/\/hexexist.com\/tr\/wp-json\/wp\/v2\/product\/14439","targetHints":{"allow":["GET"]}}],"collection":[{"href":"https:\/\/hexexist.com\/tr\/wp-json\/wp\/v2\/product"}],"about":[{"href":"https:\/\/hexexist.com\/tr\/wp-json\/wp\/v2\/types\/product"}],"replies":[{"embeddable":true,"href":"https:\/\/hexexist.com\/tr\/wp-json\/wp\/v2\/comments?post=14439"}],"wp:featuredmedia":[{"embeddable":true,"href":"https:\/\/hexexist.com\/tr\/wp-json\/wp\/v2\/media\/12724"}],"wp:attachment":[{"href":"https:\/\/hexexist.com\/tr\/wp-json\/wp\/v2\/media?parent=14439"}],"wp:term":[{"taxonomy":"product_brand","embeddable":true,"href":"https:\/\/hexexist.com\/tr\/wp-json\/wp\/v2\/product_brand?post=14439"},{"taxonomy":"product_cat","embeddable":true,"href":"https:\/\/hexexist.com\/tr\/wp-json\/wp\/v2\/product_cat?post=14439"},{"taxonomy":"product_tag","embeddable":true,"href":"https:\/\/hexexist.com\/tr\/wp-json\/wp\/v2\/product_tag?post=14439"}],"curies":[{"name":"wp","href":"https:\/\/api.w.org\/{rel}","templated":true}]}}