{"id":14440,"date":"2025-10-08T14:07:21","date_gmt":"2025-10-08T14:07:21","guid":{"rendered":"http:\/\/hexexist.com\/product\/uzatilabilir\/"},"modified":"2025-10-14T19:27:24","modified_gmt":"2025-10-14T19:27:24","slug":"uzatilabilir","status":"publish","type":"product","link":"https:\/\/hexexist.com\/tr\/urun\/uzatilabilir\/","title":{"rendered":"Uzat\u0131labilir"},"content":{"rendered":"\n<p>Extendable, bir sonraki \u00e7evrimi\u00e7i giri\u015fiminiz i\u00e7in bir tuval olarak tasarlanm\u0131\u015f farkl\u0131, dinamik bir blok temas\u0131d\u0131r. Birden fazla stil varyasyonuna sahip olan Extendable, \u015fimdiye kadarki en etkileyici blok temas\u0131d\u0131r. Tek bir t\u0131klamayla taze, cesur, bohem veya minimal olun.  <\/p>\n","protected":false},"excerpt":{"rendered":"<p>Extendable, bir sonraki \u00e7evrimi\u00e7i giri\u015fiminiz i\u00e7in bir tuval olarak tasarlanm\u0131\u015f farkl\u0131, dinamik bir blok temas\u0131d\u0131r. Birden fazla stil varyasyonuna sahip olan Extendable, \u015fimdiye kadarki en etkileyici blok temas\u0131d\u0131r. Tek bir t\u0131klamayla taze, cesur, bohem veya minimal olun.<\/p>\n","protected":false},"featured_media":12723,"comment_status":"open","ping_status":"closed","template":"","meta":[],"product_brand":[],"product_cat":[1415,1416],"product_tag":[2651,2652,2654,2747,2754,2644,2653,2643,2753,2750,2755],"class_list":{"0":"post-14440","1":"product","2":"type-product","3":"status-publish","4":"has-post-thumbnail","6":"product_cat-temalar","7":"product_cat-wordpress-tr","8":"product_tag-bir-sutun","9":"product_tag-blok-duzenleyici-kaliplari","10":"product_tag-blok-temalari","11":"product_tag-e-ticaret-tr","12":"product_tag-editor-stili","13":"product_tag-one-cikan-gorseller","14":"product_tag-ozel-logo","15":"product_tag-ozel-menu","16":"product_tag-ozel-renkler","17":"product_tag-rtl-dil-destegi","18":"product_tag-yapiskan-gonderi","20":"first","21":"instock","22":"downloadable","23":"virtual","24":"product-type-simple"},"_links":{"self":[{"href":"https:\/\/hexexist.com\/tr\/wp-json\/wp\/v2\/product\/14440","targetHints":{"allow":["GET"]}}],"collection":[{"href":"https:\/\/hexexist.com\/tr\/wp-json\/wp\/v2\/product"}],"about":[{"href":"https:\/\/hexexist.com\/tr\/wp-json\/wp\/v2\/types\/product"}],"replies":[{"embeddable":true,"href":"https:\/\/hexexist.com\/tr\/wp-json\/wp\/v2\/comments?post=14440"}],"wp:featuredmedia":[{"embeddable":true,"href":"https:\/\/hexexist.com\/tr\/wp-json\/wp\/v2\/media\/12723"}],"wp:attachment":[{"href":"https:\/\/hexexist.com\/tr\/wp-json\/wp\/v2\/media?parent=14440"}],"wp:term":[{"taxonomy":"product_brand","embeddable":true,"href":"https:\/\/hexexist.com\/tr\/wp-json\/wp\/v2\/product_brand?post=14440"},{"taxonomy":"product_cat","embeddable":true,"href":"https:\/\/hexexist.com\/tr\/wp-json\/wp\/v2\/product_cat?post=14440"},{"taxonomy":"product_tag","embeddable":true,"href":"https:\/\/hexexist.com\/tr\/wp-json\/wp\/v2\/product_tag?post=14440"}],"curies":[{"name":"wp","href":"https:\/\/api.w.org\/{rel}","templated":true}]}}